{"id":447,"date":"2024-11-22T21:28:43","date_gmt":"2024-11-22T21:28:43","guid":{"rendered":"https:\/\/multi.snelprint.be\/product\/tlz12d-plus\/"},"modified":"2025-05-14T20:23:34","modified_gmt":"2025-05-14T20:23:34","slug":"tlz12d-plus","status":"publish","type":"product","link":"https:\/\/multi.snelprint.be\/fr\/product\/tlz12d-plus\/","title":{"rendered":"TLZ12D-PLUS"},"content":{"rendered":"<p>Contr\u00f4leur d&rsquo;\u00e9clairage automatique de cage d&rsquo;escalier TLZ12D-plus \u00e0 r\u00e9glage num\u00e9rique<\/p>\n","protected":false},"excerpt":{"rendered":"<p>Contr\u00f4leur d&rsquo;\u00e9clairage automatique de cage d&rsquo;escalier TLZ12D-plus \u00e0 r\u00e9glage num\u00e9rique<\/p>\n<ul>\n<li>1 Le contact NO n&rsquo;est pas sans potentiel.<\/li>\n<li>Appareil modulaire pour montage sur rail Din.<\/li>\n<\/ul>\n<p><a href=\"http:\/\/www.eltako.com\/fileadmin\/downloads\/vl\/Technische_fiches\/Technische_fiche_TLZ12D-plus.pdf\" target=\"_blank\" rel=\"noopener noreferrer\">Fiche technique TLZ12D-plus<\/a><\/p>\n","protected":false},"featured_media":309,"comment_status":"closed","ping_status":"closed","template":"","meta":[],"product_brand":[116],"product_cat":[68],"product_tag":[64,65],"class_list":{"0":"post-447","1":"product","2":"type-product","3":"status-publish","4":"has-post-thumbnail","6":"product_brand-eltako","7":"product_cat-minuteries-descalier","8":"product_tag-eltako-fr","9":"product_tag-relais-fr","11":"first","12":"instock","13":"taxable","14":"shipping-taxable","15":"purchasable","16":"product-type-simple"},"_links":{"self":[{"href":"https:\/\/multi.snelprint.be\/fr\/wp-json\/wp\/v2\/product\/447","targetHints":{"allow":["GET"]}}],"collection":[{"href":"https:\/\/multi.snelprint.be\/fr\/wp-json\/wp\/v2\/product"}],"about":[{"href":"https:\/\/multi.snelprint.be\/fr\/wp-json\/wp\/v2\/types\/product"}],"replies":[{"embeddable":true,"href":"https:\/\/multi.snelprint.be\/fr\/wp-json\/wp\/v2\/comments?post=447"}],"wp:featuredmedia":[{"embeddable":true,"href":"https:\/\/multi.snelprint.be\/fr\/wp-json\/wp\/v2\/media\/309"}],"wp:attachment":[{"href":"https:\/\/multi.snelprint.be\/fr\/wp-json\/wp\/v2\/media?parent=447"}],"wp:term":[{"taxonomy":"product_brand","embeddable":true,"href":"https:\/\/multi.snelprint.be\/fr\/wp-json\/wp\/v2\/product_brand?post=447"},{"taxonomy":"product_cat","embeddable":true,"href":"https:\/\/multi.snelprint.be\/fr\/wp-json\/wp\/v2\/product_cat?post=447"},{"taxonomy":"product_tag","embeddable":true,"href":"https:\/\/multi.snelprint.be\/fr\/wp-json\/wp\/v2\/product_tag?post=447"}],"curies":[{"name":"wp","href":"https:\/\/api.w.org\/{rel}","templated":true}]}}