{"id":446,"date":"2024-11-22T21:28:45","date_gmt":"2024-11-22T21:28:45","guid":{"rendered":"https:\/\/multi.snelprint.be\/product\/ftke-rw\/"},"modified":"2025-05-14T20:22:09","modified_gmt":"2025-05-14T20:22:09","slug":"ftke-rw","status":"publish","type":"product","link":"https:\/\/multi.snelprint.be\/fr\/product\/ftke-rw\/","title":{"rendered":"FTKE-rw"},"content":{"rendered":"<p>FTKE &#8211; Contact sans fil fen\u00eatre-porte avec g\u00e9n\u00e9rateur d&rsquo;\u00e9nergie &#8211; Eltako<\/p>\n","protected":false},"excerpt":{"rendered":"<p>FTKE-rw Contact sans fil fen\u00eatre-porte avec g\u00e9n\u00e9rateur d&rsquo;\u00e9nergie<\/p>\n<ul>\n<li>48x32x11.5mm, blanc pur. Egalement pour la surveillance des tiroirs et autres \u00e9quipements mobiles.<\/li>\n<li>Il g\u00e9n\u00e8re lui-m\u00eame l&rsquo;\u00e9nergie n\u00e9cessaire \u00e0 l&rsquo;envoi d&rsquo;un t\u00e9l\u00e9gramme par simple pression d&rsquo;un levier, sans piles, sans lignes de connexion et sans perte en cas de veille.<\/li>\n<li>Fixation par collage, vissage ou \u00e0 l&rsquo;aide d&rsquo;\u00e9querres de montage BW3.<\/li>\n<li>Capteur pour maison intelligente.<\/li>\n<\/ul>\n<p><a href=\"https:\/\/www.eltako.com\/fileadmin\/downloads\/vl\/katalog\/Eltako-Wireless_flaem.pdf\">Fiche technique FTKE<\/a><\/p>\n","protected":false},"featured_media":322,"comment_status":"closed","ping_status":"closed","template":"","meta":[],"product_brand":[116],"product_cat":[75],"product_tag":[64,76],"class_list":{"0":"post-446","1":"product","2":"type-product","3":"status-publish","4":"has-post-thumbnail","6":"product_brand-eltako","7":"product_cat-sans-fil","8":"product_tag-eltako-fr","9":"product_tag-sans-fil","11":"first","12":"instock","13":"taxable","14":"shipping-taxable","15":"purchasable","16":"product-type-simple"},"_links":{"self":[{"href":"https:\/\/multi.snelprint.be\/fr\/wp-json\/wp\/v2\/product\/446","targetHints":{"allow":["GET"]}}],"collection":[{"href":"https:\/\/multi.snelprint.be\/fr\/wp-json\/wp\/v2\/product"}],"about":[{"href":"https:\/\/multi.snelprint.be\/fr\/wp-json\/wp\/v2\/types\/product"}],"replies":[{"embeddable":true,"href":"https:\/\/multi.snelprint.be\/fr\/wp-json\/wp\/v2\/comments?post=446"}],"wp:featuredmedia":[{"embeddable":true,"href":"https:\/\/multi.snelprint.be\/fr\/wp-json\/wp\/v2\/media\/322"}],"wp:attachment":[{"href":"https:\/\/multi.snelprint.be\/fr\/wp-json\/wp\/v2\/media?parent=446"}],"wp:term":[{"taxonomy":"product_brand","embeddable":true,"href":"https:\/\/multi.snelprint.be\/fr\/wp-json\/wp\/v2\/product_brand?post=446"},{"taxonomy":"product_cat","embeddable":true,"href":"https:\/\/multi.snelprint.be\/fr\/wp-json\/wp\/v2\/product_cat?post=446"},{"taxonomy":"product_tag","embeddable":true,"href":"https:\/\/multi.snelprint.be\/fr\/wp-json\/wp\/v2\/product_tag?post=446"}],"curies":[{"name":"wp","href":"https:\/\/api.w.org\/{rel}","templated":true}]}}