{"id":442,"date":"2024-11-22T21:28:44","date_gmt":"2024-11-22T21:28:44","guid":{"rendered":"https:\/\/multi.snelprint.be\/product\/fmh2-ws\/"},"modified":"2025-05-14T20:22:37","modified_gmt":"2025-05-14T20:22:37","slug":"fmh2-ws","status":"publish","type":"product","link":"https:\/\/multi.snelprint.be\/fr\/product\/fmh2-ws\/","title":{"rendered":"FMH2-ws"},"content":{"rendered":"<p>Mini \u00e9metteur \u00e0 main sans fil FMH2<\/p>\n","protected":false},"excerpt":{"rendered":"<p>Mini \u00e9metteur \u00e0 main sans fil FMH2 &#8211; Eltako<\/p>\n<ul>\n<li>Mini \u00e9metteur portatif sans fil \u00e0 2 canaux, 43&#215;43 mm, 16 mm d&rsquo;\u00e9paisseur.<\/li>\n<li>Seulement 30 grammes.<\/li>\n<li>G\u00e9n\u00e8re sa propre \u00e9nergie pour envoyer des t\u00e9l\u00e9grammes de transmission en appuyant sur le bouton, et fonctionne donc sans piles.<\/li>\n<li>Capteur pour maison intelligente<\/li>\n<li>couleur blanc<\/li>\n<\/ul>\n<p><a href=\"https:\/\/www.eltako.com\/fileadmin\/downloads\/vl\/Technische_fiches\/Technische_fiche_wireless_FMH2.pdf\">Fiche technique FMH2-ws<\/a><\/p>\n","protected":false},"featured_media":315,"comment_status":"closed","ping_status":"closed","template":"","meta":[],"product_brand":[116],"product_cat":[75],"product_tag":[64,76],"class_list":{"0":"post-442","1":"product","2":"type-product","3":"status-publish","4":"has-post-thumbnail","6":"product_brand-eltako","7":"product_cat-sans-fil","8":"product_tag-eltako-fr","9":"product_tag-sans-fil","11":"first","12":"instock","13":"taxable","14":"shipping-taxable","15":"purchasable","16":"product-type-simple"},"_links":{"self":[{"href":"https:\/\/multi.snelprint.be\/fr\/wp-json\/wp\/v2\/product\/442","targetHints":{"allow":["GET"]}}],"collection":[{"href":"https:\/\/multi.snelprint.be\/fr\/wp-json\/wp\/v2\/product"}],"about":[{"href":"https:\/\/multi.snelprint.be\/fr\/wp-json\/wp\/v2\/types\/product"}],"replies":[{"embeddable":true,"href":"https:\/\/multi.snelprint.be\/fr\/wp-json\/wp\/v2\/comments?post=442"}],"wp:featuredmedia":[{"embeddable":true,"href":"https:\/\/multi.snelprint.be\/fr\/wp-json\/wp\/v2\/media\/315"}],"wp:attachment":[{"href":"https:\/\/multi.snelprint.be\/fr\/wp-json\/wp\/v2\/media?parent=442"}],"wp:term":[{"taxonomy":"product_brand","embeddable":true,"href":"https:\/\/multi.snelprint.be\/fr\/wp-json\/wp\/v2\/product_brand?post=442"},{"taxonomy":"product_cat","embeddable":true,"href":"https:\/\/multi.snelprint.be\/fr\/wp-json\/wp\/v2\/product_cat?post=442"},{"taxonomy":"product_tag","embeddable":true,"href":"https:\/\/multi.snelprint.be\/fr\/wp-json\/wp\/v2\/product_tag?post=442"}],"curies":[{"name":"wp","href":"https:\/\/api.w.org\/{rel}","templated":true}]}}