{"id":441,"date":"2024-11-22T21:28:43","date_gmt":"2024-11-22T21:28:43","guid":{"rendered":"https:\/\/multi.snelprint.be\/product\/ls-capteur-de-lumiere\/"},"modified":"2025-05-14T20:23:05","modified_gmt":"2025-05-14T20:23:05","slug":"ls-capteur-de-lumiere","status":"publish","type":"product","link":"https:\/\/multi.snelprint.be\/fr\/product\/ls-capteur-de-lumiere\/","title":{"rendered":"LS &#8211; Capteur de lumi\u00e8re"},"content":{"rendered":"<p>Capteur de lumi\u00e8re LS &#8211; Eltako<\/p>\n","protected":false},"excerpt":{"rendered":"<p>Capteur de lumi\u00e8re LS<\/p>\n<ul>\n<li>Gr\u00e2ce \u00e0 une r\u00e9sistance sensible \u00e0 la lumi\u00e8re, le capteur de lumi\u00e8re LS modifie une tension en fonction de l&rsquo;intensit\u00e9 de la lumi\u00e8re.<\/li>\n<li>Cette tension est trait\u00e9e dans un relais de capteur connect\u00e9 <a href=\"https:\/\/www.mijn-elektro.be\/product\/lrw12d-uc-eltako\">LRW12D<\/a>.<\/li>\n<li>Bo\u00eetier en plastique robuste, lxwxh = 38x28x95mm. Indice de protection IP54.<\/li>\n<li>Diam\u00e8tre maximal du c\u00e2ble de connexion : 5 mm. Fourni sans c\u00e2ble de connexion.<\/li>\n<\/ul>\n<p><a href=\"https:\/\/www.eltako.com\/fileadmin\/downloads\/vl\/Technische_fiches\/Technische_fiche_WS.pdf\">Fiche technique<\/a><\/p>\n","protected":false},"featured_media":312,"comment_status":"closed","ping_status":"closed","template":"","meta":[],"product_brand":[116],"product_cat":[88],"product_tag":[92,64],"class_list":{"0":"post-441","1":"product","2":"type-product","3":"status-publish","4":"has-post-thumbnail","6":"product_brand-eltako","7":"product_cat-capteurs","8":"product_tag-capteur","9":"product_tag-eltako-fr","11":"first","12":"instock","13":"taxable","14":"shipping-taxable","15":"purchasable","16":"product-type-simple"},"_links":{"self":[{"href":"https:\/\/multi.snelprint.be\/fr\/wp-json\/wp\/v2\/product\/441","targetHints":{"allow":["GET"]}}],"collection":[{"href":"https:\/\/multi.snelprint.be\/fr\/wp-json\/wp\/v2\/product"}],"about":[{"href":"https:\/\/multi.snelprint.be\/fr\/wp-json\/wp\/v2\/types\/product"}],"replies":[{"embeddable":true,"href":"https:\/\/multi.snelprint.be\/fr\/wp-json\/wp\/v2\/comments?post=441"}],"wp:featuredmedia":[{"embeddable":true,"href":"https:\/\/multi.snelprint.be\/fr\/wp-json\/wp\/v2\/media\/312"}],"wp:attachment":[{"href":"https:\/\/multi.snelprint.be\/fr\/wp-json\/wp\/v2\/media?parent=441"}],"wp:term":[{"taxonomy":"product_brand","embeddable":true,"href":"https:\/\/multi.snelprint.be\/fr\/wp-json\/wp\/v2\/product_brand?post=441"},{"taxonomy":"product_cat","embeddable":true,"href":"https:\/\/multi.snelprint.be\/fr\/wp-json\/wp\/v2\/product_cat?post=441"},{"taxonomy":"product_tag","embeddable":true,"href":"https:\/\/multi.snelprint.be\/fr\/wp-json\/wp\/v2\/product_tag?post=441"}],"curies":[{"name":"wp","href":"https:\/\/api.w.org\/{rel}","templated":true}]}}