{"id":439,"date":"2024-11-22T21:28:43","date_gmt":"2024-11-22T21:28:43","guid":{"rendered":"https:\/\/multi.snelprint.be\/product\/rs-detecteur-de-pluie\/"},"modified":"2025-05-14T20:22:55","modified_gmt":"2025-05-14T20:22:55","slug":"rs-detecteur-de-pluie","status":"publish","type":"product","link":"https:\/\/multi.snelprint.be\/fr\/product\/rs-detecteur-de-pluie\/","title":{"rendered":"RS &#8211; D\u00e9tecteur de pluie"},"content":{"rendered":"<p>D\u00e9tecteur de pluie RS &#8211; Eltako<\/p>\n","protected":false},"excerpt":{"rendered":"<p>D\u00e9tecteur de pluie RS<\/p>\n<ul>\n<li>Le capteur de pluie RS signale la pluie au relais de capteur <a href=\"https:\/\/www.mijn-elektro.be\/product\/lrw12d-uc-eltako\">LRW12D<\/a> connect\u00e9.<\/li>\n<li>Pour la connexion entre le capteur de pluie et le relais du capteur, vous pouvez utiliser un c\u00e2ble t\u00e9l\u00e9phonique J-Y(ST)Y 2x2x0,8 ou un c\u00e2ble \u00e9quivalent. La distance maximale entre les deux est de 100 m\u00e8tres.<\/li>\n<li>Bo\u00eetier plastique compact : longueur 118 mm, largeur 96 mm et profondeur 77 mm.<\/li>\n<li>Cat\u00e9gorie de protection IP44, temp\u00e9rature ambiante de -30 \u00baC \u00e0 +50 \u00baC.<\/li>\n<li>Pour l&rsquo;alimentation \u00e9lectrique, y compris le chauffage du capteur de pluie (1,2 W), vous pouvez utiliser l&rsquo;alimentation SNT61-230V\/24V DC ou <a href=\"https:\/\/www.mijn-elektro.be\/product-category\/voedingen\">SNT12-230V\/24V DC<\/a>.<\/li>\n<li>Une LED devient verte lorsque l&rsquo;alimentation est connect\u00e9e et jaune lorsqu&rsquo;il pleut.<\/li>\n<\/ul>\n<p><a href=\"https:\/\/www.eltako.com\/fileadmin\/downloads\/vl\/Technische_fiches\/Technische_fiche_RS.pdf\">Fiche technique<\/a><\/p>\n","protected":false},"featured_media":313,"comment_status":"closed","ping_status":"closed","template":"","meta":[],"product_brand":[116],"product_cat":[88],"product_tag":[92,64],"class_list":{"0":"post-439","1":"product","2":"type-product","3":"status-publish","4":"has-post-thumbnail","6":"product_brand-eltako","7":"product_cat-capteurs","8":"product_tag-capteur","9":"product_tag-eltako-fr","11":"first","12":"instock","13":"taxable","14":"shipping-taxable","15":"purchasable","16":"product-type-simple"},"_links":{"self":[{"href":"https:\/\/multi.snelprint.be\/fr\/wp-json\/wp\/v2\/product\/439","targetHints":{"allow":["GET"]}}],"collection":[{"href":"https:\/\/multi.snelprint.be\/fr\/wp-json\/wp\/v2\/product"}],"about":[{"href":"https:\/\/multi.snelprint.be\/fr\/wp-json\/wp\/v2\/types\/product"}],"replies":[{"embeddable":true,"href":"https:\/\/multi.snelprint.be\/fr\/wp-json\/wp\/v2\/comments?post=439"}],"wp:featuredmedia":[{"embeddable":true,"href":"https:\/\/multi.snelprint.be\/fr\/wp-json\/wp\/v2\/media\/313"}],"wp:attachment":[{"href":"https:\/\/multi.snelprint.be\/fr\/wp-json\/wp\/v2\/media?parent=439"}],"wp:term":[{"taxonomy":"product_brand","embeddable":true,"href":"https:\/\/multi.snelprint.be\/fr\/wp-json\/wp\/v2\/product_brand?post=439"},{"taxonomy":"product_cat","embeddable":true,"href":"https:\/\/multi.snelprint.be\/fr\/wp-json\/wp\/v2\/product_cat?post=439"},{"taxonomy":"product_tag","embeddable":true,"href":"https:\/\/multi.snelprint.be\/fr\/wp-json\/wp\/v2\/product_tag?post=439"}],"curies":[{"name":"wp","href":"https:\/\/api.w.org\/{rel}","templated":true}]}}