{"id":437,"date":"2024-11-22T21:28:41","date_gmt":"2024-11-22T21:28:41","guid":{"rendered":"https:\/\/multi.snelprint.be\/product\/sds12-1-10v\/"},"modified":"2025-05-14T20:24:21","modified_gmt":"2025-05-14T20:24:21","slug":"sds12-1-10v","status":"publish","type":"product","link":"https:\/\/multi.snelprint.be\/fr\/product\/sds12-1-10v\/","title":{"rendered":"SDS12\/1-10V"},"content":{"rendered":"<p>Variateur modulaire \u00e0 impulsion 1-10V pour ballast \u00e9lectronique SDS12\/1-10V<\/p>\n","protected":false},"excerpt":{"rendered":"<p>Variateur modulaire \u00e0 impulsion 1-10V pour ballast \u00e9lectronique SDS12\/1-10V<\/p>\n<ul>\n<li>Tension de commande universelle 8 \u00e0 253V AC ou 10 \u00e0 230V DC<\/li>\n<li>1 module de largeur<\/li>\n<li>Possibilit\u00e9 d&rsquo;activer\/d\u00e9sactiver la connexion de mani\u00e8re centralis\u00e9e<\/li>\n<li>Contact de commutation adapt\u00e9 aux ballasts \u00e9lectroniques (par exemple, lampes fluorescentes) jusqu&rsquo;\u00e0 600VA<\/li>\n<li>Sortie de contr\u00f4le 1-10V jusqu&rsquo;\u00e0 40mA<\/li>\n<\/ul>\n<p><a href=\"http:\/\/www.eltako.com\/fileadmin\/downloads\/vl\/Technische_fiches\/Technische_fiche_SDS12.pdf\" target=\"_blank\" rel=\"noopener noreferrer\">Fiche technique SDS12\/1-10V<\/a><\/p>\n","protected":false},"featured_media":303,"comment_status":"closed","ping_status":"closed","template":"","meta":[],"product_brand":[116],"product_cat":[77],"product_tag":[64,78],"class_list":{"0":"post-437","1":"product","2":"type-product","3":"status-publish","4":"has-post-thumbnail","6":"product_brand-eltako","7":"product_cat-variateurs","8":"product_tag-eltako-fr","9":"product_tag-variateurs","11":"first","12":"instock","13":"taxable","14":"shipping-taxable","15":"purchasable","16":"product-type-simple"},"_links":{"self":[{"href":"https:\/\/multi.snelprint.be\/fr\/wp-json\/wp\/v2\/product\/437","targetHints":{"allow":["GET"]}}],"collection":[{"href":"https:\/\/multi.snelprint.be\/fr\/wp-json\/wp\/v2\/product"}],"about":[{"href":"https:\/\/multi.snelprint.be\/fr\/wp-json\/wp\/v2\/types\/product"}],"replies":[{"embeddable":true,"href":"https:\/\/multi.snelprint.be\/fr\/wp-json\/wp\/v2\/comments?post=437"}],"wp:featuredmedia":[{"embeddable":true,"href":"https:\/\/multi.snelprint.be\/fr\/wp-json\/wp\/v2\/media\/303"}],"wp:attachment":[{"href":"https:\/\/multi.snelprint.be\/fr\/wp-json\/wp\/v2\/media?parent=437"}],"wp:term":[{"taxonomy":"product_brand","embeddable":true,"href":"https:\/\/multi.snelprint.be\/fr\/wp-json\/wp\/v2\/product_brand?post=437"},{"taxonomy":"product_cat","embeddable":true,"href":"https:\/\/multi.snelprint.be\/fr\/wp-json\/wp\/v2\/product_cat?post=437"},{"taxonomy":"product_tag","embeddable":true,"href":"https:\/\/multi.snelprint.be\/fr\/wp-json\/wp\/v2\/product_tag?post=437"}],"curies":[{"name":"wp","href":"https:\/\/api.w.org\/{rel}","templated":true}]}}