{"id":435,"date":"2024-11-22T21:28:41","date_gmt":"2024-11-22T21:28:41","guid":{"rendered":"https:\/\/multi.snelprint.be\/product\/ws-capteur-de-vent\/"},"modified":"2025-05-14T20:24:49","modified_gmt":"2025-05-14T20:24:49","slug":"ws-capteur-de-vent","status":"publish","type":"product","link":"https:\/\/multi.snelprint.be\/fr\/product\/ws-capteur-de-vent\/","title":{"rendered":"WS &#8211; Capteur de vent"},"content":{"rendered":"<p>Capteur de vent WS &#8211; Eltako<\/p>\n","protected":false},"excerpt":{"rendered":"<p>Capteur de vent WS<\/p>\n<ul>\n<li>Le capteur de vent WS d\u00e9livre un train d&rsquo;impulsions qui d\u00e9pend de la vitesse de la roue \u00e0 vent.<\/li>\n<li>Ces impulsions sont trait\u00e9es dans un capteur relais <a href=\"https:\/\/www.mijn-elektro.be\/product\/lrw12d-uc-eltako\">LRW12D<\/a> connect\u00e9.<\/li>\n<li>Indice de protection IP54.<\/li>\n<\/ul>\n<p><a href=\"https:\/\/www.eltako.com\/fileadmin\/downloads\/vl\/Technische_fiches\/Technische_fiche_WS.pdf\">Fiche technique<\/a><\/p>\n","protected":false},"featured_media":304,"comment_status":"closed","ping_status":"closed","template":"","meta":[],"product_brand":[116],"product_cat":[88],"product_tag":[92,64],"class_list":{"0":"post-435","1":"product","2":"type-product","3":"status-publish","4":"has-post-thumbnail","6":"product_brand-eltako","7":"product_cat-capteurs","8":"product_tag-capteur","9":"product_tag-eltako-fr","11":"first","12":"instock","13":"taxable","14":"shipping-taxable","15":"purchasable","16":"product-type-simple"},"_links":{"self":[{"href":"https:\/\/multi.snelprint.be\/fr\/wp-json\/wp\/v2\/product\/435","targetHints":{"allow":["GET"]}}],"collection":[{"href":"https:\/\/multi.snelprint.be\/fr\/wp-json\/wp\/v2\/product"}],"about":[{"href":"https:\/\/multi.snelprint.be\/fr\/wp-json\/wp\/v2\/types\/product"}],"replies":[{"embeddable":true,"href":"https:\/\/multi.snelprint.be\/fr\/wp-json\/wp\/v2\/comments?post=435"}],"wp:featuredmedia":[{"embeddable":true,"href":"https:\/\/multi.snelprint.be\/fr\/wp-json\/wp\/v2\/media\/304"}],"wp:attachment":[{"href":"https:\/\/multi.snelprint.be\/fr\/wp-json\/wp\/v2\/media?parent=435"}],"wp:term":[{"taxonomy":"product_brand","embeddable":true,"href":"https:\/\/multi.snelprint.be\/fr\/wp-json\/wp\/v2\/product_brand?post=435"},{"taxonomy":"product_cat","embeddable":true,"href":"https:\/\/multi.snelprint.be\/fr\/wp-json\/wp\/v2\/product_cat?post=435"},{"taxonomy":"product_tag","embeddable":true,"href":"https:\/\/multi.snelprint.be\/fr\/wp-json\/wp\/v2\/product_tag?post=435"}],"curies":[{"name":"wp","href":"https:\/\/api.w.org\/{rel}","templated":true}]}}