{"id":427,"date":"2024-11-22T21:28:14","date_gmt":"2024-11-22T21:28:14","guid":{"rendered":"https:\/\/multi.snelprint.be\/product\/eld61-12-36v-dc\/"},"modified":"2025-05-14T20:28:36","modified_gmt":"2025-05-14T20:28:36","slug":"eld61-12-36v-dc","status":"publish","type":"product","link":"https:\/\/multi.snelprint.be\/fr\/product\/eld61-12-36v-dc\/","title":{"rendered":"ELD61\/12-36V DC"},"content":{"rendered":"<p>Variateur encastr\u00e9 pour \u00e9clairage LED basse tension ELD61\/12-36V DC<\/p>\n","protected":false},"excerpt":{"rendered":"<p>Variateur encastr\u00e9 pour \u00e9clairage LED basse tension ELD61\/12-36V DC<\/p>\n<ul>\n<li>Pour le montage : 45 x 55 x 18 mm<\/li>\n<li>Tension de commande universelle 8 \u00e0 253V AC ou 10 \u00e0 230V DC<\/li>\n<li>Pour l&rsquo;\u00e9clairage LED \u00e0 gradation de 12 \u00e0 36 V DC jusqu&rsquo;\u00e0 4A<\/li>\n<li>Fonctionnement par simple ou double bouton-poussoir<\/li>\n<\/ul>\n<p><a href=\"http:\/\/www.eltako.com\/fileadmin\/downloads\/vl\/Technische_fiches\/Technische_fiche_ELD61.pdf\" target=\"_blank\" rel=\"noopener noreferrer\">Fiche technique ELD61\/12-36V DC<\/a><\/p>\n<p>&nbsp;<\/p>\n","protected":false},"featured_media":278,"comment_status":"closed","ping_status":"closed","template":"","meta":[],"product_brand":[116],"product_cat":[77],"product_tag":[64,78],"class_list":{"0":"post-427","1":"product","2":"type-product","3":"status-publish","4":"has-post-thumbnail","6":"product_brand-eltako","7":"product_cat-variateurs","8":"product_tag-eltako-fr","9":"product_tag-variateurs","11":"first","12":"instock","13":"taxable","14":"shipping-taxable","15":"purchasable","16":"product-type-simple"},"_links":{"self":[{"href":"https:\/\/multi.snelprint.be\/fr\/wp-json\/wp\/v2\/product\/427","targetHints":{"allow":["GET"]}}],"collection":[{"href":"https:\/\/multi.snelprint.be\/fr\/wp-json\/wp\/v2\/product"}],"about":[{"href":"https:\/\/multi.snelprint.be\/fr\/wp-json\/wp\/v2\/types\/product"}],"replies":[{"embeddable":true,"href":"https:\/\/multi.snelprint.be\/fr\/wp-json\/wp\/v2\/comments?post=427"}],"wp:featuredmedia":[{"embeddable":true,"href":"https:\/\/multi.snelprint.be\/fr\/wp-json\/wp\/v2\/media\/278"}],"wp:attachment":[{"href":"https:\/\/multi.snelprint.be\/fr\/wp-json\/wp\/v2\/media?parent=427"}],"wp:term":[{"taxonomy":"product_brand","embeddable":true,"href":"https:\/\/multi.snelprint.be\/fr\/wp-json\/wp\/v2\/product_brand?post=427"},{"taxonomy":"product_cat","embeddable":true,"href":"https:\/\/multi.snelprint.be\/fr\/wp-json\/wp\/v2\/product_cat?post=427"},{"taxonomy":"product_tag","embeddable":true,"href":"https:\/\/multi.snelprint.be\/fr\/wp-json\/wp\/v2\/product_tag?post=427"}],"curies":[{"name":"wp","href":"https:\/\/api.w.org\/{rel}","templated":true}]}}