{"id":423,"date":"2024-11-22T21:28:14","date_gmt":"2024-11-22T21:28:14","guid":{"rendered":"https:\/\/multi.snelprint.be\/product\/er12-002-uc\/"},"modified":"2025-08-13T17:28:33","modified_gmt":"2025-08-13T17:28:33","slug":"er12-002-uc","status":"publish","type":"product","link":"https:\/\/multi.snelprint.be\/fr\/product\/er12-002-uc\/","title":{"rendered":"ER12-002-UC"},"content":{"rendered":"<p>Relais de commutation ER12-002-UC &#8211; Eltako<\/p>\n","protected":false},"excerpt":{"rendered":"<p>Relais de commutation ER12-002 UC<\/p>\n<ul>\n<li>Dispositif modulaire pour le montage sur rail Din DIN-EN 60715 TH35.<\/li>\n<li>1 module = 18 mm de large, 58 mm de profondeur.<\/li>\n<li>La technologie hybride de pointe combine les avantages d&rsquo;une commande \u00e9lectronique sans usure avec la capacit\u00e9 de commutation \u00e9lev\u00e9e de relais sp\u00e9ciaux. Tension de commande universelle 8&#8230;230 V UC.<\/li>\n<li>Bruit de commutation tr\u00e8s faible.<\/li>\n<li>Indicateur de contr\u00f4le par LED.<\/li>\n<li>Diode int\u00e9gr\u00e9e \u00e0 fonctionnement libre\/soufflage (A1 =+, A2 =-).<\/li>\n<\/ul>\n<p><a href=\"http:\/\/www.eltako.com\/fileadmin\/downloads\/de\/datenblatt\/datenblatt_er12-002-uc_.pdf\">Fiche technique ER12-002-UC<\/a><\/p>\n","protected":false},"featured_media":280,"comment_status":"closed","ping_status":"closed","template":"","meta":[],"product_brand":[116],"product_cat":[72],"product_tag":[64,65],"class_list":{"0":"post-423","1":"product","2":"type-product","3":"status-publish","4":"has-post-thumbnail","6":"product_brand-eltako","7":"product_cat-relais-fr","8":"product_tag-eltako-fr","9":"product_tag-relais-fr","11":"first","12":"instock","13":"taxable","14":"shipping-taxable","15":"purchasable","16":"product-type-simple"},"_links":{"self":[{"href":"https:\/\/multi.snelprint.be\/fr\/wp-json\/wp\/v2\/product\/423","targetHints":{"allow":["GET"]}}],"collection":[{"href":"https:\/\/multi.snelprint.be\/fr\/wp-json\/wp\/v2\/product"}],"about":[{"href":"https:\/\/multi.snelprint.be\/fr\/wp-json\/wp\/v2\/types\/product"}],"replies":[{"embeddable":true,"href":"https:\/\/multi.snelprint.be\/fr\/wp-json\/wp\/v2\/comments?post=423"}],"wp:featuredmedia":[{"embeddable":true,"href":"https:\/\/multi.snelprint.be\/fr\/wp-json\/wp\/v2\/media\/280"}],"wp:attachment":[{"href":"https:\/\/multi.snelprint.be\/fr\/wp-json\/wp\/v2\/media?parent=423"}],"wp:term":[{"taxonomy":"product_brand","embeddable":true,"href":"https:\/\/multi.snelprint.be\/fr\/wp-json\/wp\/v2\/product_brand?post=423"},{"taxonomy":"product_cat","embeddable":true,"href":"https:\/\/multi.snelprint.be\/fr\/wp-json\/wp\/v2\/product_cat?post=423"},{"taxonomy":"product_tag","embeddable":true,"href":"https:\/\/multi.snelprint.be\/fr\/wp-json\/wp\/v2\/product_tag?post=423"}],"curies":[{"name":"wp","href":"https:\/\/api.w.org\/{rel}","templated":true}]}}