{"id":420,"date":"2024-11-22T21:28:12","date_gmt":"2024-11-22T21:28:12","guid":{"rendered":"https:\/\/multi.snelprint.be\/product\/eud12d-uc\/"},"modified":"2025-08-16T02:49:41","modified_gmt":"2025-08-16T02:49:41","slug":"eud12d-uc","status":"publish","type":"product","link":"https:\/\/multi.snelprint.be\/fr\/product\/eud12d-uc\/","title":{"rendered":"EUD12D-UC"},"content":{"rendered":"<p>Variateur universel multifonction \u00e0 r\u00e9glage num\u00e9rique EUD12D-UC Eltako<\/p>\n","protected":false},"excerpt":{"rendered":"<div>\n<p>Variateur universel multifonction \u00e0 r\u00e9glage num\u00e9rique EUD12D-UC<\/p>\n<ul>\n<li>Tension de commande universelle 8 \u00e0 253V AC ou 10 \u00e0 230V DC<\/li>\n<li>1 module de largeur<\/li>\n<li>Convient aux charges R, L et C jusqu&rsquo;\u00e0 400W<\/li>\n<li>Convient aux lampes \u00e0 \u00e9conomie d&rsquo;\u00e9nergie (ESL) graduables jusqu&rsquo;\u00e0 100W<\/li>\n<li>Convient aux LED 230V graduables jusqu&rsquo;\u00e0 100W<\/li>\n<li>Possibilit\u00e9 d&rsquo;activer\/d\u00e9sactiver la connexion de mani\u00e8re centralis\u00e9e<\/li>\n<li>Extensible jusqu&rsquo;\u00e0 3400W via LUD12-230V<\/li>\n<li>Pas d&rsquo;imp\u00f4t minimum<\/li>\n<li>Fonctions suppl\u00e9mentaires telles que relais, interrupteur \u00e0 impulsion \u00e0 retardement avec avertissement d&rsquo;extinction par gradation, g\u00e9n\u00e9rateur d&rsquo;impulsion, simulateur de jour (par exemple pour un pigeonnier ou un \u00e9levage de poulets&#8230;), \u00e9clairage automatique d&rsquo;escalier, etc&#8230;<\/li>\n<\/ul>\n<p><span lang=\"NL-BE\"><a href=\"http:\/\/www.eltako.com\/fileadmin\/downloads\/vl\/Technische_fiches\/Technische_fiche_EUD12D.pdf\" target=\"_blank\" rel=\"noopener noreferrer\">Fiche technique EUD12D-UC<\/a><\/span><\/p>\n<\/div>\n","protected":false},"featured_media":270,"comment_status":"closed","ping_status":"closed","template":"","meta":[],"product_brand":[116],"product_cat":[77],"product_tag":[64,78],"class_list":{"0":"post-420","1":"product","2":"type-product","3":"status-publish","4":"has-post-thumbnail","6":"product_brand-eltako","7":"product_cat-variateurs","8":"product_tag-eltako-fr","9":"product_tag-variateurs","11":"first","12":"instock","13":"featured","14":"taxable","15":"shipping-taxable","16":"purchasable","17":"product-type-simple"},"_links":{"self":[{"href":"https:\/\/multi.snelprint.be\/fr\/wp-json\/wp\/v2\/product\/420","targetHints":{"allow":["GET"]}}],"collection":[{"href":"https:\/\/multi.snelprint.be\/fr\/wp-json\/wp\/v2\/product"}],"about":[{"href":"https:\/\/multi.snelprint.be\/fr\/wp-json\/wp\/v2\/types\/product"}],"replies":[{"embeddable":true,"href":"https:\/\/multi.snelprint.be\/fr\/wp-json\/wp\/v2\/comments?post=420"}],"wp:featuredmedia":[{"embeddable":true,"href":"https:\/\/multi.snelprint.be\/fr\/wp-json\/wp\/v2\/media\/270"}],"wp:attachment":[{"href":"https:\/\/multi.snelprint.be\/fr\/wp-json\/wp\/v2\/media?parent=420"}],"wp:term":[{"taxonomy":"product_brand","embeddable":true,"href":"https:\/\/multi.snelprint.be\/fr\/wp-json\/wp\/v2\/product_brand?post=420"},{"taxonomy":"product_cat","embeddable":true,"href":"https:\/\/multi.snelprint.be\/fr\/wp-json\/wp\/v2\/product_cat?post=420"},{"taxonomy":"product_tag","embeddable":true,"href":"https:\/\/multi.snelprint.be\/fr\/wp-json\/wp\/v2\/product_tag?post=420"}],"curies":[{"name":"wp","href":"https:\/\/api.w.org\/{rel}","templated":true}]}}