{"id":417,"date":"2024-11-22T21:28:17","date_gmt":"2024-11-22T21:28:17","guid":{"rendered":"https:\/\/multi.snelprint.be\/product\/lrw12d-uc\/"},"modified":"2025-05-14T20:26:23","modified_gmt":"2025-05-14T20:26:23","slug":"lrw12d-uc","status":"publish","type":"product","link":"https:\/\/multi.snelprint.be\/fr\/product\/lrw12d-uc\/","title":{"rendered":"LRW12D-UC"},"content":{"rendered":"<p>Relais de capteur \u00e0 r\u00e9glage num\u00e9rique LRW12D-UC<\/p>\n","protected":false},"excerpt":{"rendered":"<p>Relais de capteur \u00e0 r\u00e9glage num\u00e9rique LRW12D-UC<\/p>\n<ul>\n<li>Relais du capteur lumi\u00e8re-obscurit\u00e9-pluie-vent<\/li>\n<li>4 sorties de semi-conducteurs OptoMOS<\/li>\n<li>50mA\/8..230V UC.<\/li>\n<li>Seulement 0,05-0,5 Watt<\/li>\n<\/ul>\n<p><a href=\"https:\/\/www.eltako.com\/fileadmin\/downloads\/vl\/Technische_fiches\/Technische_fiche_LRW12D.pdf\">Fiche technique LRW12D-UC<\/a><\/p>\n","protected":false},"featured_media":294,"comment_status":"closed","ping_status":"closed","template":"","meta":[],"product_brand":[116],"product_cat":[88,86],"product_tag":[64,89],"class_list":{"0":"post-417","1":"product","2":"type-product","3":"status-publish","4":"has-post-thumbnail","6":"product_brand-eltako","7":"product_cat-capteurs","8":"product_cat-commandes-de-volets-roulants","9":"product_tag-eltako-fr","10":"product_tag-relais-du-capteur","12":"first","13":"instock","14":"taxable","15":"shipping-taxable","16":"purchasable","17":"product-type-simple"},"_links":{"self":[{"href":"https:\/\/multi.snelprint.be\/fr\/wp-json\/wp\/v2\/product\/417","targetHints":{"allow":["GET"]}}],"collection":[{"href":"https:\/\/multi.snelprint.be\/fr\/wp-json\/wp\/v2\/product"}],"about":[{"href":"https:\/\/multi.snelprint.be\/fr\/wp-json\/wp\/v2\/types\/product"}],"replies":[{"embeddable":true,"href":"https:\/\/multi.snelprint.be\/fr\/wp-json\/wp\/v2\/comments?post=417"}],"wp:featuredmedia":[{"embeddable":true,"href":"https:\/\/multi.snelprint.be\/fr\/wp-json\/wp\/v2\/media\/294"}],"wp:attachment":[{"href":"https:\/\/multi.snelprint.be\/fr\/wp-json\/wp\/v2\/media?parent=417"}],"wp:term":[{"taxonomy":"product_brand","embeddable":true,"href":"https:\/\/multi.snelprint.be\/fr\/wp-json\/wp\/v2\/product_brand?post=417"},{"taxonomy":"product_cat","embeddable":true,"href":"https:\/\/multi.snelprint.be\/fr\/wp-json\/wp\/v2\/product_cat?post=417"},{"taxonomy":"product_tag","embeddable":true,"href":"https:\/\/multi.snelprint.be\/fr\/wp-json\/wp\/v2\/product_tag?post=417"}],"curies":[{"name":"wp","href":"https:\/\/api.w.org\/{rel}","templated":true}]}}