{"id":415,"date":"2024-11-22T21:28:17","date_gmt":"2024-11-22T21:28:17","guid":{"rendered":"https:\/\/multi.snelprint.be\/product\/lud12-230v\/"},"modified":"2025-05-14T20:26:13","modified_gmt":"2025-05-14T20:26:13","slug":"lud12-230v","status":"publish","type":"product","link":"https:\/\/multi.snelprint.be\/fr\/product\/lud12-230v\/","title":{"rendered":"LUD12-230V"},"content":{"rendered":"<p>Extension de puissance modulaire LUD12-230V<\/p>\n","protected":false},"excerpt":{"rendered":"<p>Extension de puissance modulaire LUD12-230V  <\/p>\n<ul>\n<li>Connectable \u00e0 un variateur de lumi\u00e8re avec commande centrale<\/li>\n<li>1 module de largeur<\/li>\n<li>Soit d&rsquo;\u00e9tendre \u00e0 1 circuit de 3400W<\/li>\n<li>Soit pour contr\u00f4ler des circuits suppl\u00e9mentaires de 400W (par exemple avec des types de charge diff\u00e9rents) avec la m\u00eame commande \u00e0 chaque fois<\/li>\n<li>Convient aux lampes <strong>LED<\/strong> graduables et aux lampes \u00e0 \u00e9conomie d&rsquo;\u00e9nergie<\/li>\n<\/ul>\n<p><span lang=\"NL-BE\"><a href=\"http:\/\/www.eltako.com\/fileadmin\/downloads\/vl\/Technische_fiches\/Technische_fiche_LUD12.pdf\" target=\"_blank\" rel=\"noopener noreferrer\">Fiche technique LUD12-230V<\/a><\/span><\/p>\n","protected":false},"featured_media":295,"comment_status":"closed","ping_status":"closed","template":"","meta":[],"product_brand":[116],"product_cat":[77],"product_tag":[64,78],"class_list":{"0":"post-415","1":"product","2":"type-product","3":"status-publish","4":"has-post-thumbnail","6":"product_brand-eltako","7":"product_cat-variateurs","8":"product_tag-eltako-fr","9":"product_tag-variateurs","11":"first","12":"instock","13":"taxable","14":"shipping-taxable","15":"purchasable","16":"product-type-simple"},"_links":{"self":[{"href":"https:\/\/multi.snelprint.be\/fr\/wp-json\/wp\/v2\/product\/415","targetHints":{"allow":["GET"]}}],"collection":[{"href":"https:\/\/multi.snelprint.be\/fr\/wp-json\/wp\/v2\/product"}],"about":[{"href":"https:\/\/multi.snelprint.be\/fr\/wp-json\/wp\/v2\/types\/product"}],"replies":[{"embeddable":true,"href":"https:\/\/multi.snelprint.be\/fr\/wp-json\/wp\/v2\/comments?post=415"}],"wp:featuredmedia":[{"embeddable":true,"href":"https:\/\/multi.snelprint.be\/fr\/wp-json\/wp\/v2\/media\/295"}],"wp:attachment":[{"href":"https:\/\/multi.snelprint.be\/fr\/wp-json\/wp\/v2\/media?parent=415"}],"wp:term":[{"taxonomy":"product_brand","embeddable":true,"href":"https:\/\/multi.snelprint.be\/fr\/wp-json\/wp\/v2\/product_brand?post=415"},{"taxonomy":"product_cat","embeddable":true,"href":"https:\/\/multi.snelprint.be\/fr\/wp-json\/wp\/v2\/product_cat?post=415"},{"taxonomy":"product_tag","embeddable":true,"href":"https:\/\/multi.snelprint.be\/fr\/wp-json\/wp\/v2\/product_tag?post=415"}],"curies":[{"name":"wp","href":"https:\/\/api.w.org\/{rel}","templated":true}]}}