{"id":414,"date":"2024-11-22T21:28:18","date_gmt":"2024-11-22T21:28:18","guid":{"rendered":"https:\/\/multi.snelprint.be\/product\/mod12d-uc\/"},"modified":"2025-05-14T20:25:27","modified_gmt":"2025-05-14T20:25:27","slug":"mod12d-uc","status":"publish","type":"product","link":"https:\/\/multi.snelprint.be\/fr\/product\/mod12d-uc\/","title":{"rendered":"MOD12D-UC"},"content":{"rendered":"<p>Variateur de moteur \u00e0 r\u00e9glage num\u00e9rique MOD12D-UC<\/p>\n","protected":false},"excerpt":{"rendered":"<p>Variateur de moteur \u00e0 r\u00e9glage num\u00e9rique MOD12D-UC<\/p>\n<ul>\n<li>MOSFET de puissance jusqu&rsquo;\u00e0 300 W.<\/li>\n<li>Perte en veille de seulement 0,3 W.<\/li>\n<li>Vitesse minimale, vitesse maximale et vitesse r\u00e9duite r\u00e9glables<\/li>\n<li>Dispositif modulaire pour le montage sur rail Din DIN-EN 60715 TH35.<\/li>\n<li>Variateur de moteur avec connexion de phase pour les charges L, jusqu&rsquo;\u00e0 300W, selon le degr\u00e9 de ventilation. Un seul moteur de ventilateur peut \u00eatre raccord\u00e9.<\/li>\n<\/ul>\n<p><a href=\"http:\/\/www.eltako.com\/fileadmin\/downloads\/vl\/Technische_fiches\/Technische_fiche_MOD12D.pdf\" target=\"_blank\" rel=\"noopener noreferrer\">Fiche technique MOD12D-UC<\/a><\/p>\n","protected":false},"featured_media":298,"comment_status":"closed","ping_status":"closed","template":"","meta":[],"product_brand":[116],"product_cat":[77],"product_tag":[64,78],"class_list":{"0":"post-414","1":"product","2":"type-product","3":"status-publish","4":"has-post-thumbnail","6":"product_brand-eltako","7":"product_cat-variateurs","8":"product_tag-eltako-fr","9":"product_tag-variateurs","11":"first","12":"instock","13":"taxable","14":"shipping-taxable","15":"purchasable","16":"product-type-simple"},"_links":{"self":[{"href":"https:\/\/multi.snelprint.be\/fr\/wp-json\/wp\/v2\/product\/414","targetHints":{"allow":["GET"]}}],"collection":[{"href":"https:\/\/multi.snelprint.be\/fr\/wp-json\/wp\/v2\/product"}],"about":[{"href":"https:\/\/multi.snelprint.be\/fr\/wp-json\/wp\/v2\/types\/product"}],"replies":[{"embeddable":true,"href":"https:\/\/multi.snelprint.be\/fr\/wp-json\/wp\/v2\/comments?post=414"}],"wp:featuredmedia":[{"embeddable":true,"href":"https:\/\/multi.snelprint.be\/fr\/wp-json\/wp\/v2\/media\/298"}],"wp:attachment":[{"href":"https:\/\/multi.snelprint.be\/fr\/wp-json\/wp\/v2\/media?parent=414"}],"wp:term":[{"taxonomy":"product_brand","embeddable":true,"href":"https:\/\/multi.snelprint.be\/fr\/wp-json\/wp\/v2\/product_brand?post=414"},{"taxonomy":"product_cat","embeddable":true,"href":"https:\/\/multi.snelprint.be\/fr\/wp-json\/wp\/v2\/product_cat?post=414"},{"taxonomy":"product_tag","embeddable":true,"href":"https:\/\/multi.snelprint.be\/fr\/wp-json\/wp\/v2\/product_tag?post=414"}],"curies":[{"name":"wp","href":"https:\/\/api.w.org\/{rel}","templated":true}]}}