{"id":413,"date":"2024-11-22T21:28:17","date_gmt":"2024-11-22T21:28:17","guid":{"rendered":"https:\/\/multi.snelprint.be\/product\/mfz12ddx\/"},"modified":"2025-05-14T20:26:04","modified_gmt":"2025-05-14T20:26:04","slug":"mfz12ddx","status":"publish","type":"product","link":"https:\/\/multi.snelprint.be\/fr\/product\/mfz12ddx\/","title":{"rendered":"MFZ12DDX"},"content":{"rendered":"<p>Relais temporis\u00e9 multifonction MFZ12DDX-UC \u00e0 r\u00e9glage num\u00e9rique avec 18 fonctions<\/p>\n","protected":false},"excerpt":{"rendered":"<div dir=\"ltr\" style=\"font-size: 15.3281px; font-family: sans-serif; left: 249.329px; top: 172.953px; transform: rotate(0deg) scale(0.978633, 1); transform-origin: 0% 0% 0px;\">\n<p>Relais temporis\u00e9 multifonction MFZ12DDX-UC \u00e0 r\u00e9glage num\u00e9rique avec 18 fonctions<\/p>\n<ul>\n<li>1 Contact inverseur libre de potentiel 10 A \/250 V AC, ampoules<\/li>\n<\/ul>\n<p><a href=\"http:\/\/www.eltako.com\/fileadmin\/downloads\/vl\/Technische_fiches\/Technische_fiche_MFZ12DDX.pdf\" target=\"_blank\" rel=\"noopener noreferrer\">Fiche technique MFZ12DDX<\/a><\/p>\n<\/div>\n","protected":false},"featured_media":296,"comment_status":"closed","ping_status":"closed","template":"","meta":[],"product_brand":[116],"product_cat":[59],"product_tag":[64,70],"class_list":{"0":"post-413","1":"product","2":"type-product","3":"status-publish","4":"has-post-thumbnail","6":"product_brand-eltako","7":"product_cat-divers","8":"product_tag-eltako-fr","9":"product_tag-relais-temporel","11":"first","12":"instock","13":"taxable","14":"shipping-taxable","15":"purchasable","16":"product-type-simple"},"_links":{"self":[{"href":"https:\/\/multi.snelprint.be\/fr\/wp-json\/wp\/v2\/product\/413","targetHints":{"allow":["GET"]}}],"collection":[{"href":"https:\/\/multi.snelprint.be\/fr\/wp-json\/wp\/v2\/product"}],"about":[{"href":"https:\/\/multi.snelprint.be\/fr\/wp-json\/wp\/v2\/types\/product"}],"replies":[{"embeddable":true,"href":"https:\/\/multi.snelprint.be\/fr\/wp-json\/wp\/v2\/comments?post=413"}],"wp:featuredmedia":[{"embeddable":true,"href":"https:\/\/multi.snelprint.be\/fr\/wp-json\/wp\/v2\/media\/296"}],"wp:attachment":[{"href":"https:\/\/multi.snelprint.be\/fr\/wp-json\/wp\/v2\/media?parent=413"}],"wp:term":[{"taxonomy":"product_brand","embeddable":true,"href":"https:\/\/multi.snelprint.be\/fr\/wp-json\/wp\/v2\/product_brand?post=413"},{"taxonomy":"product_cat","embeddable":true,"href":"https:\/\/multi.snelprint.be\/fr\/wp-json\/wp\/v2\/product_cat?post=413"},{"taxonomy":"product_tag","embeddable":true,"href":"https:\/\/multi.snelprint.be\/fr\/wp-json\/wp\/v2\/product_tag?post=413"}],"curies":[{"name":"wp","href":"https:\/\/api.w.org\/{rel}","templated":true}]}}