{"id":411,"date":"2024-11-22T21:28:16","date_gmt":"2024-11-22T21:28:16","guid":{"rendered":"https:\/\/multi.snelprint.be\/product\/esr12ddx-uc\/"},"modified":"2025-05-14T20:27:01","modified_gmt":"2025-05-14T20:27:01","slug":"esr12ddx-uc","status":"publish","type":"product","link":"https:\/\/multi.snelprint.be\/fr\/product\/esr12ddx-uc\/","title":{"rendered":"ESR12DDX-UC"},"content":{"rendered":"<p>Interrupteur \u00e0 impulsion multifonctionnel r\u00e9glable num\u00e9riquement relais de commutation ESR12DDX-UC<\/p>\n","protected":false},"excerpt":{"rendered":"<p>Interrupteur \u00e0 impulsion multifonctionnel r\u00e9glable num\u00e9riquement relais de commutation ESR12DDX-UC<\/p>\n<ul>\n<li>Tension de commande universelle 8 \u00e0 253V AC ou 10 \u00e0 230V DC<\/li>\n<li>1 module de largeur<\/li>\n<li>Bruit de commutation tr\u00e8s faible<\/li>\n<li>1NO+1NO contact libre de potentiel 16A<\/li>\n<li>Peut \u00eatre configur\u00e9 comme interrupteur \u00e0 impulsion ou comme relais<\/li>\n<li>18 fonctions, dont :\n<ul>\n<li>Deux interrupteurs \u00e0 impulsion contr\u00f4lables s\u00e9par\u00e9ment (double)<\/li>\n<li>Interrupteur \u00e0 impulsion avec 2 NO<\/li>\n<li>Interrupteur \u00e0 impulsion avec 1 contact inverseur<\/li>\n<li>Commutateur de groupe<\/li>\n<li>Relais de coupure<\/li>\n<li>Etc&#8230;<\/li>\n<\/ul>\n<\/li>\n<\/ul>\n<p><a href=\"http:\/\/www.eltako.com\/fileadmin\/downloads\/vl\/Technische_fiches\/Technische_fiche_ESR12DDX.pdf\" target=\"_blank\" rel=\"noopener noreferrer\">Fiche technique ESR12DDX-UC<\/a><\/p>\n","protected":false},"featured_media":287,"comment_status":"closed","ping_status":"closed","template":"","meta":[],"product_brand":[116],"product_cat":[74,72],"product_tag":[64,66,65],"class_list":{"0":"post-411","1":"product","2":"type-product","3":"status-publish","4":"has-post-thumbnail","6":"product_brand-eltako","7":"product_cat-interrupteurs-a-impulsion","8":"product_cat-relais-fr","9":"product_tag-eltako-fr","10":"product_tag-interrupteurs-a-impulsion","11":"product_tag-relais-fr","13":"first","14":"instock","15":"taxable","16":"shipping-taxable","17":"purchasable","18":"product-type-simple"},"_links":{"self":[{"href":"https:\/\/multi.snelprint.be\/fr\/wp-json\/wp\/v2\/product\/411","targetHints":{"allow":["GET"]}}],"collection":[{"href":"https:\/\/multi.snelprint.be\/fr\/wp-json\/wp\/v2\/product"}],"about":[{"href":"https:\/\/multi.snelprint.be\/fr\/wp-json\/wp\/v2\/types\/product"}],"replies":[{"embeddable":true,"href":"https:\/\/multi.snelprint.be\/fr\/wp-json\/wp\/v2\/comments?post=411"}],"wp:featuredmedia":[{"embeddable":true,"href":"https:\/\/multi.snelprint.be\/fr\/wp-json\/wp\/v2\/media\/287"}],"wp:attachment":[{"href":"https:\/\/multi.snelprint.be\/fr\/wp-json\/wp\/v2\/media?parent=411"}],"wp:term":[{"taxonomy":"product_brand","embeddable":true,"href":"https:\/\/multi.snelprint.be\/fr\/wp-json\/wp\/v2\/product_brand?post=411"},{"taxonomy":"product_cat","embeddable":true,"href":"https:\/\/multi.snelprint.be\/fr\/wp-json\/wp\/v2\/product_cat?post=411"},{"taxonomy":"product_tag","embeddable":true,"href":"https:\/\/multi.snelprint.be\/fr\/wp-json\/wp\/v2\/product_tag?post=411"}],"curies":[{"name":"wp","href":"https:\/\/api.w.org\/{rel}","templated":true}]}}