{"id":408,"date":"2024-11-22T21:28:17","date_gmt":"2024-11-22T21:28:17","guid":{"rendered":"https:\/\/multi.snelprint.be\/product\/eud61npn-uc\/"},"modified":"2025-05-14T20:25:45","modified_gmt":"2025-05-14T20:25:45","slug":"eud61npn-uc","status":"publish","type":"product","link":"https:\/\/multi.snelprint.be\/fr\/product\/eud61npn-uc\/","title":{"rendered":"EUD61NPN-UC"},"content":{"rendered":"<p>Variateur universel \u00e0 impulsion pour montage encastr\u00e9 EUD61NPN-UC<\/p>\n","protected":false},"excerpt":{"rendered":"<p>Variateur universel \u00e0 impulsion pour montage encastr\u00e9 EUD61NPN-UC<\/p>\n<ul>\n<li>Tension de commande universelle 8 \u00e0 253V AC ou 10 \u00e0 230V DC<\/li>\n<li>Pour le montage : 45 x 55 x 18 mm<\/li>\n<li>Convient aux charges R, L et C jusqu&rsquo;\u00e0 400W<\/li>\n<li>Convient aux lampes \u00e0 \u00e9conomie d&rsquo;\u00e9nergie (ESL) graduables jusqu&rsquo;\u00e0 100W<\/li>\n<li>Convient aux lampes LED 230V dimmables jusqu&rsquo;\u00e0 100W<\/li>\n<li>Pas d&rsquo;imp\u00f4t minimum<\/li>\n<\/ul>\n<p><span lang=\"NL-BE\"><a href=\"http:\/\/www.eltako.com\/fileadmin\/downloads\/vl\/Technische_fiches\/Technische_fiche_EUD61NPN.pdf\" target=\"_blank\" rel=\"noopener noreferrer\">Fiche technique EUD61NPN-UC<\/a><\/span><\/p>\n","protected":false},"featured_media":293,"comment_status":"closed","ping_status":"closed","template":"","meta":[],"product_brand":[116],"product_cat":[77],"product_tag":[64,78],"class_list":{"0":"post-408","1":"product","2":"type-product","3":"status-publish","4":"has-post-thumbnail","6":"product_brand-eltako","7":"product_cat-variateurs","8":"product_tag-eltako-fr","9":"product_tag-variateurs","11":"first","12":"instock","13":"taxable","14":"shipping-taxable","15":"purchasable","16":"product-type-simple"},"_links":{"self":[{"href":"https:\/\/multi.snelprint.be\/fr\/wp-json\/wp\/v2\/product\/408","targetHints":{"allow":["GET"]}}],"collection":[{"href":"https:\/\/multi.snelprint.be\/fr\/wp-json\/wp\/v2\/product"}],"about":[{"href":"https:\/\/multi.snelprint.be\/fr\/wp-json\/wp\/v2\/types\/product"}],"replies":[{"embeddable":true,"href":"https:\/\/multi.snelprint.be\/fr\/wp-json\/wp\/v2\/comments?post=408"}],"wp:featuredmedia":[{"embeddable":true,"href":"https:\/\/multi.snelprint.be\/fr\/wp-json\/wp\/v2\/media\/293"}],"wp:attachment":[{"href":"https:\/\/multi.snelprint.be\/fr\/wp-json\/wp\/v2\/media?parent=408"}],"wp:term":[{"taxonomy":"product_brand","embeddable":true,"href":"https:\/\/multi.snelprint.be\/fr\/wp-json\/wp\/v2\/product_brand?post=408"},{"taxonomy":"product_cat","embeddable":true,"href":"https:\/\/multi.snelprint.be\/fr\/wp-json\/wp\/v2\/product_cat?post=408"},{"taxonomy":"product_tag","embeddable":true,"href":"https:\/\/multi.snelprint.be\/fr\/wp-json\/wp\/v2\/product_tag?post=408"}],"curies":[{"name":"wp","href":"https:\/\/api.w.org\/{rel}","templated":true}]}}