{"id":405,"date":"2024-11-22T21:28:15","date_gmt":"2024-11-22T21:28:15","guid":{"rendered":"https:\/\/multi.snelprint.be\/product\/es12z-200-uc\/"},"modified":"2025-09-24T10:39:51","modified_gmt":"2025-09-24T10:39:51","slug":"es12z-200-uc","status":"publish","type":"product","link":"https:\/\/multi.snelprint.be\/fr\/product\/es12z-200-uc\/","title":{"rendered":"ES12Z-200-UC"},"content":{"rendered":"<p>interrupteur \u00e0 impulsion bipolaire ES12Z-200-UC<\/p>\n","protected":false},"excerpt":{"rendered":"<p>interrupteur \u00e0 impulsion bipolaire ES12Z-200-UC<\/p>\n<ul>\n<li>Tension de commande universelle 8 \u00e0 253V AC ou 10 \u00e0 230V DC<\/li>\n<li>1 module de largeur<\/li>\n<li>Bruit de commutation tr\u00e8s faible<\/li>\n<li>2NO contact libre de potentiel 16A<\/li>\n<li>Possibilit\u00e9 d&rsquo;activer\/d\u00e9sactiver la connexion de mani\u00e8re centralis\u00e9e<\/li>\n<\/ul>\n<p><a href=\"https:\/\/www.eltako.com\/fileadmin\/downloads\/vl\/_bedienung\/ES12Z_21200601-2_fl.pdf\" target=\"_blank\" rel=\"noopener noreferrer\">Fiche technique ES12Z-200-UC<\/a><\/p>\n<p>&nbsp;<\/p>\n","protected":false},"featured_media":285,"comment_status":"closed","ping_status":"closed","template":"","meta":[],"product_brand":[116],"product_cat":[74],"product_tag":[64,66],"class_list":{"0":"post-405","1":"product","2":"type-product","3":"status-publish","4":"has-post-thumbnail","6":"product_brand-eltako","7":"product_cat-interrupteurs-a-impulsion","8":"product_tag-eltako-fr","9":"product_tag-interrupteurs-a-impulsion","11":"first","12":"instock","13":"featured","14":"taxable","15":"shipping-taxable","16":"purchasable","17":"product-type-simple"},"_links":{"self":[{"href":"https:\/\/multi.snelprint.be\/fr\/wp-json\/wp\/v2\/product\/405","targetHints":{"allow":["GET"]}}],"collection":[{"href":"https:\/\/multi.snelprint.be\/fr\/wp-json\/wp\/v2\/product"}],"about":[{"href":"https:\/\/multi.snelprint.be\/fr\/wp-json\/wp\/v2\/types\/product"}],"replies":[{"embeddable":true,"href":"https:\/\/multi.snelprint.be\/fr\/wp-json\/wp\/v2\/comments?post=405"}],"wp:featuredmedia":[{"embeddable":true,"href":"https:\/\/multi.snelprint.be\/fr\/wp-json\/wp\/v2\/media\/285"}],"wp:attachment":[{"href":"https:\/\/multi.snelprint.be\/fr\/wp-json\/wp\/v2\/media?parent=405"}],"wp:term":[{"taxonomy":"product_brand","embeddable":true,"href":"https:\/\/multi.snelprint.be\/fr\/wp-json\/wp\/v2\/product_brand?post=405"},{"taxonomy":"product_cat","embeddable":true,"href":"https:\/\/multi.snelprint.be\/fr\/wp-json\/wp\/v2\/product_cat?post=405"},{"taxonomy":"product_tag","embeddable":true,"href":"https:\/\/multi.snelprint.be\/fr\/wp-json\/wp\/v2\/product_tag?post=405"}],"curies":[{"name":"wp","href":"https:\/\/api.w.org\/{rel}","templated":true}]}}