{"id":402,"date":"2024-11-22T21:28:16","date_gmt":"2024-11-22T21:28:16","guid":{"rendered":"https:\/\/multi.snelprint.be\/product\/eud12npn-uc\/"},"modified":"2025-05-14T20:27:11","modified_gmt":"2025-05-14T20:27:11","slug":"eud12npn-uc","status":"publish","type":"product","link":"https:\/\/multi.snelprint.be\/fr\/product\/eud12npn-uc\/","title":{"rendered":"EUD12NPN-UC"},"content":{"rendered":"<p>Variateur modulaire universel \u00e0 impulsion EUD12NPN-UC<\/p>\n","protected":false},"excerpt":{"rendered":"<ul>\n<li>Tension de commande universelle 8 \u00e0 253V AC ou 10 \u00e0 230V DC<\/li>\n<li>1 module de largeur<\/li>\n<li>Convient aux charges R, L et C jusqu&rsquo;\u00e0 400W<\/li>\n<li>Convient aux lampes \u00e0 \u00e9conomie d&rsquo;\u00e9nergie (ESL) graduables jusqu&rsquo;\u00e0 100W<\/li>\n<li>Convient aux lampes <strong>LED<\/strong> 230V dimmables jusqu&rsquo;\u00e0 100W<\/li>\n<li>Pas d&rsquo;imp\u00f4t minimum<\/li>\n<\/ul>\n<p><a href=\"http:\/\/www.eltako.com\/fileadmin\/downloads\/vl\/Technische_fiches\/Technische_fiche_EUD12NPN.pdf\" target=\"_blank\" rel=\"noopener noreferrer\"><span lang=\"NL-BE\">Fiche technique EUD12NPN-UC<\/span><\/a><\/p>\n","protected":false},"featured_media":291,"comment_status":"closed","ping_status":"closed","template":"","meta":[],"product_brand":[116],"product_cat":[77],"product_tag":[64,78],"class_list":{"0":"post-402","1":"product","2":"type-product","3":"status-publish","4":"has-post-thumbnail","6":"product_brand-eltako","7":"product_cat-variateurs","8":"product_tag-eltako-fr","9":"product_tag-variateurs","11":"first","12":"instock","13":"featured","14":"taxable","15":"shipping-taxable","16":"purchasable","17":"product-type-simple"},"_links":{"self":[{"href":"https:\/\/multi.snelprint.be\/fr\/wp-json\/wp\/v2\/product\/402","targetHints":{"allow":["GET"]}}],"collection":[{"href":"https:\/\/multi.snelprint.be\/fr\/wp-json\/wp\/v2\/product"}],"about":[{"href":"https:\/\/multi.snelprint.be\/fr\/wp-json\/wp\/v2\/types\/product"}],"replies":[{"embeddable":true,"href":"https:\/\/multi.snelprint.be\/fr\/wp-json\/wp\/v2\/comments?post=402"}],"wp:featuredmedia":[{"embeddable":true,"href":"https:\/\/multi.snelprint.be\/fr\/wp-json\/wp\/v2\/media\/291"}],"wp:attachment":[{"href":"https:\/\/multi.snelprint.be\/fr\/wp-json\/wp\/v2\/media?parent=402"}],"wp:term":[{"taxonomy":"product_brand","embeddable":true,"href":"https:\/\/multi.snelprint.be\/fr\/wp-json\/wp\/v2\/product_brand?post=402"},{"taxonomy":"product_cat","embeddable":true,"href":"https:\/\/multi.snelprint.be\/fr\/wp-json\/wp\/v2\/product_cat?post=402"},{"taxonomy":"product_tag","embeddable":true,"href":"https:\/\/multi.snelprint.be\/fr\/wp-json\/wp\/v2\/product_tag?post=402"}],"curies":[{"name":"wp","href":"https:\/\/api.w.org\/{rel}","templated":true}]}}