{"id":397,"date":"2024-11-22T21:29:10","date_gmt":"2024-11-22T21:29:10","guid":{"rendered":"https:\/\/multi.snelprint.be\/product\/b23-111-100-compteur-denergie-triphase-abb\/"},"modified":"2024-12-23T20:21:58","modified_gmt":"2024-12-23T20:21:58","slug":"b23-111-100-compteur-denergie-triphase-abb","status":"publish","type":"product","link":"https:\/\/multi.snelprint.be\/fr\/product\/b23-111-100-compteur-denergie-triphase-abb\/","title":{"rendered":"B23 111-100 &#8211; Compteur d&rsquo;\u00e9nergie triphas\u00e9 &#8211; ABB"},"content":{"rendered":"<p>Compteur d&rsquo;\u00e9nergie triphas\u00e9 &#8211; B23 111-100 &#8211; ABB<\/p>\n","protected":false},"excerpt":{"rendered":"<p>Compteur d&rsquo;\u00e9nergie triphas\u00e9 &#8211; B23 111-100 &#8211; ABB<\/p>\n<ul>\n<li>Compteur compact avanc\u00e9 pour rail DIN avec un \u00e9cran r\u00e9tro\u00e9clair\u00e9 facile \u00e0 lire.<\/li>\n<li>Le compteur est destin\u00e9 \u00e0 \u00eatre utilis\u00e9 dans des b\u00e2timents commerciaux ou r\u00e9sidentiels, etc.<\/li>\n<li>Le compteur peut \u00eatre utilis\u00e9 dans des syst\u00e8mes \u00e0 3 ou 4 fils.<\/li>\n<li>Le compteur dispose de plusieurs valeurs d&rsquo;instrumentation, de 25 alarmes possibles et de journaux d&rsquo;\u00e9v\u00e9nements.<\/li>\n<li>Triphas\u00e9 directement connect\u00e9 pour la puissance active.<\/li>\n<li>Une sortie pour les impulsions ou les alarmes, etc.<\/li>\n<li>Classe de pr\u00e9cision 1.0 (ou B pour les compteurs MID).<\/li>\n<li>Les compteurs sont homologu\u00e9s IEC + MID et v\u00e9rifi\u00e9s.<\/li>\n<\/ul>\n<p><a href=\"https:\/\/www.abbconnect.nl\/Details\/Index.aspx\/348728\">Informations techniques B23 111-100<\/a><\/p>\n","protected":false},"featured_media":340,"comment_status":"closed","ping_status":"closed","template":"","meta":[],"product_brand":[],"product_cat":[83],"product_tag":[85,84],"class_list":{"0":"post-397","1":"product","2":"type-product","3":"status-publish","4":"has-post-thumbnail","6":"product_cat-compteurs-kwh","7":"product_tag-abb-fr","8":"product_tag-compteurs-kwh","10":"first","11":"instock","12":"taxable","13":"shipping-taxable","14":"purchasable","15":"product-type-simple"},"_links":{"self":[{"href":"https:\/\/multi.snelprint.be\/fr\/wp-json\/wp\/v2\/product\/397","targetHints":{"allow":["GET"]}}],"collection":[{"href":"https:\/\/multi.snelprint.be\/fr\/wp-json\/wp\/v2\/product"}],"about":[{"href":"https:\/\/multi.snelprint.be\/fr\/wp-json\/wp\/v2\/types\/product"}],"replies":[{"embeddable":true,"href":"https:\/\/multi.snelprint.be\/fr\/wp-json\/wp\/v2\/comments?post=397"}],"wp:featuredmedia":[{"embeddable":true,"href":"https:\/\/multi.snelprint.be\/fr\/wp-json\/wp\/v2\/media\/340"}],"wp:attachment":[{"href":"https:\/\/multi.snelprint.be\/fr\/wp-json\/wp\/v2\/media?parent=397"}],"wp:term":[{"taxonomy":"product_brand","embeddable":true,"href":"https:\/\/multi.snelprint.be\/fr\/wp-json\/wp\/v2\/product_brand?post=397"},{"taxonomy":"product_cat","embeddable":true,"href":"https:\/\/multi.snelprint.be\/fr\/wp-json\/wp\/v2\/product_cat?post=397"},{"taxonomy":"product_tag","embeddable":true,"href":"https:\/\/multi.snelprint.be\/fr\/wp-json\/wp\/v2\/product_tag?post=397"}],"curies":[{"name":"wp","href":"https:\/\/api.w.org\/{rel}","templated":true}]}}