{"id":396,"date":"2024-11-22T21:29:09","date_gmt":"2024-11-22T21:29:09","guid":{"rendered":"https:\/\/multi.snelprint.be\/product\/interrupteur-horaire-avec-programme-hebdomadaire-tr-612-top-3-theben\/"},"modified":"2024-12-23T20:22:12","modified_gmt":"2024-12-23T20:22:12","slug":"interrupteur-horaire-avec-programme-hebdomadaire-tr-612-top-3-theben","status":"publish","type":"product","link":"https:\/\/multi.snelprint.be\/fr\/product\/interrupteur-horaire-avec-programme-hebdomadaire-tr-612-top-3-theben\/","title":{"rendered":"Interrupteur horaire avec programme hebdomadaire TR 612 top 3 | Theben"},"content":{"rendered":"<p>Horloge digitale avec programme hebdomadaire TR 612 top 3 &#8211; Theben<\/p>\n","protected":false},"excerpt":{"rendered":"<p>Horloge digitale avec programme hebdomadaire TR 612 top 3 &#8211; Theben<\/p>\n<ul>\n<li>2 canaux<\/li>\n<li>Programmation d&rsquo;applications<\/li>\n<li>Transfert s\u00e9curis\u00e9 avec Bluetooth Low Energy OBELISK top3<\/li>\n<li>Protection \u00e9lev\u00e9e contre les manipulations, les programmes de commutation horaire ne peuvent \u00eatre transf\u00e9r\u00e9s \u00e0 l&rsquo;appareil que lorsque le dongle est ins\u00e9r\u00e9 dans l&rsquo;horloge, aucun programme ne peut \u00eatre transf\u00e9r\u00e9 sans dongle.<\/li>\n<li>100 % compatible avec top2<\/li>\n<li>Pinces enfichables \u00e0 ressort DuoFix<\/li>\n<li>Pour 2 diapositives chacun<\/li>\n<li>Fil m\u00e9tallique ou fil de litz (avec ou sans embout)<\/li>\n<li>Diam\u00e8tre du fil : 0,5 &#8211; 2,5 mm\u00b2.<\/li>\n<\/ul>\n<p><a href=\"https:\/\/www.theben-nederland.nl\/nl\/tr-612-top3-6120130\">Informations techniques TR 612 top 3<\/a><\/p>\n","protected":false},"featured_media":335,"comment_status":"closed","ping_status":"closed","template":"","meta":[],"product_brand":[],"product_cat":[128],"product_tag":[67,61],"class_list":{"0":"post-396","1":"product","2":"type-product","3":"status-publish","4":"has-post-thumbnail","6":"product_cat-interrupteur_horaire","7":"product_tag-horloge","8":"product_tag-theben-fr","10":"first","11":"instock","12":"taxable","13":"shipping-taxable","14":"purchasable","15":"product-type-simple"},"_links":{"self":[{"href":"https:\/\/multi.snelprint.be\/fr\/wp-json\/wp\/v2\/product\/396","targetHints":{"allow":["GET"]}}],"collection":[{"href":"https:\/\/multi.snelprint.be\/fr\/wp-json\/wp\/v2\/product"}],"about":[{"href":"https:\/\/multi.snelprint.be\/fr\/wp-json\/wp\/v2\/types\/product"}],"replies":[{"embeddable":true,"href":"https:\/\/multi.snelprint.be\/fr\/wp-json\/wp\/v2\/comments?post=396"}],"wp:featuredmedia":[{"embeddable":true,"href":"https:\/\/multi.snelprint.be\/fr\/wp-json\/wp\/v2\/media\/335"}],"wp:attachment":[{"href":"https:\/\/multi.snelprint.be\/fr\/wp-json\/wp\/v2\/media?parent=396"}],"wp:term":[{"taxonomy":"product_brand","embeddable":true,"href":"https:\/\/multi.snelprint.be\/fr\/wp-json\/wp\/v2\/product_brand?post=396"},{"taxonomy":"product_cat","embeddable":true,"href":"https:\/\/multi.snelprint.be\/fr\/wp-json\/wp\/v2\/product_cat?post=396"},{"taxonomy":"product_tag","embeddable":true,"href":"https:\/\/multi.snelprint.be\/fr\/wp-json\/wp\/v2\/product_tag?post=396"}],"curies":[{"name":"wp","href":"https:\/\/api.w.org\/{rel}","templated":true}]}}