{"id":394,"date":"2024-11-22T21:29:09","date_gmt":"2024-11-22T21:29:09","guid":{"rendered":"https:\/\/multi.snelprint.be\/product\/changement-dheure-astro-avec-programme-hebdomadaire-selekta-172-top-3-theben\/"},"modified":"2024-12-23T20:22:09","modified_gmt":"2024-12-23T20:22:09","slug":"changement-dheure-astro-avec-programme-hebdomadaire-selekta-172-top-3-theben","status":"publish","type":"product","link":"https:\/\/multi.snelprint.be\/fr\/product\/changement-dheure-astro-avec-programme-hebdomadaire-selekta-172-top-3-theben\/","title":{"rendered":"Changement d&rsquo;heure astro avec programme hebdomadaire &#8211; Selekta 172 top 3 | Theben"},"content":{"rendered":"<p>Horloge Astro avec programme hebdomadaire &#8211; Selekta 172 top3 &#8211; Theben<\/p>\n<div id=\"ConnectiveDocSignExtentionInstalled\" data-extension-version=\"1.0.4\"><\/div>\n","protected":false},"excerpt":{"rendered":"<p>Horloge Astro avec programme hebdomadaire &#8211; Selekta 172 top3 &#8211; Theben<\/p>\n<ul>\n<li>2 canaux<\/li>\n<li>Programmation d&rsquo;applications possible<\/li>\n<li>Transfert s\u00e9curis\u00e9 avec option<\/li>\n<li>Bluetooth Low Energy OBELISK top3<\/li>\n<li>Protection maximale contre les manipulations, les programmes de minuterie ne peuvent \u00eatre transf\u00e9r\u00e9s de l&rsquo;application \u00e0 l&rsquo;horloge que lorsque l&rsquo;OBELISK top3 Bluetooth est branch\u00e9 sur l&rsquo;horloge 100% compatible avec top2<\/li>\n<li>3 programmes sp\u00e9ciaux (petit programme annuel)<\/li>\n<li>3 options cr\u00e9pusculaires individuelles et d\u00e9calage r\u00e9glable (coucher de soleil, cr\u00e9puscule, obscurit\u00e9)<\/li>\n<li>2 entr\u00e9es externes<\/li>\n<\/ul>\n<p><a href=\"https:\/\/www.theben-nederland.nl\/nl\/selekta-172-top3-1720130\">Informations techniques Selekta 172 top 3<\/a><\/p>\n<div id=\"ConnectiveDocSignExtentionInstalled\" data-extension-version=\"1.0.4\"><\/div>\n","protected":false},"featured_media":336,"comment_status":"closed","ping_status":"closed","template":"","meta":[],"product_brand":[],"product_cat":[128],"product_tag":[67,61],"class_list":{"0":"post-394","1":"product","2":"type-product","3":"status-publish","4":"has-post-thumbnail","6":"product_cat-interrupteur_horaire","7":"product_tag-horloge","8":"product_tag-theben-fr","10":"first","11":"outofstock","12":"taxable","13":"shipping-taxable","14":"purchasable","15":"product-type-simple"},"_links":{"self":[{"href":"https:\/\/multi.snelprint.be\/fr\/wp-json\/wp\/v2\/product\/394","targetHints":{"allow":["GET"]}}],"collection":[{"href":"https:\/\/multi.snelprint.be\/fr\/wp-json\/wp\/v2\/product"}],"about":[{"href":"https:\/\/multi.snelprint.be\/fr\/wp-json\/wp\/v2\/types\/product"}],"replies":[{"embeddable":true,"href":"https:\/\/multi.snelprint.be\/fr\/wp-json\/wp\/v2\/comments?post=394"}],"wp:featuredmedia":[{"embeddable":true,"href":"https:\/\/multi.snelprint.be\/fr\/wp-json\/wp\/v2\/media\/336"}],"wp:attachment":[{"href":"https:\/\/multi.snelprint.be\/fr\/wp-json\/wp\/v2\/media?parent=394"}],"wp:term":[{"taxonomy":"product_brand","embeddable":true,"href":"https:\/\/multi.snelprint.be\/fr\/wp-json\/wp\/v2\/product_brand?post=394"},{"taxonomy":"product_cat","embeddable":true,"href":"https:\/\/multi.snelprint.be\/fr\/wp-json\/wp\/v2\/product_cat?post=394"},{"taxonomy":"product_tag","embeddable":true,"href":"https:\/\/multi.snelprint.be\/fr\/wp-json\/wp\/v2\/product_tag?post=394"}],"curies":[{"name":"wp","href":"https:\/\/api.w.org\/{rel}","templated":true}]}}