{"id":392,"date":"2024-11-22T21:29:08","date_gmt":"2024-11-22T21:29:08","guid":{"rendered":"https:\/\/multi.snelprint.be\/product\/fsb61-230v\/"},"modified":"2025-05-14T20:20:44","modified_gmt":"2025-05-14T20:20:44","slug":"fsb61-230v","status":"publish","type":"product","link":"https:\/\/multi.snelprint.be\/fr\/product\/fsb61-230v\/","title":{"rendered":"FSB61-230V"},"content":{"rendered":"<p>Actionneur sans fil pour stores et volets roulants &#8211; FSB61-230V &#8211; Eltako<\/p>\n","protected":false},"excerpt":{"rendered":"<p>Actionneur sans fil pour stores et volets roulants &#8211; FSB61-230V &#8211; Eltako<\/p>\n<ul>\n<li>Sans connexion du conducteur neutre,<\/li>\n<li>1+1 contacts NO<\/li>\n<li>non potentiel<\/li>\n<li>4A\/250V AC, pour la commande de volets et de stores.<\/li>\n<li>Les t\u00e9l\u00e9grammes crypt\u00e9s, les communications radio bidirectionnelles et la fonction de r\u00e9p\u00e9tition peuvent \u00eatre activ\u00e9s.<\/li>\n<li>Seulement 0,8 watts de perte en veille.<\/li>\n<\/ul>\n<p><a href=\"https:\/\/www.eltako.com\/fileadmin\/downloads\/vl\/Technische_fiches\/Technische_fiche_wireless_FSB61-230V.pdf\">Fiche technique FSB61-230V<\/a><\/p>\n<p>&nbsp;<\/p>\n","protected":false},"featured_media":327,"comment_status":"closed","ping_status":"closed","template":"","meta":[],"product_brand":[116],"product_cat":[75],"product_tag":[64,76],"class_list":{"0":"post-392","1":"product","2":"type-product","3":"status-publish","4":"has-post-thumbnail","6":"product_brand-eltako","7":"product_cat-sans-fil","8":"product_tag-eltako-fr","9":"product_tag-sans-fil","11":"first","12":"instock","13":"taxable","14":"shipping-taxable","15":"purchasable","16":"product-type-simple"},"_links":{"self":[{"href":"https:\/\/multi.snelprint.be\/fr\/wp-json\/wp\/v2\/product\/392","targetHints":{"allow":["GET"]}}],"collection":[{"href":"https:\/\/multi.snelprint.be\/fr\/wp-json\/wp\/v2\/product"}],"about":[{"href":"https:\/\/multi.snelprint.be\/fr\/wp-json\/wp\/v2\/types\/product"}],"replies":[{"embeddable":true,"href":"https:\/\/multi.snelprint.be\/fr\/wp-json\/wp\/v2\/comments?post=392"}],"wp:featuredmedia":[{"embeddable":true,"href":"https:\/\/multi.snelprint.be\/fr\/wp-json\/wp\/v2\/media\/327"}],"wp:attachment":[{"href":"https:\/\/multi.snelprint.be\/fr\/wp-json\/wp\/v2\/media?parent=392"}],"wp:term":[{"taxonomy":"product_brand","embeddable":true,"href":"https:\/\/multi.snelprint.be\/fr\/wp-json\/wp\/v2\/product_brand?post=392"},{"taxonomy":"product_cat","embeddable":true,"href":"https:\/\/multi.snelprint.be\/fr\/wp-json\/wp\/v2\/product_cat?post=392"},{"taxonomy":"product_tag","embeddable":true,"href":"https:\/\/multi.snelprint.be\/fr\/wp-json\/wp\/v2\/product_tag?post=392"}],"curies":[{"name":"wp","href":"https:\/\/api.w.org\/{rel}","templated":true}]}}