{"id":391,"date":"2024-11-22T21:29:09","date_gmt":"2024-11-22T21:29:09","guid":{"rendered":"https:\/\/multi.snelprint.be\/product\/variateur-universel-dimax-544-plus-p-theben\/"},"modified":"2024-12-23T20:22:04","modified_gmt":"2024-12-23T20:22:04","slug":"variateur-universel-dimax-544-plus-p-theben","status":"publish","type":"product","link":"https:\/\/multi.snelprint.be\/fr\/product\/variateur-universel-dimax-544-plus-p-theben\/","title":{"rendered":"Variateur universel &#8211; DIMAX 544 plus P | Theben"},"content":{"rendered":"<p>Variateur universel &#8211; DIMAX 544 plus P &#8211; Theben<\/p>\n","protected":false},"excerpt":{"rendered":"<p>Variateur universel &#8211; DIMAX 544 plus P &#8211; Theben<\/p>\n<ul>\n<li>Variateur universel pour charge R, L et C avec reconnaissance automatique de la charge<\/li>\n<li>Commande par bouton ou application via Bluetooth Low Energy<\/li>\n<li>R\u00e9glages optimis\u00e9s pour les LED et les lampes \u00e0 incandescence<\/li>\n<li>Montage facile gr\u00e2ce \u00e0 un bo\u00eetier particuli\u00e8rement compact<\/li>\n<li>Id\u00e9al pour toutes les LED et lampes halog\u00e8nes graduables<\/li>\n<li>Fonction de m\u00e9moire, qui enregistre la derni\u00e8re valeur lumineuse r\u00e9gl\u00e9e et la diminue lorsque la lumi\u00e8re est rallum\u00e9e.<\/li>\n<li>Fonction \u00ab\u00a0snooze\u00a0\u00bb confortable<\/li>\n<li>Luminosit\u00e9 minimale r\u00e9glable pour les LED<\/li>\n<li>R\u00e9ponse de gradation r\u00e9glable<\/li>\n<li>Fonction d&rsquo;\u00e9clairage r\u00e9glable de l&rsquo;escalier<\/li>\n<\/ul>\n<p><a href=\"https:\/\/www.theben-nederland.nl\/nl\/dimax-544-plus-p-5440130\">Caract\u00e9ristiques techniques DIMAX 544 plus P<\/a><\/p>\n","protected":false},"featured_media":333,"comment_status":"closed","ping_status":"closed","template":"","meta":[],"product_brand":[],"product_cat":[77],"product_tag":[61,78],"class_list":{"0":"post-391","1":"product","2":"type-product","3":"status-publish","4":"has-post-thumbnail","6":"product_cat-variateurs","7":"product_tag-theben-fr","8":"product_tag-variateurs","10":"first","11":"instock","12":"taxable","13":"shipping-taxable","14":"purchasable","15":"product-type-simple"},"_links":{"self":[{"href":"https:\/\/multi.snelprint.be\/fr\/wp-json\/wp\/v2\/product\/391","targetHints":{"allow":["GET"]}}],"collection":[{"href":"https:\/\/multi.snelprint.be\/fr\/wp-json\/wp\/v2\/product"}],"about":[{"href":"https:\/\/multi.snelprint.be\/fr\/wp-json\/wp\/v2\/types\/product"}],"replies":[{"embeddable":true,"href":"https:\/\/multi.snelprint.be\/fr\/wp-json\/wp\/v2\/comments?post=391"}],"wp:featuredmedia":[{"embeddable":true,"href":"https:\/\/multi.snelprint.be\/fr\/wp-json\/wp\/v2\/media\/333"}],"wp:attachment":[{"href":"https:\/\/multi.snelprint.be\/fr\/wp-json\/wp\/v2\/media?parent=391"}],"wp:term":[{"taxonomy":"product_brand","embeddable":true,"href":"https:\/\/multi.snelprint.be\/fr\/wp-json\/wp\/v2\/product_brand?post=391"},{"taxonomy":"product_cat","embeddable":true,"href":"https:\/\/multi.snelprint.be\/fr\/wp-json\/wp\/v2\/product_cat?post=391"},{"taxonomy":"product_tag","embeddable":true,"href":"https:\/\/multi.snelprint.be\/fr\/wp-json\/wp\/v2\/product_tag?post=391"}],"curies":[{"name":"wp","href":"https:\/\/api.w.org\/{rel}","templated":true}]}}