{"id":390,"date":"2024-11-22T21:29:08","date_gmt":"2024-11-22T21:29:08","guid":{"rendered":"https:\/\/multi.snelprint.be\/product\/eud61npl-230v\/"},"modified":"2025-05-14T20:20:35","modified_gmt":"2025-05-14T20:20:35","slug":"eud61npl-230v","status":"publish","type":"product","link":"https:\/\/multi.snelprint.be\/fr\/product\/eud61npl-230v\/","title":{"rendered":"EUD61NPL-230V"},"content":{"rendered":"<p>Variateur universel \u00e0 encastrer sans connexion N EUD61NPL<\/p>\n","protected":false},"excerpt":{"rendered":"<p>Variateur universel encastr\u00e9 sans connexion N EUD61NPL Eltako<\/p>\n<ul>\n<li>Tension de commande universelle 8 \u00e0 253V AC ou 10 \u00e0 230V DC<\/li>\n<li>Pour l&rsquo;installation<\/li>\n<li>L:45mm, L=45mm, D=18mm<\/li>\n<li>Convient aux charges R, L et C jusqu&rsquo;\u00e0 400W<\/li>\n<li>Convient aux lampes \u00e0 \u00e9conomie d&rsquo;\u00e9nergie (ESL) graduables jusqu&rsquo;\u00e0 100W<\/li>\n<\/ul>\n<p><a href=\"https:\/\/www.eltako.com\/fileadmin\/downloads\/vl\/Technische_fiches\/Technische_fiche_EUD61NPL.pdf\">Fiche technique EUD61NPL<\/a><\/p>\n","protected":false},"featured_media":328,"comment_status":"closed","ping_status":"closed","template":"","meta":[],"product_brand":[116],"product_cat":[77],"product_tag":[64,78],"class_list":{"0":"post-390","1":"product","2":"type-product","3":"status-publish","4":"has-post-thumbnail","6":"product_brand-eltako","7":"product_cat-variateurs","8":"product_tag-eltako-fr","9":"product_tag-variateurs","11":"first","12":"instock","13":"taxable","14":"shipping-taxable","15":"purchasable","16":"product-type-simple"},"_links":{"self":[{"href":"https:\/\/multi.snelprint.be\/fr\/wp-json\/wp\/v2\/product\/390","targetHints":{"allow":["GET"]}}],"collection":[{"href":"https:\/\/multi.snelprint.be\/fr\/wp-json\/wp\/v2\/product"}],"about":[{"href":"https:\/\/multi.snelprint.be\/fr\/wp-json\/wp\/v2\/types\/product"}],"replies":[{"embeddable":true,"href":"https:\/\/multi.snelprint.be\/fr\/wp-json\/wp\/v2\/comments?post=390"}],"wp:featuredmedia":[{"embeddable":true,"href":"https:\/\/multi.snelprint.be\/fr\/wp-json\/wp\/v2\/media\/328"}],"wp:attachment":[{"href":"https:\/\/multi.snelprint.be\/fr\/wp-json\/wp\/v2\/media?parent=390"}],"wp:term":[{"taxonomy":"product_brand","embeddable":true,"href":"https:\/\/multi.snelprint.be\/fr\/wp-json\/wp\/v2\/product_brand?post=390"},{"taxonomy":"product_cat","embeddable":true,"href":"https:\/\/multi.snelprint.be\/fr\/wp-json\/wp\/v2\/product_cat?post=390"},{"taxonomy":"product_tag","embeddable":true,"href":"https:\/\/multi.snelprint.be\/fr\/wp-json\/wp\/v2\/product_tag?post=390"}],"curies":[{"name":"wp","href":"https:\/\/api.w.org\/{rel}","templated":true}]}}