{"id":389,"date":"2024-11-22T21:29:08","date_gmt":"2024-11-22T21:29:08","guid":{"rendered":"https:\/\/multi.snelprint.be\/product\/variateur-universel-dimax-532-plus-theben\/"},"modified":"2024-12-23T20:22:14","modified_gmt":"2024-12-23T20:22:14","slug":"variateur-universel-dimax-532-plus-theben","status":"publish","type":"product","link":"https:\/\/multi.snelprint.be\/fr\/product\/variateur-universel-dimax-532-plus-theben\/","title":{"rendered":"Variateur universel &#8211; DIMAX 532 plus | Theben"},"content":{"rendered":"<p>Variateur universel &#8211; DIMAX 532 plus &#8211; Theben<\/p>\n","protected":false},"excerpt":{"rendered":"<p>Variateur universel &#8211; DIMAX 532 plus &#8211; Theben<\/p>\n<ul>\n<li>Variateur universel pour charge R, L et C avec reconnaissance automatique de la charge<\/li>\n<li>Le seuil de luminosit\u00e9 peut \u00eatre m\u00e9moris\u00e9 individuellement<\/li>\n<li>Luminosit\u00e9 minimale r\u00e9glable (n\u00e9cessaire pour les lampes \u00e0 \u00e9conomie d&rsquo;\u00e9nergie ESL et les LED)<\/li>\n<li>Entr\u00e9e multi-tension, par exemple pour les syst\u00e8mes d&rsquo;interphone<\/li>\n<li>Faible consommation en veille<\/li>\n<li>Fonction de m\u00e9moire en cas de panne de courant<\/li>\n<li>Arr\u00eat \u00e9lectronique automatique en cas de surcharge et de surchauffe<\/li>\n<li>Fonction d&rsquo;allumage des gradateurs<\/li>\n<li>Fonction de marche continue (fonction d&rsquo;essai)<\/li>\n<li>Aucune charge minimale n&rsquo;est requise<\/li>\n<\/ul>\n<p><a href=\"https:\/\/www.theben-nederland.nl\/nl\/dimax-532-plus-5320001\">Caract\u00e9ristiques techniques DIMAX 532 plus<\/a><\/p>\n","protected":false},"featured_media":329,"comment_status":"closed","ping_status":"closed","template":"","meta":[],"product_brand":[],"product_cat":[77],"product_tag":[61,79],"class_list":{"0":"post-389","1":"product","2":"type-product","3":"status-publish","4":"has-post-thumbnail","6":"product_cat-variateurs","7":"product_tag-theben-fr","8":"product_tag-variateur","10":"first","11":"instock","12":"taxable","13":"shipping-taxable","14":"purchasable","15":"product-type-simple"},"_links":{"self":[{"href":"https:\/\/multi.snelprint.be\/fr\/wp-json\/wp\/v2\/product\/389","targetHints":{"allow":["GET"]}}],"collection":[{"href":"https:\/\/multi.snelprint.be\/fr\/wp-json\/wp\/v2\/product"}],"about":[{"href":"https:\/\/multi.snelprint.be\/fr\/wp-json\/wp\/v2\/types\/product"}],"replies":[{"embeddable":true,"href":"https:\/\/multi.snelprint.be\/fr\/wp-json\/wp\/v2\/comments?post=389"}],"wp:featuredmedia":[{"embeddable":true,"href":"https:\/\/multi.snelprint.be\/fr\/wp-json\/wp\/v2\/media\/329"}],"wp:attachment":[{"href":"https:\/\/multi.snelprint.be\/fr\/wp-json\/wp\/v2\/media?parent=389"}],"wp:term":[{"taxonomy":"product_brand","embeddable":true,"href":"https:\/\/multi.snelprint.be\/fr\/wp-json\/wp\/v2\/product_brand?post=389"},{"taxonomy":"product_cat","embeddable":true,"href":"https:\/\/multi.snelprint.be\/fr\/wp-json\/wp\/v2\/product_cat?post=389"},{"taxonomy":"product_tag","embeddable":true,"href":"https:\/\/multi.snelprint.be\/fr\/wp-json\/wp\/v2\/product_tag?post=389"}],"curies":[{"name":"wp","href":"https:\/\/api.w.org\/{rel}","templated":true}]}}