{"id":387,"date":"2024-11-22T21:29:08","date_gmt":"2024-11-22T21:29:08","guid":{"rendered":"https:\/\/multi.snelprint.be\/product\/variateur-universel-dimax-534-plus-theben\/"},"modified":"2024-12-23T20:22:43","modified_gmt":"2024-12-23T20:22:43","slug":"variateur-universel-dimax-534-plus-theben","status":"publish","type":"product","link":"https:\/\/multi.snelprint.be\/fr\/product\/variateur-universel-dimax-534-plus-theben\/","title":{"rendered":"Variateur universel &#8211; DIMAX 534 plus | Theben"},"content":{"rendered":"<p>Variateur universel &#8211; DIMAX 534 plus &#8211; Theben<\/p>\n","protected":false},"excerpt":{"rendered":"<p>Variateur universel &#8211; DIMAX 534 plus &#8211; Theben<\/p>\n<ul>\n<li>Variateur universel pour charge R, L et C avec reconnaissance automatique de la charge<\/li>\n<li>R\u00e9glage confort avec fonction de r\u00e9veil et de r\u00e9p\u00e9tition (\u00e9galement d\u00e9sactivable), par exemple pour les chambres d&rsquo;enfants.<\/li>\n<li>Vitesse de variation r\u00e9glable (pour les fonctions automatiques)<\/li>\n<li>Commandes \u00e0 un ou deux boutons pour une utilisation tr\u00e8s facile<\/li>\n<li>Max. 3 ambiances lumineuses pouvant \u00eatre appel\u00e9es par une entr\u00e9e s\u00e9par\u00e9e (module de diodes pour plus d&rsquo;une ambiance lumineuse requis)<\/li>\n<li>Un seul bouton-poussoir permet d&rsquo;activer, de d\u00e9sactiver ou d&rsquo;\u00e9clairer jusqu&rsquo;\u00e0 10 appareils.<\/li>\n<li>Fonction d&rsquo;\u00e9clairage de l&rsquo;escalier avec fonction de gradation conform\u00e9ment \u00e0 la norme DIN 18015 &#8211; 2 (apr\u00e8s commutation, fonction longue dur\u00e9e)<\/li>\n<li>Contr\u00f4lable par bouton-poussoir ou interrupteur, par exemple en combinaison avec des d\u00e9tecteurs de pr\u00e9sence ou des minuteries.<\/li>\n<li>Le seuil de luminosit\u00e9 peut \u00eatre m\u00e9moris\u00e9 individuellement<\/li>\n<li>Luminosit\u00e9 minimale r\u00e9glable (n\u00e9cessaire pour les lampes \u00e0 \u00e9conomie d&rsquo;\u00e9nergie ESL et les LED)<\/li>\n<\/ul>\n<p><a href=\"https:\/\/www.theben-nederland.nl\/nl\/dimax-534-plus-5340001\">Informations techniques DIMAX 534 plus<\/a><\/p>\n","protected":false},"featured_media":330,"comment_status":"closed","ping_status":"closed","template":"","meta":[],"product_brand":[],"product_cat":[77],"product_tag":[61,78],"class_list":{"0":"post-387","1":"product","2":"type-product","3":"status-publish","4":"has-post-thumbnail","6":"product_cat-variateurs","7":"product_tag-theben-fr","8":"product_tag-variateurs","10":"first","11":"instock","12":"taxable","13":"shipping-taxable","14":"purchasable","15":"product-type-simple"},"_links":{"self":[{"href":"https:\/\/multi.snelprint.be\/fr\/wp-json\/wp\/v2\/product\/387","targetHints":{"allow":["GET"]}}],"collection":[{"href":"https:\/\/multi.snelprint.be\/fr\/wp-json\/wp\/v2\/product"}],"about":[{"href":"https:\/\/multi.snelprint.be\/fr\/wp-json\/wp\/v2\/types\/product"}],"replies":[{"embeddable":true,"href":"https:\/\/multi.snelprint.be\/fr\/wp-json\/wp\/v2\/comments?post=387"}],"wp:featuredmedia":[{"embeddable":true,"href":"https:\/\/multi.snelprint.be\/fr\/wp-json\/wp\/v2\/media\/330"}],"wp:attachment":[{"href":"https:\/\/multi.snelprint.be\/fr\/wp-json\/wp\/v2\/media?parent=387"}],"wp:term":[{"taxonomy":"product_brand","embeddable":true,"href":"https:\/\/multi.snelprint.be\/fr\/wp-json\/wp\/v2\/product_brand?post=387"},{"taxonomy":"product_cat","embeddable":true,"href":"https:\/\/multi.snelprint.be\/fr\/wp-json\/wp\/v2\/product_cat?post=387"},{"taxonomy":"product_tag","embeddable":true,"href":"https:\/\/multi.snelprint.be\/fr\/wp-json\/wp\/v2\/product_tag?post=387"}],"curies":[{"name":"wp","href":"https:\/\/api.w.org\/{rel}","templated":true}]}}