{"id":386,"date":"2024-11-22T21:28:46","date_gmt":"2024-11-22T21:28:46","guid":{"rendered":"https:\/\/multi.snelprint.be\/product\/ft55-ws\/"},"modified":"2025-05-14T20:21:22","modified_gmt":"2025-05-14T20:21:22","slug":"ft55-ws","status":"publish","type":"product","link":"https:\/\/multi.snelprint.be\/fr\/product\/ft55-ws\/","title":{"rendered":"FT55-ws"},"content":{"rendered":"<p>Boutons-poussoirs radio FT55 ws &#8211; Eltako<\/p>\n","protected":false},"excerpt":{"rendered":"<p>Boutons-poussoirs radio, FT55 &#8211; Eltako<\/p>\n<ul>\n<li>taille ext\u00e9rieure 80x80mm, taille int\u00e9rieure du cadre 55x55mm<\/li>\n<li>15 mm d&rsquo;\u00e9paisseur.<br \/>\nG\u00e9n\u00e8re sa propre \u00e9nergie pour transmettre les t\u00e9l\u00e9grammes de transmission en appuyant sur le bouton, donc pas de ligne de connexion et pas de perte en attente.<\/li>\n<li>Avec cl\u00e9 et double cl\u00e9.<\/li>\n<li>Capteur pour maison intelligente.<\/li>\n<\/ul>\n<p><a href=\"https:\/\/www.eltako.com\/fileadmin\/downloads\/vl\/Technische_fiches\/Technische_fiche_wireless_FT55.pdf\">Fiche technique FT55-ws<\/a><\/p>\n","protected":false},"featured_media":323,"comment_status":"closed","ping_status":"closed","template":"","meta":[],"product_brand":[116],"product_cat":[75],"product_tag":[64,76],"class_list":{"0":"post-386","1":"product","2":"type-product","3":"status-publish","4":"has-post-thumbnail","6":"product_brand-eltako","7":"product_cat-sans-fil","8":"product_tag-eltako-fr","9":"product_tag-sans-fil","11":"first","12":"instock","13":"taxable","14":"shipping-taxable","15":"purchasable","16":"product-type-simple"},"_links":{"self":[{"href":"https:\/\/multi.snelprint.be\/fr\/wp-json\/wp\/v2\/product\/386","targetHints":{"allow":["GET"]}}],"collection":[{"href":"https:\/\/multi.snelprint.be\/fr\/wp-json\/wp\/v2\/product"}],"about":[{"href":"https:\/\/multi.snelprint.be\/fr\/wp-json\/wp\/v2\/types\/product"}],"replies":[{"embeddable":true,"href":"https:\/\/multi.snelprint.be\/fr\/wp-json\/wp\/v2\/comments?post=386"}],"wp:featuredmedia":[{"embeddable":true,"href":"https:\/\/multi.snelprint.be\/fr\/wp-json\/wp\/v2\/media\/323"}],"wp:attachment":[{"href":"https:\/\/multi.snelprint.be\/fr\/wp-json\/wp\/v2\/media?parent=386"}],"wp:term":[{"taxonomy":"product_brand","embeddable":true,"href":"https:\/\/multi.snelprint.be\/fr\/wp-json\/wp\/v2\/product_brand?post=386"},{"taxonomy":"product_cat","embeddable":true,"href":"https:\/\/multi.snelprint.be\/fr\/wp-json\/wp\/v2\/product_cat?post=386"},{"taxonomy":"product_tag","embeddable":true,"href":"https:\/\/multi.snelprint.be\/fr\/wp-json\/wp\/v2\/product_tag?post=386"}],"curies":[{"name":"wp","href":"https:\/\/api.w.org\/{rel}","templated":true}]}}