{"id":385,"date":"2024-11-22T21:29:08","date_gmt":"2024-11-22T21:29:08","guid":{"rendered":"https:\/\/multi.snelprint.be\/product\/variateur-universel-dimax-542-plus-s-theben\/"},"modified":"2024-12-23T20:22:40","modified_gmt":"2024-12-23T20:22:40","slug":"variateur-universel-dimax-542-plus-s-theben","status":"publish","type":"product","link":"https:\/\/multi.snelprint.be\/fr\/product\/variateur-universel-dimax-542-plus-s-theben\/","title":{"rendered":"Variateur universel &#8211; DIMAX 542 plus S | Theben"},"content":{"rendered":"<p>Variateur universel &#8211; DIMAX 542 plus S &#8211; Theben<\/p>\n","protected":false},"excerpt":{"rendered":"<p>Variateur universel &#8211; DIMAX 542 plus S &#8211; Theben<\/p>\n<ul>\n<li>Variateur universel pour charges R, L et C avec reconnaissance automatique de la charge<\/li>\n<li>Commande par bouton, r\u00e9glage par potentiom\u00e8tre<\/li>\n<li>Luminosit\u00e9 minimale r\u00e9glable pour les LED<\/li>\n<li>Le variateur universel se caract\u00e9rise par une commutation \u00ab\u00a0douce\u00a0\u00bb (qui m\u00e9nage la lampe), une reconnaissance automatique du type de charge, une protection contre la surchauffe et une protection contre les courts-circuits.<\/li>\n<li>R\u00e9glages optimis\u00e9s pour les LED et les lampes \u00e0 incandescence<\/li>\n<li>Montage facile gr\u00e2ce \u00e0 un bo\u00eetier particuli\u00e8rement compact<\/li>\n<li>Id\u00e9al pour toutes les LED et lampes halog\u00e8nes graduables<\/li>\n<li>Fonction m\u00e9moire : sauvegarde la derni\u00e8re valeur lumineuse r\u00e9gl\u00e9e et diminue cette valeur lorsque la lumi\u00e8re est rallum\u00e9e.<\/li>\n<li>Fonction \u00ab\u00a0snooze\u00a0\u00bb confortable<\/li>\n<\/ul>\n<p><a href=\"https:\/\/www.theben-nederland.nl\/nl\/dimax-542-plus-s-5420130\">Caract\u00e9ristiques techniques DIMAX 542 plus S<\/a><\/p>\n","protected":false},"featured_media":331,"comment_status":"closed","ping_status":"closed","template":"","meta":[],"product_brand":[],"product_cat":[77],"product_tag":[61,78],"class_list":{"0":"post-385","1":"product","2":"type-product","3":"status-publish","4":"has-post-thumbnail","6":"product_cat-variateurs","7":"product_tag-theben-fr","8":"product_tag-variateurs","10":"first","11":"instock","12":"taxable","13":"shipping-taxable","14":"purchasable","15":"product-type-simple"},"_links":{"self":[{"href":"https:\/\/multi.snelprint.be\/fr\/wp-json\/wp\/v2\/product\/385","targetHints":{"allow":["GET"]}}],"collection":[{"href":"https:\/\/multi.snelprint.be\/fr\/wp-json\/wp\/v2\/product"}],"about":[{"href":"https:\/\/multi.snelprint.be\/fr\/wp-json\/wp\/v2\/types\/product"}],"replies":[{"embeddable":true,"href":"https:\/\/multi.snelprint.be\/fr\/wp-json\/wp\/v2\/comments?post=385"}],"wp:featuredmedia":[{"embeddable":true,"href":"https:\/\/multi.snelprint.be\/fr\/wp-json\/wp\/v2\/media\/331"}],"wp:attachment":[{"href":"https:\/\/multi.snelprint.be\/fr\/wp-json\/wp\/v2\/media?parent=385"}],"wp:term":[{"taxonomy":"product_brand","embeddable":true,"href":"https:\/\/multi.snelprint.be\/fr\/wp-json\/wp\/v2\/product_brand?post=385"},{"taxonomy":"product_cat","embeddable":true,"href":"https:\/\/multi.snelprint.be\/fr\/wp-json\/wp\/v2\/product_cat?post=385"},{"taxonomy":"product_tag","embeddable":true,"href":"https:\/\/multi.snelprint.be\/fr\/wp-json\/wp\/v2\/product_tag?post=385"}],"curies":[{"name":"wp","href":"https:\/\/api.w.org\/{rel}","templated":true}]}}