{"id":384,"date":"2024-11-22T21:28:45","date_gmt":"2024-11-22T21:28:45","guid":{"rendered":"https:\/\/multi.snelprint.be\/product\/fam14\/"},"modified":"2025-05-14T20:21:59","modified_gmt":"2025-05-14T20:21:59","slug":"fam14","status":"publish","type":"product","link":"https:\/\/multi.snelprint.be\/fr\/product\/fam14\/","title":{"rendered":"FAM14"},"content":{"rendered":"<p>Module d&rsquo;antenne radio FAM14 &#8211; Eltako<\/p>\n","protected":false},"excerpt":{"rendered":"<p>Module d&rsquo;antenne radio FAM14 &#8211; Eltako<\/p>\n<ul>\n<li>Module d&rsquo;antenne sans fil pour le bus Eltako-RS485 avec antenne interchangeable.<\/li>\n<li>Avec alimentation int\u00e9gr\u00e9e 12 V\/8 W.<\/li>\n<li>Bidirectionnel.<\/li>\n<li>T\u00e9l\u00e9grammes crypt\u00e9s.<\/li>\n<li>Seulement 1 Watt de perte en veille.<\/li>\n<\/ul>\n<p><a href=\"https:\/\/www.eltako.com\/fileadmin\/downloads\/nl\/_bedienung\/FAM14_30014000-3_nl.pdf\">Fiche technique FAM14<\/a><\/p>\n<p>&nbsp;<\/p>\n","protected":false},"featured_media":318,"comment_status":"closed","ping_status":"closed","template":"","meta":[],"product_brand":[116],"product_cat":[75],"product_tag":[64,76],"class_list":{"0":"post-384","1":"product","2":"type-product","3":"status-publish","4":"has-post-thumbnail","6":"product_brand-eltako","7":"product_cat-sans-fil","8":"product_tag-eltako-fr","9":"product_tag-sans-fil","11":"first","12":"instock","13":"taxable","14":"shipping-taxable","15":"purchasable","16":"product-type-simple"},"_links":{"self":[{"href":"https:\/\/multi.snelprint.be\/fr\/wp-json\/wp\/v2\/product\/384","targetHints":{"allow":["GET"]}}],"collection":[{"href":"https:\/\/multi.snelprint.be\/fr\/wp-json\/wp\/v2\/product"}],"about":[{"href":"https:\/\/multi.snelprint.be\/fr\/wp-json\/wp\/v2\/types\/product"}],"replies":[{"embeddable":true,"href":"https:\/\/multi.snelprint.be\/fr\/wp-json\/wp\/v2\/comments?post=384"}],"wp:featuredmedia":[{"embeddable":true,"href":"https:\/\/multi.snelprint.be\/fr\/wp-json\/wp\/v2\/media\/318"}],"wp:attachment":[{"href":"https:\/\/multi.snelprint.be\/fr\/wp-json\/wp\/v2\/media?parent=384"}],"wp:term":[{"taxonomy":"product_brand","embeddable":true,"href":"https:\/\/multi.snelprint.be\/fr\/wp-json\/wp\/v2\/product_brand?post=384"},{"taxonomy":"product_cat","embeddable":true,"href":"https:\/\/multi.snelprint.be\/fr\/wp-json\/wp\/v2\/product_cat?post=384"},{"taxonomy":"product_tag","embeddable":true,"href":"https:\/\/multi.snelprint.be\/fr\/wp-json\/wp\/v2\/product_tag?post=384"}],"curies":[{"name":"wp","href":"https:\/\/api.w.org\/{rel}","templated":true}]}}