{"id":383,"date":"2024-11-22T21:29:07","date_gmt":"2024-11-22T21:29:07","guid":{"rendered":"https:\/\/multi.snelprint.be\/product\/fud14-actionneur-universel-de-variateur-de-lumiere\/"},"modified":"2025-08-22T14:22:52","modified_gmt":"2025-08-22T14:22:52","slug":"fud14-actionneur-universel-de-variateur-de-lumiere","status":"publish","type":"product","link":"https:\/\/multi.snelprint.be\/fr\/product\/fud14-actionneur-universel-de-variateur-de-lumiere\/","title":{"rendered":"FUD14 &#8211; Actionneur universel de variateur de lumi\u00e8re"},"content":{"rendered":"<p>Actionneur bus RS485 Actionneur variateur universel FUD14- Eltako<\/p>\n","protected":false},"excerpt":{"rendered":"<p>Actionneur universel de variateur de lumi\u00e8re FUD14- Eltako<\/p>\n<ul>\n<li>Variateur universel, MOSFET de puissance jusqu&rsquo;\u00e0 400W.<\/li>\n<li>Reconnaissance automatique des feux.<\/li>\n<li>Bidirectionnel.<\/li>\n<li>Seulement 0,3 watts de perte en veille.<\/li>\n<li>Luminosit\u00e9 et vitesse d&rsquo;att\u00e9nuation minimales et maximales r\u00e9glables.<\/li>\n<li>Avec commutation de l&rsquo;alarme maternelle, de l&rsquo;alarme de r\u00e9p\u00e9tition et de l&rsquo;alarme lumineuse.<\/li>\n<li>Possibilit\u00e9 de contr\u00f4ler l&rsquo;ambiance lumineuse et la lumi\u00e8re du jour.<\/li>\n<\/ul>\n<p><a href=\"https:\/\/www.eltako.com\/fileadmin\/downloads\/vl\/Technische_fiches\/BR14_Technische_fiche_FUD14.pdf\">Fiche technique FUD14<\/a><\/p>\n","protected":false},"featured_media":324,"comment_status":"closed","ping_status":"closed","template":"","meta":[],"product_brand":[116],"product_cat":[75],"product_tag":[64,76],"class_list":{"0":"post-383","1":"product","2":"type-product","3":"status-publish","4":"has-post-thumbnail","6":"product_brand-eltako","7":"product_cat-sans-fil","8":"product_tag-eltako-fr","9":"product_tag-sans-fil","11":"first","12":"instock","13":"taxable","14":"shipping-taxable","15":"purchasable","16":"product-type-simple"},"_links":{"self":[{"href":"https:\/\/multi.snelprint.be\/fr\/wp-json\/wp\/v2\/product\/383","targetHints":{"allow":["GET"]}}],"collection":[{"href":"https:\/\/multi.snelprint.be\/fr\/wp-json\/wp\/v2\/product"}],"about":[{"href":"https:\/\/multi.snelprint.be\/fr\/wp-json\/wp\/v2\/types\/product"}],"replies":[{"embeddable":true,"href":"https:\/\/multi.snelprint.be\/fr\/wp-json\/wp\/v2\/comments?post=383"}],"wp:featuredmedia":[{"embeddable":true,"href":"https:\/\/multi.snelprint.be\/fr\/wp-json\/wp\/v2\/media\/324"}],"wp:attachment":[{"href":"https:\/\/multi.snelprint.be\/fr\/wp-json\/wp\/v2\/media?parent=383"}],"wp:term":[{"taxonomy":"product_brand","embeddable":true,"href":"https:\/\/multi.snelprint.be\/fr\/wp-json\/wp\/v2\/product_brand?post=383"},{"taxonomy":"product_cat","embeddable":true,"href":"https:\/\/multi.snelprint.be\/fr\/wp-json\/wp\/v2\/product_cat?post=383"},{"taxonomy":"product_tag","embeddable":true,"href":"https:\/\/multi.snelprint.be\/fr\/wp-json\/wp\/v2\/product_tag?post=383"}],"curies":[{"name":"wp","href":"https:\/\/api.w.org\/{rel}","templated":true}]}}