{"id":382,"date":"2024-11-22T21:28:45","date_gmt":"2024-11-22T21:28:45","guid":{"rendered":"https:\/\/multi.snelprint.be\/product\/fld61\/"},"modified":"2025-05-14T20:21:50","modified_gmt":"2025-05-14T20:21:50","slug":"fld61","status":"publish","type":"product","link":"https:\/\/multi.snelprint.be\/fr\/product\/fld61\/","title":{"rendered":"FLD61"},"content":{"rendered":"<p>FLD61 Acteur sans fil &#8211; Variateur PWM pour lampes LED &#8211; Eltako<\/p>\n","protected":false},"excerpt":{"rendered":"<p>FLD61 Acteur sans fil &#8211; Variateur PWM pour lampes LED &#8211; Eltako<\/p>\n<ul>\n<li>Variateur PWM pour lampes LED 12-36 V DC jusqu&rsquo;\u00e0 4 A.<\/li>\n<li>Seulement 0,2-0,4 Watt de perte en veille.<\/li>\n<li>Intensit\u00e9 lumineuse minimale et vitesse de variation r\u00e9glables.<\/li>\n<li>Avec une cr\u00e8che et un interrupteur de sieste.<\/li>\n<li>Avec contr\u00f4le de la sph\u00e8re lumineuse par PC ou par boutons-poussoirs.<\/li>\n<li>T\u00e9l\u00e9grammes crypt\u00e9s,<\/li>\n<li>communication radio bidirectionnelle et fonction r\u00e9p\u00e9titeur.<\/li>\n<\/ul>\n<p><a href=\"https:\/\/www.eltako.com\/fileadmin\/downloads\/vl\/Technische_fiches\/Technische_fiche_wireless_FLD61.pdf\">Fiche technique FLD61<\/a><\/p>\n","protected":false},"featured_media":319,"comment_status":"closed","ping_status":"closed","template":"","meta":[],"product_brand":[116],"product_cat":[75],"product_tag":[64,76],"class_list":{"0":"post-382","1":"product","2":"type-product","3":"status-publish","4":"has-post-thumbnail","6":"product_brand-eltako","7":"product_cat-sans-fil","8":"product_tag-eltako-fr","9":"product_tag-sans-fil","11":"first","12":"instock","13":"taxable","14":"shipping-taxable","15":"purchasable","16":"product-type-simple"},"_links":{"self":[{"href":"https:\/\/multi.snelprint.be\/fr\/wp-json\/wp\/v2\/product\/382","targetHints":{"allow":["GET"]}}],"collection":[{"href":"https:\/\/multi.snelprint.be\/fr\/wp-json\/wp\/v2\/product"}],"about":[{"href":"https:\/\/multi.snelprint.be\/fr\/wp-json\/wp\/v2\/types\/product"}],"replies":[{"embeddable":true,"href":"https:\/\/multi.snelprint.be\/fr\/wp-json\/wp\/v2\/comments?post=382"}],"wp:featuredmedia":[{"embeddable":true,"href":"https:\/\/multi.snelprint.be\/fr\/wp-json\/wp\/v2\/media\/319"}],"wp:attachment":[{"href":"https:\/\/multi.snelprint.be\/fr\/wp-json\/wp\/v2\/media?parent=382"}],"wp:term":[{"taxonomy":"product_brand","embeddable":true,"href":"https:\/\/multi.snelprint.be\/fr\/wp-json\/wp\/v2\/product_brand?post=382"},{"taxonomy":"product_cat","embeddable":true,"href":"https:\/\/multi.snelprint.be\/fr\/wp-json\/wp\/v2\/product_cat?post=382"},{"taxonomy":"product_tag","embeddable":true,"href":"https:\/\/multi.snelprint.be\/fr\/wp-json\/wp\/v2\/product_tag?post=382"}],"curies":[{"name":"wp","href":"https:\/\/api.w.org\/{rel}","templated":true}]}}