{"id":381,"date":"2024-11-22T21:29:07","date_gmt":"2024-11-22T21:29:07","guid":{"rendered":"https:\/\/multi.snelprint.be\/product\/fmz61-230v\/"},"modified":"2025-05-14T20:21:04","modified_gmt":"2025-05-14T20:21:04","slug":"fmz61-230v","status":"publish","type":"product","link":"https:\/\/multi.snelprint.be\/fr\/product\/fmz61-230v\/","title":{"rendered":"FMZ61-230V"},"content":{"rendered":"<p>Acteur sans fil &#8211; Relais horaire multifonction FMZ61<\/p>\n","protected":false},"excerpt":{"rendered":"<p>Acteur sans fil &#8211; relais temporis\u00e9 multifonction &#8211; FMZ61-230V &#8211; Eltako<\/p>\n<ul>\n<li>1 contact NO, sans potentiel 10A\/250V AC, lampes \u00e0 incandescence jusqu&rsquo;\u00e0 2000W<\/li>\n<li>T\u00e9l\u00e9grammes crypt\u00e9s, bidirectionnels et avec fonction de r\u00e9p\u00e9tition commutable.<\/li>\n<li>Perte en veille de seulement 0,8 W<\/li>\n<\/ul>\n<p><a href=\"https:\/\/www.eltako.com\/fileadmin\/downloads\/nl\/_bedienung\/FMZ61_30100230-3_nl.pdf\">Fiche technique FMZ61<\/a><\/p>\n","protected":false},"featured_media":325,"comment_status":"closed","ping_status":"closed","template":"","meta":[],"product_brand":[116],"product_cat":[75],"product_tag":[64,76],"class_list":{"0":"post-381","1":"product","2":"type-product","3":"status-publish","4":"has-post-thumbnail","6":"product_brand-eltako","7":"product_cat-sans-fil","8":"product_tag-eltako-fr","9":"product_tag-sans-fil","11":"first","12":"instock","13":"taxable","14":"shipping-taxable","15":"purchasable","16":"product-type-simple"},"_links":{"self":[{"href":"https:\/\/multi.snelprint.be\/fr\/wp-json\/wp\/v2\/product\/381","targetHints":{"allow":["GET"]}}],"collection":[{"href":"https:\/\/multi.snelprint.be\/fr\/wp-json\/wp\/v2\/product"}],"about":[{"href":"https:\/\/multi.snelprint.be\/fr\/wp-json\/wp\/v2\/types\/product"}],"replies":[{"embeddable":true,"href":"https:\/\/multi.snelprint.be\/fr\/wp-json\/wp\/v2\/comments?post=381"}],"wp:featuredmedia":[{"embeddable":true,"href":"https:\/\/multi.snelprint.be\/fr\/wp-json\/wp\/v2\/media\/325"}],"wp:attachment":[{"href":"https:\/\/multi.snelprint.be\/fr\/wp-json\/wp\/v2\/media?parent=381"}],"wp:term":[{"taxonomy":"product_brand","embeddable":true,"href":"https:\/\/multi.snelprint.be\/fr\/wp-json\/wp\/v2\/product_brand?post=381"},{"taxonomy":"product_cat","embeddable":true,"href":"https:\/\/multi.snelprint.be\/fr\/wp-json\/wp\/v2\/product_cat?post=381"},{"taxonomy":"product_tag","embeddable":true,"href":"https:\/\/multi.snelprint.be\/fr\/wp-json\/wp\/v2\/product_tag?post=381"}],"curies":[{"name":"wp","href":"https:\/\/api.w.org\/{rel}","templated":true}]}}