{"id":380,"date":"2024-11-22T21:28:45","date_gmt":"2024-11-22T21:28:45","guid":{"rendered":"https:\/\/multi.snelprint.be\/product\/fsr61-230v\/"},"modified":"2025-05-14T20:21:40","modified_gmt":"2025-05-14T20:21:40","slug":"fsr61-230v","status":"publish","type":"product","link":"https:\/\/multi.snelprint.be\/fr\/product\/fsr61-230v\/","title":{"rendered":"FSR61-230V"},"content":{"rendered":"<p>Acteur sans fil &#8211; Interrupteur\/relais \u00e0 impulsion FSR61-230V &#8211; Eltako<\/p>\n","protected":false},"excerpt":{"rendered":"<p>Acteur sans filInterrupteur\/relais \u00e0 impulsion FSR61-230V &#8211; Eltako<\/p>\n<ul>\n<li>R\u00e9cepteur d&rsquo;interrupteur sans fil, relais d&rsquo;interrupteur \u00e0 impulsion.<\/li>\n<li>1 contact NO libre de potentiel 10A\/250V AC, lampes \u00e0 incandescence 2000 Watt, temporisation de la perte avec avertissement pr\u00e9alable \u00e0 l&rsquo;extinction et bouton d&rsquo;allumage continu de la lumi\u00e8re.<\/li>\n<li>Communication sans fil crypt\u00e9e, bidirectionnelle et fonction r\u00e9p\u00e9teur activ\u00e9es.<\/li>\n<li>En veille, la perte n&rsquo;est que de 0,3 \u00e0 0,8 watts.<\/li>\n<\/ul>\n<p><a href=\"https:\/\/www.eltako.com\/fileadmin\/downloads\/vl\/_bedienung\/FSR61_230V_30100005-4_flaem.pdf\">Fiche technique FSR61-230V<\/a><\/p>\n","protected":false},"featured_media":320,"comment_status":"closed","ping_status":"closed","template":"","meta":[],"product_brand":[116],"product_cat":[75],"product_tag":[64,76],"class_list":{"0":"post-380","1":"product","2":"type-product","3":"status-publish","4":"has-post-thumbnail","6":"product_brand-eltako","7":"product_cat-sans-fil","8":"product_tag-eltako-fr","9":"product_tag-sans-fil","11":"first","12":"instock","13":"taxable","14":"shipping-taxable","15":"purchasable","16":"product-type-simple"},"_links":{"self":[{"href":"https:\/\/multi.snelprint.be\/fr\/wp-json\/wp\/v2\/product\/380","targetHints":{"allow":["GET"]}}],"collection":[{"href":"https:\/\/multi.snelprint.be\/fr\/wp-json\/wp\/v2\/product"}],"about":[{"href":"https:\/\/multi.snelprint.be\/fr\/wp-json\/wp\/v2\/types\/product"}],"replies":[{"embeddable":true,"href":"https:\/\/multi.snelprint.be\/fr\/wp-json\/wp\/v2\/comments?post=380"}],"wp:featuredmedia":[{"embeddable":true,"href":"https:\/\/multi.snelprint.be\/fr\/wp-json\/wp\/v2\/media\/320"}],"wp:attachment":[{"href":"https:\/\/multi.snelprint.be\/fr\/wp-json\/wp\/v2\/media?parent=380"}],"wp:term":[{"taxonomy":"product_brand","embeddable":true,"href":"https:\/\/multi.snelprint.be\/fr\/wp-json\/wp\/v2\/product_brand?post=380"},{"taxonomy":"product_cat","embeddable":true,"href":"https:\/\/multi.snelprint.be\/fr\/wp-json\/wp\/v2\/product_cat?post=380"},{"taxonomy":"product_tag","embeddable":true,"href":"https:\/\/multi.snelprint.be\/fr\/wp-json\/wp\/v2\/product_tag?post=380"}],"curies":[{"name":"wp","href":"https:\/\/api.w.org\/{rel}","templated":true}]}}