{"id":379,"date":"2024-11-22T21:29:07","date_gmt":"2024-11-22T21:29:07","guid":{"rendered":"https:\/\/multi.snelprint.be\/product\/fud61npn-230v\/"},"modified":"2025-05-14T20:20:54","modified_gmt":"2025-05-14T20:20:54","slug":"fud61npn-230v","status":"publish","type":"product","link":"https:\/\/multi.snelprint.be\/fr\/product\/fud61npn-230v\/","title":{"rendered":"FUD61NPN-230V"},"content":{"rendered":"<p>Acteur sans fil &#8211; Variateur universel &#8211; FUD61NPN-230V &#8211; Eltako<\/p>\n","protected":false},"excerpt":{"rendered":"<p>Acteur sans fil &#8211; Variateur universel &#8211; FUD61NPN-230V &#8211; Eltako<\/p>\n<ul>\n<li>Variateur universel<\/li>\n<li>MOSFET de puissance 300W.<\/li>\n<li>Reconnaissance automatique des feux.<\/li>\n<li>Perte en veille de seulement 0,7 Watt. R\u00e9glage de la luminosit\u00e9 minimale ou de la vitesse d&rsquo;obscurcissement.<\/li>\n<li>Avec alarme lumineuse, nursery et interrupteur de r\u00e9p\u00e9tition.<\/li>\n<li>Avec des sph\u00e8res lumineuses. T\u00e9l\u00e9grammes crypt\u00e9s,<\/li>\n<li>la communication radio bidirectionnelle et la fonction de r\u00e9p\u00e9tition peuvent \u00eatre activ\u00e9es.<\/li>\n<li>Pour l&rsquo;installation.<\/li>\n<\/ul>\n<p><a href=\"https:\/\/www.eltako.com\/fileadmin\/downloads\/vl\/_bedienung\/FUD61NPN_30100835-8_flaem.pdf\">Fiche technique FUD61NPN-230V<\/a><\/p>\n","protected":false},"featured_media":326,"comment_status":"closed","ping_status":"closed","template":"","meta":[],"product_brand":[116],"product_cat":[75],"product_tag":[64,76],"class_list":{"0":"post-379","1":"product","2":"type-product","3":"status-publish","4":"has-post-thumbnail","6":"product_brand-eltako","7":"product_cat-sans-fil","8":"product_tag-eltako-fr","9":"product_tag-sans-fil","11":"first","12":"instock","13":"taxable","14":"shipping-taxable","15":"purchasable","16":"product-type-simple"},"_links":{"self":[{"href":"https:\/\/multi.snelprint.be\/fr\/wp-json\/wp\/v2\/product\/379","targetHints":{"allow":["GET"]}}],"collection":[{"href":"https:\/\/multi.snelprint.be\/fr\/wp-json\/wp\/v2\/product"}],"about":[{"href":"https:\/\/multi.snelprint.be\/fr\/wp-json\/wp\/v2\/types\/product"}],"replies":[{"embeddable":true,"href":"https:\/\/multi.snelprint.be\/fr\/wp-json\/wp\/v2\/comments?post=379"}],"wp:featuredmedia":[{"embeddable":true,"href":"https:\/\/multi.snelprint.be\/fr\/wp-json\/wp\/v2\/media\/326"}],"wp:attachment":[{"href":"https:\/\/multi.snelprint.be\/fr\/wp-json\/wp\/v2\/media?parent=379"}],"wp:term":[{"taxonomy":"product_brand","embeddable":true,"href":"https:\/\/multi.snelprint.be\/fr\/wp-json\/wp\/v2\/product_brand?post=379"},{"taxonomy":"product_cat","embeddable":true,"href":"https:\/\/multi.snelprint.be\/fr\/wp-json\/wp\/v2\/product_cat?post=379"},{"taxonomy":"product_tag","embeddable":true,"href":"https:\/\/multi.snelprint.be\/fr\/wp-json\/wp\/v2\/product_tag?post=379"}],"curies":[{"name":"wp","href":"https:\/\/api.w.org\/{rel}","templated":true}]}}