{"id":377,"date":"2024-11-22T21:29:11","date_gmt":"2024-11-22T21:29:11","guid":{"rendered":"https:\/\/multi.snelprint.be\/product\/tr-611-top-3-horloge-digitale-avec-programme-hebdomadaire\/"},"modified":"2025-05-17T21:01:36","modified_gmt":"2025-05-17T21:01:36","slug":"tr-611-top-3-horloge-digitale-avec-programme-hebdomadaire","status":"publish","type":"product","link":"https:\/\/multi.snelprint.be\/fr\/product\/tr-611-top-3-horloge-digitale-avec-programme-hebdomadaire\/","title":{"rendered":"TR 611 top 3 &#8211; Horloge digitale avec programme hebdomadaire"},"content":{"rendered":"<p>Horloge digitale avec programme hebdomadaire &#8211; TR 611 top 3 &#8211; Theben<\/p>\n","protected":false},"excerpt":{"rendered":"<p>Horloge digitale avec programme hebdomadaire &#8211; TR 611 top 3 &#8211; Theben<\/p>\n<ul>\n<li>Horloge digitale avec programme hebdomadaire<\/li>\n<li>Pinces enfichables \u00e0 ressort DuoFix<\/li>\n<li>Pour 2 diapositives chacun<\/li>\n<li>Fil m\u00e9tallique ou fil de litz (avec ou sans embout)<\/li>\n<li>Diam\u00e8tre du fil : 0,5 &#8211; 2,5 mm\u00b2.<\/li>\n<li>Bouton de commande pour d\u00e9brancher le connecteur<\/li>\n<li>Programmation textuelle sur l&rsquo;\u00e9cran<\/li>\n<li>Pr\u00e9s\u00e9lection de la date et de l&rsquo;heure<\/li>\n<li>Enti\u00e8rement utilisable sans raccordement au r\u00e9seau<\/li>\n<li>84 emplacements de m\u00e9moire<\/li>\n<li>Interface pour OBELISK top2 memory stick (programmation PC)<\/li>\n<li>2. Programme d&rsquo;interrupteurs enfichables<\/li>\n<li>Copie de programmes<\/li>\n<li>Sauvegarde du programme<\/li>\n<li>R\u00e9serve de marche de 10 ans (pile au lithium)<\/li>\n<li>Commutation z\u00e9ro-cross pour les commutations \u00e0 \u00e9conomie de relais et les charges de lampe \u00e9lev\u00e9es (pas avec les appareils 24 V)<\/li>\n<li>Temps de commutation ON-OFF<\/li>\n<li>Programme d&rsquo;impulsion<\/li>\n<li>Programme de cycle<\/li>\n<li>Pr\u00e9s\u00e9lection de la commutation<\/li>\n<li>Commutation continue MARCHE\/ARR\u00caT<\/li>\n<li>Compte \u00e0 rebours<\/li>\n<li>Compteur horaire int\u00e9gr\u00e9<\/li>\n<li>Option de r\u00e9initialisation<\/li>\n<li>Fonction de service pour le contr\u00f4le des intervalles de maintenance<\/li>\n<li>Programme de vacances<\/li>\n<li>2 programmes al\u00e9atoires<\/li>\n<li>\u00c9clairage de l&rsquo;\u00e9cran (commutable)<\/li>\n<li>Cryptage du code PIN<\/li>\n<li>Changement automatique de l&rsquo;heure d&rsquo;\u00e9t\u00e9 ou d&rsquo;hiver<\/li>\n<li>D\u00e9sactivable<\/li>\n<li>Les r\u00e8gles de basculement pour l&rsquo;Europe, les \u00c9tats-Unis et d&rsquo;autres pays sont d\u00e9j\u00e0 enregistr\u00e9es<\/li>\n<li>Ligne de commutation propre ou commutation \u00e0 date fixe s\u00e9lectionnable<\/li>\n<\/ul>\n<p><a href=\"https:\/\/www.theben-nederland.nl\/nl\/tr-611-top3-6110130\">Informations techniques TR 611 top 3<\/a><\/p>\n","protected":false},"featured_media":345,"comment_status":"closed","ping_status":"closed","template":"","meta":[],"product_brand":[],"product_cat":[128],"product_tag":[67,61],"class_list":{"0":"post-377","1":"product","2":"type-product","3":"status-publish","4":"has-post-thumbnail","6":"product_cat-interrupteur_horaire","7":"product_tag-horloge","8":"product_tag-theben-fr","10":"first","11":"instock","12":"taxable","13":"shipping-taxable","14":"purchasable","15":"product-type-simple"},"_links":{"self":[{"href":"https:\/\/multi.snelprint.be\/fr\/wp-json\/wp\/v2\/product\/377","targetHints":{"allow":["GET"]}}],"collection":[{"href":"https:\/\/multi.snelprint.be\/fr\/wp-json\/wp\/v2\/product"}],"about":[{"href":"https:\/\/multi.snelprint.be\/fr\/wp-json\/wp\/v2\/types\/product"}],"replies":[{"embeddable":true,"href":"https:\/\/multi.snelprint.be\/fr\/wp-json\/wp\/v2\/comments?post=377"}],"wp:featuredmedia":[{"embeddable":true,"href":"https:\/\/multi.snelprint.be\/fr\/wp-json\/wp\/v2\/media\/345"}],"wp:attachment":[{"href":"https:\/\/multi.snelprint.be\/fr\/wp-json\/wp\/v2\/media?parent=377"}],"wp:term":[{"taxonomy":"product_brand","embeddable":true,"href":"https:\/\/multi.snelprint.be\/fr\/wp-json\/wp\/v2\/product_brand?post=377"},{"taxonomy":"product_cat","embeddable":true,"href":"https:\/\/multi.snelprint.be\/fr\/wp-json\/wp\/v2\/product_cat?post=377"},{"taxonomy":"product_tag","embeddable":true,"href":"https:\/\/multi.snelprint.be\/fr\/wp-json\/wp\/v2\/product_tag?post=377"}],"curies":[{"name":"wp","href":"https:\/\/api.w.org\/{rel}","templated":true}]}}