{"id":376,"date":"2024-11-22T21:29:35","date_gmt":"2024-11-22T21:29:35","guid":{"rendered":"https:\/\/multi.snelprint.be\/product\/wnt15-24vdc-24w\/"},"modified":"2025-05-14T20:19:57","modified_gmt":"2025-05-14T20:19:57","slug":"wnt15-24vdc-24w","status":"publish","type":"product","link":"https:\/\/multi.snelprint.be\/fr\/product\/wnt15-24vdc-24w\/","title":{"rendered":"WNT15-24VDC\/24W"},"content":{"rendered":"<p>Alimentation WNT15-24VDC\/24W<\/p>\n","protected":false},"excerpt":{"rendered":"<p>WNT15-24VDC\/24W<\/p>\n<ul>\n<li>Bloc d&rsquo;alimentation \u00e0 commutation \u00e0 large bande.<\/li>\n<li>Puissance nominale 24W.<\/li>\n<li>En veille, la perte n&rsquo;est que de 0,1 watt.<\/li>\n<li>Appareils modulaires pour montage sur rail DIN 60715 TH35.<\/li>\n<li>1 module = 18 mm de large, 58 mm de profondeur.<\/li>\n<li>Lorsque la charge d\u00e9passe 50 % de la puissance nominale et toujours en pr\u00e9sence de blocs d&rsquo;alimentation \u00e0 d\u00e9coupage ou de gradateurs adjacents, un espace de ventilation de 1\/2 module doit \u00eatre maintenu avec les entretoises DS12 des deux c\u00f4t\u00e9s.<\/li>\n<li>Tension d&rsquo;entr\u00e9e \u00e0 large bande 88-264V AC (110V -20% \u00e0 240V +10%).<\/li>\n<li>Rendement 91%.<\/li>\n<li>Tension de sortie stabilis\u00e9e \u00b11%, faible onde r\u00e9siduelle.<\/li>\n<\/ul>\n<p>Cet appareil remplace le SNT12-24VDC-0.25A \/ SNT12-24VDC-0.5A \/ SNT12-24VDC-1A<\/p>\n<p><a href=\"https:\/\/www.eltako.com\/nl\/catalog\/products\/12\/wnt15-24vdc24w\" target=\"_blank\" rel=\"noopener noreferrer\">Informations techniques WNT15-24VDC\/24W<\/a><\/p>\n","protected":false},"featured_media":357,"comment_status":"closed","ping_status":"closed","template":"","meta":[],"product_brand":[116],"product_cat":[71],"product_tag":[73,64],"class_list":{"0":"post-376","1":"product","2":"type-product","3":"status-publish","4":"has-post-thumbnail","6":"product_brand-eltako","7":"product_cat-alimentations-electriques","8":"product_tag-alimentations-electriques","9":"product_tag-eltako-fr","11":"first","12":"instock","13":"taxable","14":"shipping-taxable","15":"purchasable","16":"product-type-simple"},"_links":{"self":[{"href":"https:\/\/multi.snelprint.be\/fr\/wp-json\/wp\/v2\/product\/376","targetHints":{"allow":["GET"]}}],"collection":[{"href":"https:\/\/multi.snelprint.be\/fr\/wp-json\/wp\/v2\/product"}],"about":[{"href":"https:\/\/multi.snelprint.be\/fr\/wp-json\/wp\/v2\/types\/product"}],"replies":[{"embeddable":true,"href":"https:\/\/multi.snelprint.be\/fr\/wp-json\/wp\/v2\/comments?post=376"}],"wp:featuredmedia":[{"embeddable":true,"href":"https:\/\/multi.snelprint.be\/fr\/wp-json\/wp\/v2\/media\/357"}],"wp:attachment":[{"href":"https:\/\/multi.snelprint.be\/fr\/wp-json\/wp\/v2\/media?parent=376"}],"wp:term":[{"taxonomy":"product_brand","embeddable":true,"href":"https:\/\/multi.snelprint.be\/fr\/wp-json\/wp\/v2\/product_brand?post=376"},{"taxonomy":"product_cat","embeddable":true,"href":"https:\/\/multi.snelprint.be\/fr\/wp-json\/wp\/v2\/product_cat?post=376"},{"taxonomy":"product_tag","embeddable":true,"href":"https:\/\/multi.snelprint.be\/fr\/wp-json\/wp\/v2\/product_tag?post=376"}],"curies":[{"name":"wp","href":"https:\/\/api.w.org\/{rel}","templated":true}]}}