{"id":375,"date":"2024-11-22T21:29:12","date_gmt":"2024-11-22T21:29:12","guid":{"rendered":"https:\/\/multi.snelprint.be\/product\/selekta-170-top-3\/"},"modified":"2025-05-17T21:01:33","modified_gmt":"2025-05-17T21:01:33","slug":"selekta-170-top-3","status":"publish","type":"product","link":"https:\/\/multi.snelprint.be\/fr\/product\/selekta-170-top-3\/","title":{"rendered":"Selekta 170 top 3"},"content":{"rendered":"<p>Horloge Astro avec programme hebdomadaire &#8211; Selekta 170 top3 &#8211; Theben<\/p>\n","protected":false},"excerpt":{"rendered":"<p>Horloge Astro avec programme hebdomadaire &#8211; Selekta 170 top3 RC &#8211; Theben<\/p>\n<ul>\n<li>Horloge astro avec programme hebdomadaire<\/li>\n<li>1 canal<\/li>\n<li>56 emplacements de m\u00e9moire<\/li>\n<li>Programmation d&rsquo;applications<\/li>\n<li>Transfert s\u00e9curis\u00e9 avec Bluetooth Low Energy OBELISK top3<\/li>\n<li>Protection \u00e9lev\u00e9e contre les manipulations, les programmes de commutation horaire ne peuvent \u00eatre transf\u00e9r\u00e9s \u00e0 l&rsquo;appareil que lorsque le dongle est ins\u00e9r\u00e9 dans l&rsquo;horloge, aucun programme ne peut \u00eatre transf\u00e9r\u00e9 sans dongle.<\/li>\n<li>100 % compatible avec top2<\/li>\n<li>Fonction de commutation astronomique (calcul automatique des heures de lever et de coucher du soleil pour toute l&rsquo;ann\u00e9e)<\/li>\n<li>D\u00e9calage pour l&rsquo;ajustement des heures de lever et de coucher du soleil<\/li>\n<li>Donn\u00e9es de position par coordonn\u00e9es ou liste de pays\/ville programmable<\/li>\n<\/ul>\n<p><a href=\"https:\/\/www.theben-nederland.nl\/ocsmedia\/optimized\/full\/o15417v78%20SELEKTA%20170%20top3%20-%20Infosheet%20.pdf\">Informations techniques Selekta 170 top 3<\/a><\/p>\n","protected":false},"featured_media":348,"comment_status":"closed","ping_status":"closed","template":"","meta":[],"product_brand":[],"product_cat":[128],"product_tag":[67,61],"class_list":{"0":"post-375","1":"product","2":"type-product","3":"status-publish","4":"has-post-thumbnail","6":"product_cat-interrupteur_horaire","7":"product_tag-horloge","8":"product_tag-theben-fr","10":"first","11":"outofstock","12":"taxable","13":"shipping-taxable","14":"purchasable","15":"product-type-simple"},"_links":{"self":[{"href":"https:\/\/multi.snelprint.be\/fr\/wp-json\/wp\/v2\/product\/375","targetHints":{"allow":["GET"]}}],"collection":[{"href":"https:\/\/multi.snelprint.be\/fr\/wp-json\/wp\/v2\/product"}],"about":[{"href":"https:\/\/multi.snelprint.be\/fr\/wp-json\/wp\/v2\/types\/product"}],"replies":[{"embeddable":true,"href":"https:\/\/multi.snelprint.be\/fr\/wp-json\/wp\/v2\/comments?post=375"}],"wp:featuredmedia":[{"embeddable":true,"href":"https:\/\/multi.snelprint.be\/fr\/wp-json\/wp\/v2\/media\/348"}],"wp:attachment":[{"href":"https:\/\/multi.snelprint.be\/fr\/wp-json\/wp\/v2\/media?parent=375"}],"wp:term":[{"taxonomy":"product_brand","embeddable":true,"href":"https:\/\/multi.snelprint.be\/fr\/wp-json\/wp\/v2\/product_brand?post=375"},{"taxonomy":"product_cat","embeddable":true,"href":"https:\/\/multi.snelprint.be\/fr\/wp-json\/wp\/v2\/product_cat?post=375"},{"taxonomy":"product_tag","embeddable":true,"href":"https:\/\/multi.snelprint.be\/fr\/wp-json\/wp\/v2\/product_tag?post=375"}],"curies":[{"name":"wp","href":"https:\/\/api.w.org\/{rel}","templated":true}]}}