{"id":370,"date":"2024-11-22T21:29:10","date_gmt":"2024-11-22T21:29:10","guid":{"rendered":"https:\/\/multi.snelprint.be\/product\/tm-345-m-relais-temporise-electronique\/"},"modified":"2024-12-23T20:21:53","modified_gmt":"2024-12-23T20:21:53","slug":"tm-345-m-relais-temporise-electronique","status":"publish","type":"product","link":"https:\/\/multi.snelprint.be\/fr\/product\/tm-345-m-relais-temporise-electronique\/","title":{"rendered":"TM 345 M &#8211; Relais temporis\u00e9 \u00e9lectronique"},"content":{"rendered":"<p>Relais temporis\u00e9 \u00e9lectronique &#8211; TM 345 M &#8211; Theben<\/p>\n","protected":false},"excerpt":{"rendered":"<p>Relais temporis\u00e9 \u00e9lectronique &#8211; TM 345 M &#8211; Theben<\/p>\n<ul>\n<li>Interrupteur de position pour s\u00e9lectionner la p\u00e9riode de temps ainsi que les modes de fonctionnement suivants :<\/li>\n<li>Retard \u00e0 la mise sous tension (AV), sans contact de commande<\/li>\n<li>Commutation \u00ab\u00a0wipe\u00a0\u00bb (EW), sans contact de commande<\/li>\n<li>Retard \u00e0 la retomb\u00e9e (RV), avec contact de commande<\/li>\n<li>Inverseur d&rsquo;impulsions (IF), avec contact de commande<\/li>\n<li>Retard \u00e0 l&rsquo;enclenchement et au d\u00e9clenchement (VZ), avec contact de commande<\/li>\n<li>Essuyage marche\/arr\u00eat (WR), avec contact de commande<\/li>\n<li>Bascule (TG), sans contact de commande<\/li>\n<li>Utilisation universelle pour le contr\u00f4le des fonctions automatiques des machines, de l&rsquo;\u00e9clairage, de la ventilation, du chauffage, des armoires, etc.<\/li>\n<\/ul>\n<p><a href=\"https:\/\/www.theben-nederland.nl\/nl\/tm-345-m-3450731\">Informations techniques TM 345 M<\/a><\/p>\n","protected":false},"featured_media":337,"comment_status":"closed","ping_status":"closed","template":"","meta":[],"product_brand":[],"product_cat":[15,146],"product_tag":[70,61],"class_list":{"0":"post-370","1":"product","2":"type-product","3":"status-publish","4":"has-post-thumbnail","6":"product_cat-geen-categorie","7":"product_cat-relais-temporises","8":"product_tag-relais-temporel","9":"product_tag-theben-fr","11":"first","12":"instock","13":"taxable","14":"shipping-taxable","15":"purchasable","16":"product-type-simple"},"_links":{"self":[{"href":"https:\/\/multi.snelprint.be\/fr\/wp-json\/wp\/v2\/product\/370","targetHints":{"allow":["GET"]}}],"collection":[{"href":"https:\/\/multi.snelprint.be\/fr\/wp-json\/wp\/v2\/product"}],"about":[{"href":"https:\/\/multi.snelprint.be\/fr\/wp-json\/wp\/v2\/types\/product"}],"replies":[{"embeddable":true,"href":"https:\/\/multi.snelprint.be\/fr\/wp-json\/wp\/v2\/comments?post=370"}],"wp:featuredmedia":[{"embeddable":true,"href":"https:\/\/multi.snelprint.be\/fr\/wp-json\/wp\/v2\/media\/337"}],"wp:attachment":[{"href":"https:\/\/multi.snelprint.be\/fr\/wp-json\/wp\/v2\/media?parent=370"}],"wp:term":[{"taxonomy":"product_brand","embeddable":true,"href":"https:\/\/multi.snelprint.be\/fr\/wp-json\/wp\/v2\/product_brand?post=370"},{"taxonomy":"product_cat","embeddable":true,"href":"https:\/\/multi.snelprint.be\/fr\/wp-json\/wp\/v2\/product_cat?post=370"},{"taxonomy":"product_tag","embeddable":true,"href":"https:\/\/multi.snelprint.be\/fr\/wp-json\/wp\/v2\/product_tag?post=370"}],"curies":[{"name":"wp","href":"https:\/\/api.w.org\/{rel}","templated":true}]}}