{"id":369,"date":"2024-11-22T21:29:11","date_gmt":"2024-11-22T21:29:11","guid":{"rendered":"https:\/\/multi.snelprint.be\/product\/elpa-6-plus-horloge-de-lescalier\/"},"modified":"2024-12-23T20:21:45","modified_gmt":"2024-12-23T20:21:45","slug":"elpa-6-plus-horloge-de-lescalier","status":"publish","type":"product","link":"https:\/\/multi.snelprint.be\/fr\/product\/elpa-6-plus-horloge-de-lescalier\/","title":{"rendered":"Elpa 6 plus &#8211; Horloge de l&rsquo;escalier"},"content":{"rendered":"<p>Minuterie d&rsquo;escalier &#8211; \u00e9lectronique &#8211; Elpa 6 plus &#8211; Theben<\/p>\n","protected":false},"excerpt":{"rendered":"<p>Minuterie d&rsquo;escalier &#8211; \u00e9lectroniquement Elpa 6 plus &#8211; Theben<\/p>\n<ul>\n<li>Commutation sans croisement pour \u00e9conomiser le contact du relais et l&rsquo;\u00e9clairage, c&rsquo;est-\u00e0-dire que la dur\u00e9e de vie de l&rsquo;\u00e9clairage est prolong\u00e9e.<\/li>\n<li>Appareil multifonctionnel avec 10 fonctions s\u00e9lectionnables, r\u00e9glables sur la face avant de l&rsquo;appareil<\/li>\n<li>Avertissement de coupure \u00e0 l&rsquo;avance (2x clignotement) pour la LED<\/li>\n<li>Activez la fonction longue dur\u00e9e en appuyant longuement sur la touche<\/li>\n<li>Commutable imm\u00e9diatement (interrupteur d&rsquo;escalier) ou pr\u00e9matur\u00e9ment (interrupteur de surtension avec temporisation)<\/li>\n<li>Disjoncteur<\/li>\n<li>\u00c9clairage permanent<\/li>\n<li>Positionnement de la pince comme ELPA 8<\/li>\n<li>Grande pr\u00e9cision de marche<\/li>\n<li>Entr\u00e9e de d\u00e9clenchement d&rsquo;impulsion avec protection \u00e9lectronique contre les surcharges<\/li>\n<li>Reconnaissance automatique \u00e0 3 ou 4 fils (4 fils avec connexion pour les projecteurs, 3 fils n&rsquo;est plus autoris\u00e9 pour les nouvelles installations)<\/li>\n<\/ul>\n<p><a href=\"https:\/\/www.theben-nederland.nl\/nl\/elpa-6-plus-0060003\">Informations techniques Elpa 6 plus<\/a><\/p>\n","protected":false},"featured_media":342,"comment_status":"closed","ping_status":"closed","template":"","meta":[],"product_brand":[],"product_cat":[68],"product_tag":[69,61],"class_list":{"0":"post-369","1":"product","2":"type-product","3":"status-publish","4":"has-post-thumbnail","6":"product_cat-minuteries-descalier","7":"product_tag-controleur-declairage-descalier","8":"product_tag-theben-fr","10":"first","11":"instock","12":"taxable","13":"shipping-taxable","14":"purchasable","15":"product-type-simple"},"_links":{"self":[{"href":"https:\/\/multi.snelprint.be\/fr\/wp-json\/wp\/v2\/product\/369","targetHints":{"allow":["GET"]}}],"collection":[{"href":"https:\/\/multi.snelprint.be\/fr\/wp-json\/wp\/v2\/product"}],"about":[{"href":"https:\/\/multi.snelprint.be\/fr\/wp-json\/wp\/v2\/types\/product"}],"replies":[{"embeddable":true,"href":"https:\/\/multi.snelprint.be\/fr\/wp-json\/wp\/v2\/comments?post=369"}],"wp:featuredmedia":[{"embeddable":true,"href":"https:\/\/multi.snelprint.be\/fr\/wp-json\/wp\/v2\/media\/342"}],"wp:attachment":[{"href":"https:\/\/multi.snelprint.be\/fr\/wp-json\/wp\/v2\/media?parent=369"}],"wp:term":[{"taxonomy":"product_brand","embeddable":true,"href":"https:\/\/multi.snelprint.be\/fr\/wp-json\/wp\/v2\/product_brand?post=369"},{"taxonomy":"product_cat","embeddable":true,"href":"https:\/\/multi.snelprint.be\/fr\/wp-json\/wp\/v2\/product_cat?post=369"},{"taxonomy":"product_tag","embeddable":true,"href":"https:\/\/multi.snelprint.be\/fr\/wp-json\/wp\/v2\/product_tag?post=369"}],"curies":[{"name":"wp","href":"https:\/\/api.w.org\/{rel}","templated":true}]}}