{"id":368,"date":"2024-11-22T21:29:33","date_gmt":"2024-11-22T21:29:33","guid":{"rendered":"https:\/\/multi.snelprint.be\/product\/luna-121-top3-rc-el\/"},"modified":"2025-05-17T21:01:21","modified_gmt":"2025-05-17T21:01:21","slug":"luna-121-top3-rc-el","status":"publish","type":"product","link":"https:\/\/multi.snelprint.be\/fr\/product\/luna-121-top3-rc-el\/","title":{"rendered":"LUNA 121 top3 RC EL"},"content":{"rendered":"<p>Interrupteur cr\u00e9pusculaire avec minuterie hebdomadaire int\u00e9gr\u00e9e &#8211; LUNA 121 top3 RC EL &#8211; Theben<\/p>\n","protected":false},"excerpt":{"rendered":"<p>Interrupteur cr\u00e9pusculaire avec minuterie hebdomadaire int\u00e9gr\u00e9e &#8211; LUNA 121 top3 RC EL &#8211; Theben<\/p>\n<ul>\n<li>Interrupteur cr\u00e9pusculaire avec minuterie hebdomadaire int\u00e9gr\u00e9e<\/li>\n<li>Capteur de lumi\u00e8re externe inclus<\/li>\n<li>1 canal<\/li>\n<li>Entr\u00e9e de commande externe<\/li>\n<li>Contr\u00f4le sans fil du GPS\/DCF77 via une antenne externe<\/li>\n<li>3 programmes sp\u00e9ciaux avec fonction annuelle<\/li>\n<li>84 emplacements de m\u00e9moire<\/li>\n<li>Programmation d&rsquo;applications<\/li>\n<li>Transfert s\u00e9curis\u00e9 avec Bluetooth Low Energy OBELISK top3<\/li>\n<li>Protection \u00e9lev\u00e9e contre les manipulations, les programmes ne peuvent \u00eatre transf\u00e9r\u00e9s vers l&rsquo;appareil que lorsque le dongle est ins\u00e9r\u00e9 dans l&rsquo;horloge, aucun programme ne peut \u00eatre transf\u00e9r\u00e9 sans dongle.<\/li>\n<\/ul>\n<p>Informations techniques <a href=\"https:\/\/www.theben-nederland.nl\/ocsmedia\/optimized\/full\/o35125v78%20LUNA%20121%20top3%20RC%20EL%20-%20Infosheet%20.pdf\">LUNA 121 top3 RC EL<\/a><\/p>\n","protected":false},"featured_media":352,"comment_status":"closed","ping_status":"closed","template":"","meta":[],"product_brand":[],"product_cat":[15,145],"product_tag":[62,61],"class_list":{"0":"post-368","1":"product","2":"type-product","3":"status-publish","4":"has-post-thumbnail","6":"product_cat-geen-categorie","7":"product_cat-interrupteurs_crepusculaires","8":"product_tag-interrupteur-crepusculaire","9":"product_tag-theben-fr","11":"first","12":"instock","13":"taxable","14":"shipping-taxable","15":"purchasable","16":"product-type-simple"},"_links":{"self":[{"href":"https:\/\/multi.snelprint.be\/fr\/wp-json\/wp\/v2\/product\/368","targetHints":{"allow":["GET"]}}],"collection":[{"href":"https:\/\/multi.snelprint.be\/fr\/wp-json\/wp\/v2\/product"}],"about":[{"href":"https:\/\/multi.snelprint.be\/fr\/wp-json\/wp\/v2\/types\/product"}],"replies":[{"embeddable":true,"href":"https:\/\/multi.snelprint.be\/fr\/wp-json\/wp\/v2\/comments?post=368"}],"wp:featuredmedia":[{"embeddable":true,"href":"https:\/\/multi.snelprint.be\/fr\/wp-json\/wp\/v2\/media\/352"}],"wp:attachment":[{"href":"https:\/\/multi.snelprint.be\/fr\/wp-json\/wp\/v2\/media?parent=368"}],"wp:term":[{"taxonomy":"product_brand","embeddable":true,"href":"https:\/\/multi.snelprint.be\/fr\/wp-json\/wp\/v2\/product_brand?post=368"},{"taxonomy":"product_cat","embeddable":true,"href":"https:\/\/multi.snelprint.be\/fr\/wp-json\/wp\/v2\/product_cat?post=368"},{"taxonomy":"product_tag","embeddable":true,"href":"https:\/\/multi.snelprint.be\/fr\/wp-json\/wp\/v2\/product_tag?post=368"}],"curies":[{"name":"wp","href":"https:\/\/api.w.org\/{rel}","templated":true}]}}