{"id":367,"date":"2024-11-22T21:29:10","date_gmt":"2024-11-22T21:29:10","guid":{"rendered":"https:\/\/multi.snelprint.be\/product\/tm-345-b-relais-temporise-electronique\/"},"modified":"2024-12-23T20:21:51","modified_gmt":"2024-12-23T20:21:51","slug":"tm-345-b-relais-temporise-electronique","status":"publish","type":"product","link":"https:\/\/multi.snelprint.be\/fr\/product\/tm-345-b-relais-temporise-electronique\/","title":{"rendered":"TM 345 B &#8211; Relais temporis\u00e9 \u00e9lectronique"},"content":{"rendered":"<p>Relais temporis\u00e9 \u00e9lectronique &#8211; TM 345 B &#8211; Theben<\/p>\n","protected":false},"excerpt":{"rendered":"<p>Relais temporis\u00e9 \u00e9lectronique &#8211; TM 345 B &#8211; Theben<\/p>\n<ul>\n<li>Avec fonction flip-flop<\/li>\n<li>Dur\u00e9es d&rsquo;impulsion et de pause r\u00e9glables ind\u00e9pendamment l&rsquo;une de l&rsquo;autre<\/li>\n<li>\nUtilisation universelle pour la commande de fonctions automatiques dans les machines, l&rsquo;\u00e9clairage, la ventilation, le chauffage, les armoires, etc. R\u00e9glage pr\u00e9cis de l&rsquo;heure analogique<\/li>\n<li>Entr\u00e9e \u00e0 tension multiple pour toutes les tensions d&rsquo;alimentation et de commande, sans pontage de fils ni bornes suppl\u00e9mentaires.<\/li>\n<li>LED pour l&rsquo;affichage de l&rsquo;\u00e9tat de commutation<\/li>\n<\/ul>\n<p><a href=\"https:\/\/www.theben-nederland.nl\/nl\/tm-345-b-3450730\">Informations techniques TM 345 B<\/a><\/p>\n","protected":false},"featured_media":338,"comment_status":"closed","ping_status":"closed","template":"","meta":[],"product_brand":[],"product_cat":[15,146],"product_tag":[70,61],"class_list":{"0":"post-367","1":"product","2":"type-product","3":"status-publish","4":"has-post-thumbnail","6":"product_cat-geen-categorie","7":"product_cat-relais-temporises","8":"product_tag-relais-temporel","9":"product_tag-theben-fr","11":"first","12":"instock","13":"taxable","14":"shipping-taxable","15":"purchasable","16":"product-type-simple"},"_links":{"self":[{"href":"https:\/\/multi.snelprint.be\/fr\/wp-json\/wp\/v2\/product\/367","targetHints":{"allow":["GET"]}}],"collection":[{"href":"https:\/\/multi.snelprint.be\/fr\/wp-json\/wp\/v2\/product"}],"about":[{"href":"https:\/\/multi.snelprint.be\/fr\/wp-json\/wp\/v2\/types\/product"}],"replies":[{"embeddable":true,"href":"https:\/\/multi.snelprint.be\/fr\/wp-json\/wp\/v2\/comments?post=367"}],"wp:featuredmedia":[{"embeddable":true,"href":"https:\/\/multi.snelprint.be\/fr\/wp-json\/wp\/v2\/media\/338"}],"wp:attachment":[{"href":"https:\/\/multi.snelprint.be\/fr\/wp-json\/wp\/v2\/media?parent=367"}],"wp:term":[{"taxonomy":"product_brand","embeddable":true,"href":"https:\/\/multi.snelprint.be\/fr\/wp-json\/wp\/v2\/product_brand?post=367"},{"taxonomy":"product_cat","embeddable":true,"href":"https:\/\/multi.snelprint.be\/fr\/wp-json\/wp\/v2\/product_cat?post=367"},{"taxonomy":"product_tag","embeddable":true,"href":"https:\/\/multi.snelprint.be\/fr\/wp-json\/wp\/v2\/product_tag?post=367"}],"curies":[{"name":"wp","href":"https:\/\/api.w.org\/{rel}","templated":true}]}}