{"id":366,"date":"2024-11-22T21:29:11","date_gmt":"2024-11-22T21:29:11","guid":{"rendered":"https:\/\/multi.snelprint.be\/product\/elpa-9-horloge-de-lescalier\/"},"modified":"2025-05-17T21:01:43","modified_gmt":"2025-05-17T21:01:43","slug":"elpa-9-horloge-de-lescalier","status":"publish","type":"product","link":"https:\/\/multi.snelprint.be\/fr\/product\/elpa-9-horloge-de-lescalier\/","title":{"rendered":"Elpa 9 &#8211; Horloge de l&rsquo;escalier"},"content":{"rendered":"<p>Minuterie d&rsquo;escalier &#8211; \u00e9lectrom\u00e9canique &#8211; Elpa 9 &#8211; Theben<\/p>\n","protected":false},"excerpt":{"rendered":"<p>Minuterie d&rsquo;escalier &#8211; \u00e9lectrom\u00e9canique Elpa 9 &#8211; Theben<\/p>\n<ul>\n<li>Minuterie d&rsquo;escalier, \u00e9lectrom\u00e9canique<\/li>\n<li>Syst\u00e8me de connexion \u00e0 3 fils et \u00e9clairage au sol, mais sans commutation secondaire (plus autoris\u00e9 pour les nouvelles installations)<\/li>\n<li>Positionnement de la pince comme ELPA 8<\/li>\n<li>Pas de consommation de courant \u00e0 vide<\/li>\n<li>Interrupteur \u00e0 bascule pour l&rsquo;\u00e9clairage permanent<\/li>\n<li>Extr\u00eamement fiable gr\u00e2ce \u00e0 l&rsquo;entra\u00eenement par moteur synchrone<\/li>\n<li>Mise \u00e0 l&rsquo;heure tr\u00e8s simple et lecture instantan\u00e9e du temps de retard sur une \u00e9chelle absolue<\/li>\n<li>M\u00e9canique de pr\u00e9cision et donc temps de commutation pr\u00e9cis<\/li>\n<li>Tr\u00e8s insensible aux interf\u00e9rences<\/li>\n<\/ul>\n<p><a href=\"https:\/\/www.theben-nederland.nl\/nl\/elpa-9-0090001\">Informations techniques Elpa 9<\/a><\/p>\n","protected":false},"featured_media":343,"comment_status":"closed","ping_status":"closed","template":"","meta":[],"product_brand":[],"product_cat":[68],"product_tag":[69,61],"class_list":{"0":"post-366","1":"product","2":"type-product","3":"status-publish","4":"has-post-thumbnail","6":"product_cat-minuteries-descalier","7":"product_tag-controleur-declairage-descalier","8":"product_tag-theben-fr","10":"first","11":"instock","12":"taxable","13":"shipping-taxable","14":"purchasable","15":"product-type-simple"},"_links":{"self":[{"href":"https:\/\/multi.snelprint.be\/fr\/wp-json\/wp\/v2\/product\/366","targetHints":{"allow":["GET"]}}],"collection":[{"href":"https:\/\/multi.snelprint.be\/fr\/wp-json\/wp\/v2\/product"}],"about":[{"href":"https:\/\/multi.snelprint.be\/fr\/wp-json\/wp\/v2\/types\/product"}],"replies":[{"embeddable":true,"href":"https:\/\/multi.snelprint.be\/fr\/wp-json\/wp\/v2\/comments?post=366"}],"wp:featuredmedia":[{"embeddable":true,"href":"https:\/\/multi.snelprint.be\/fr\/wp-json\/wp\/v2\/media\/343"}],"wp:attachment":[{"href":"https:\/\/multi.snelprint.be\/fr\/wp-json\/wp\/v2\/media?parent=366"}],"wp:term":[{"taxonomy":"product_brand","embeddable":true,"href":"https:\/\/multi.snelprint.be\/fr\/wp-json\/wp\/v2\/product_brand?post=366"},{"taxonomy":"product_cat","embeddable":true,"href":"https:\/\/multi.snelprint.be\/fr\/wp-json\/wp\/v2\/product_cat?post=366"},{"taxonomy":"product_tag","embeddable":true,"href":"https:\/\/multi.snelprint.be\/fr\/wp-json\/wp\/v2\/product_tag?post=366"}],"curies":[{"name":"wp","href":"https:\/\/api.w.org\/{rel}","templated":true}]}}