{"id":365,"date":"2024-11-22T21:29:12","date_gmt":"2024-11-22T21:29:12","guid":{"rendered":"https:\/\/multi.snelprint.be\/product\/selekta-172-top-3-rc\/"},"modified":"2025-05-17T21:01:27","modified_gmt":"2025-05-17T21:01:27","slug":"selekta-172-top-3-rc","status":"publish","type":"product","link":"https:\/\/multi.snelprint.be\/fr\/product\/selekta-172-top-3-rc\/","title":{"rendered":"Selekta 172 top 3 RC"},"content":{"rendered":"<p>Horloge Astro avec programme hebdomadaire &#8211; Selekta 172 top3 RC &#8211; Theben<\/p>\n","protected":false},"excerpt":{"rendered":"<p>Horloge Astro avec programme hebdomadaire &#8211; Selekta 172 top3 RC &#8211; Theben<\/p>\n<ul>\n<li>Horloge astro avec programme hebdomadaire<\/li>\n<li>Synchronisation horaire possible par le raccordement d&rsquo;une antenne externe, par exemple l&rsquo;antenne top2 RC-DCF ou l&rsquo;antenne top2 GPS.<\/li>\n<li>2 canaux<\/li>\n<li>Programmation d&rsquo;applications possible<\/li>\n<li>Transfert s\u00e9curis\u00e9 avec l&rsquo;OBELISK top3 Bluetooth Low Energy en option<\/li>\n<li>Protection maximale contre les manipulations, les programmes de minuterie ne peuvent \u00eatre transf\u00e9r\u00e9s de l&rsquo;application \u00e0 l&rsquo;horloge que lorsque l&rsquo;OBELISK top3 Bluetooth est branch\u00e9 sur l&rsquo;horloge.<\/li>\n<li>100% compatible avec top2<\/li>\n<li>3 programmes sp\u00e9ciaux (petit programme annuel)<\/li>\n<li>3 options cr\u00e9pusculaires individuelles et d\u00e9calage r\u00e9glable (coucher de soleil, cr\u00e9puscule, obscurit\u00e9)<\/li>\n<li>Astro-pulse<\/li>\n<\/ul>\n<p><a href=\"https:\/\/www.theben-nederland.nl\/ocsmedia\/optimized\/full\/o35195v78%20SELEKTA%20172%20top3%20RC%20-%20Infosheet%20.pdf\">Informations techniques Selekta 172 top 3 RC<\/a><\/p>\n","protected":false},"featured_media":347,"comment_status":"closed","ping_status":"closed","template":"","meta":[],"product_brand":[],"product_cat":[128],"product_tag":[67,61],"class_list":{"0":"post-365","1":"product","2":"type-product","3":"status-publish","4":"has-post-thumbnail","6":"product_cat-interrupteur_horaire","7":"product_tag-horloge","8":"product_tag-theben-fr","10":"first","11":"instock","12":"taxable","13":"shipping-taxable","14":"purchasable","15":"product-type-simple"},"_links":{"self":[{"href":"https:\/\/multi.snelprint.be\/fr\/wp-json\/wp\/v2\/product\/365","targetHints":{"allow":["GET"]}}],"collection":[{"href":"https:\/\/multi.snelprint.be\/fr\/wp-json\/wp\/v2\/product"}],"about":[{"href":"https:\/\/multi.snelprint.be\/fr\/wp-json\/wp\/v2\/types\/product"}],"replies":[{"embeddable":true,"href":"https:\/\/multi.snelprint.be\/fr\/wp-json\/wp\/v2\/comments?post=365"}],"wp:featuredmedia":[{"embeddable":true,"href":"https:\/\/multi.snelprint.be\/fr\/wp-json\/wp\/v2\/media\/347"}],"wp:attachment":[{"href":"https:\/\/multi.snelprint.be\/fr\/wp-json\/wp\/v2\/media?parent=365"}],"wp:term":[{"taxonomy":"product_brand","embeddable":true,"href":"https:\/\/multi.snelprint.be\/fr\/wp-json\/wp\/v2\/product_brand?post=365"},{"taxonomy":"product_cat","embeddable":true,"href":"https:\/\/multi.snelprint.be\/fr\/wp-json\/wp\/v2\/product_cat?post=365"},{"taxonomy":"product_tag","embeddable":true,"href":"https:\/\/multi.snelprint.be\/fr\/wp-json\/wp\/v2\/product_tag?post=365"}],"curies":[{"name":"wp","href":"https:\/\/api.w.org\/{rel}","templated":true}]}}