{"id":364,"date":"2024-11-22T21:29:10","date_gmt":"2024-11-22T21:29:10","guid":{"rendered":"https:\/\/multi.snelprint.be\/product\/elpa-8-la-minuterie-de-lescalier\/"},"modified":"2024-12-23T20:21:48","modified_gmt":"2024-12-23T20:21:48","slug":"elpa-8-la-minuterie-de-lescalier","status":"publish","type":"product","link":"https:\/\/multi.snelprint.be\/fr\/product\/elpa-8-la-minuterie-de-lescalier\/","title":{"rendered":"Elpa 8 &#8211; La minuterie de l&rsquo;escalier"},"content":{"rendered":"<p>Minuterie d&rsquo;escalier &#8211; \u00e9lectrom\u00e9canique &#8211; Elpa 8 &#8211; Theben<\/p>\n","protected":false},"excerpt":{"rendered":"<p>Minuterie d&rsquo;escalier &#8211; \u00e9lectrom\u00e9canique &#8211; Elpa 8 &#8211; Theben<\/p>\n<ul>\n<li>4 fils avec connexion pour les projecteurs<\/li>\n<li>Raccordement \u00e0 3 fils sans projecteurs (plus autoris\u00e9 pour les nouvelles installations)<\/li>\n<li>March\u00e9 de l&rsquo;apr\u00e8s-vente<\/li>\n<li>Pas de consommation de courant \u00e0 vide<\/li>\n<li>Interrupteur \u00e0 bascule pour l&rsquo;\u00e9clairage permanent<\/li>\n<li>Extr\u00eamement fiable gr\u00e2ce \u00e0 l&rsquo;entra\u00eenement par moteur synchrone<\/li>\n<li>Mise \u00e0 l&rsquo;heure tr\u00e8s simple et lecture instantan\u00e9e du temps de retard sur une \u00e9chelle absolue<\/li>\n<li>M\u00e9canique de pr\u00e9cision et donc temps de commutation pr\u00e9cis<\/li>\n<li>Tr\u00e8s insensible aux interf\u00e9rences<\/li>\n<\/ul>\n<p><a href=\"https:\/\/www.theben-nederland.nl\/nl\/elpa-8-0080002\">Informations techniques Elpa 8<\/a><\/p>\n","protected":false},"featured_media":339,"comment_status":"closed","ping_status":"closed","template":"","meta":[],"product_brand":[],"product_cat":[68],"product_tag":[69,61],"class_list":{"0":"post-364","1":"product","2":"type-product","3":"status-publish","4":"has-post-thumbnail","6":"product_cat-minuteries-descalier","7":"product_tag-controleur-declairage-descalier","8":"product_tag-theben-fr","10":"first","11":"instock","12":"featured","13":"taxable","14":"shipping-taxable","15":"purchasable","16":"product-type-simple"},"_links":{"self":[{"href":"https:\/\/multi.snelprint.be\/fr\/wp-json\/wp\/v2\/product\/364","targetHints":{"allow":["GET"]}}],"collection":[{"href":"https:\/\/multi.snelprint.be\/fr\/wp-json\/wp\/v2\/product"}],"about":[{"href":"https:\/\/multi.snelprint.be\/fr\/wp-json\/wp\/v2\/types\/product"}],"replies":[{"embeddable":true,"href":"https:\/\/multi.snelprint.be\/fr\/wp-json\/wp\/v2\/comments?post=364"}],"wp:featuredmedia":[{"embeddable":true,"href":"https:\/\/multi.snelprint.be\/fr\/wp-json\/wp\/v2\/media\/339"}],"wp:attachment":[{"href":"https:\/\/multi.snelprint.be\/fr\/wp-json\/wp\/v2\/media?parent=364"}],"wp:term":[{"taxonomy":"product_brand","embeddable":true,"href":"https:\/\/multi.snelprint.be\/fr\/wp-json\/wp\/v2\/product_brand?post=364"},{"taxonomy":"product_cat","embeddable":true,"href":"https:\/\/multi.snelprint.be\/fr\/wp-json\/wp\/v2\/product_cat?post=364"},{"taxonomy":"product_tag","embeddable":true,"href":"https:\/\/multi.snelprint.be\/fr\/wp-json\/wp\/v2\/product_tag?post=364"}],"curies":[{"name":"wp","href":"https:\/\/api.w.org\/{rel}","templated":true}]}}