{"id":362,"date":"2024-11-22T21:29:34","date_gmt":"2024-11-22T21:29:34","guid":{"rendered":"https:\/\/multi.snelprint.be\/product\/etr61-230v\/"},"modified":"2025-05-14T20:20:07","modified_gmt":"2025-05-14T20:20:07","slug":"etr61-230v","status":"publish","type":"product","link":"https:\/\/multi.snelprint.be\/fr\/product\/etr61-230v\/","title":{"rendered":"ETR61-230V"},"content":{"rendered":"<p>Relais de coupure encastr\u00e9 ETR61-230V | Eltako<\/p>\n<div id=\"ConnectiveDocSignExtentionInstalled\" data-extension-version=\"1.0.4\"><\/div>\n","protected":false},"excerpt":{"rendered":"<p>Relais de coupure encastr\u00e9 ETR61-230V | Eltako<\/p>\n<ul>\n<li>Pour l&rsquo;installation. Longueur 45 mm, largeur 45 mm et profondeur 18 mm.<\/li>\n<li>\nLa technologie hybride de pointe combine les avantages d&rsquo;une commande \u00e9lectronique sans usure avec la capacit\u00e9 de commutation \u00e9lev\u00e9e de relais sp\u00e9ciaux.<\/li>\n<li>Entr\u00e9e de contr\u00f4le \u00e9quip\u00e9e de sa propre tension 24 V DC int\u00e9gr\u00e9e.<br \/>\nUne s\u00e9paration galvanique entre la tension d&rsquo;alimentation et le contact de travail au moyen d&rsquo;un transformateur d&rsquo;isolation (PELV). Il n&rsquo;est donc pas n\u00e9cessaire d&rsquo;utiliser une alimentation basse tension externe.<\/li>\n<li>La distance entre l&rsquo;alimentation et le contact de travail est de 6 mm.<\/li>\n<li>Tension de commande 230 V.<\/li>\n<\/ul>\n<p><a href=\"https:\/\/www.eltako.com\/fileadmin\/downloads\/vl\/Technische_fiches\/Technische_fiche_ETR61-230V.pdf\" target=\"_blank\" rel=\"noopener noreferrer\">Fiche technique ETR61-230V<\/a><\/p>\n<p>&nbsp;<\/p>\n<div id=\"ConnectiveDocSignExtentionInstalled\" data-extension-version=\"1.0.4\"><\/div>\n","protected":false},"featured_media":355,"comment_status":"closed","ping_status":"closed","template":"","meta":[],"product_brand":[116],"product_cat":[59],"product_tag":[64,66,65],"class_list":{"0":"post-362","1":"product","2":"type-product","3":"status-publish","4":"has-post-thumbnail","6":"product_brand-eltako","7":"product_cat-divers","8":"product_tag-eltako-fr","9":"product_tag-interrupteurs-a-impulsion","10":"product_tag-relais-fr","12":"first","13":"instock","14":"taxable","15":"shipping-taxable","16":"purchasable","17":"product-type-simple"},"_links":{"self":[{"href":"https:\/\/multi.snelprint.be\/fr\/wp-json\/wp\/v2\/product\/362","targetHints":{"allow":["GET"]}}],"collection":[{"href":"https:\/\/multi.snelprint.be\/fr\/wp-json\/wp\/v2\/product"}],"about":[{"href":"https:\/\/multi.snelprint.be\/fr\/wp-json\/wp\/v2\/types\/product"}],"replies":[{"embeddable":true,"href":"https:\/\/multi.snelprint.be\/fr\/wp-json\/wp\/v2\/comments?post=362"}],"wp:featuredmedia":[{"embeddable":true,"href":"https:\/\/multi.snelprint.be\/fr\/wp-json\/wp\/v2\/media\/355"}],"wp:attachment":[{"href":"https:\/\/multi.snelprint.be\/fr\/wp-json\/wp\/v2\/media?parent=362"}],"wp:term":[{"taxonomy":"product_brand","embeddable":true,"href":"https:\/\/multi.snelprint.be\/fr\/wp-json\/wp\/v2\/product_brand?post=362"},{"taxonomy":"product_cat","embeddable":true,"href":"https:\/\/multi.snelprint.be\/fr\/wp-json\/wp\/v2\/product_cat?post=362"},{"taxonomy":"product_tag","embeddable":true,"href":"https:\/\/multi.snelprint.be\/fr\/wp-json\/wp\/v2\/product_tag?post=362"}],"curies":[{"name":"wp","href":"https:\/\/api.w.org\/{rel}","templated":true}]}}