{"id":360,"date":"2024-11-22T21:29:34","date_gmt":"2024-11-22T21:29:34","guid":{"rendered":"https:\/\/multi.snelprint.be\/product\/luna-127-etoile-s\/"},"modified":"2025-05-17T21:05:39","modified_gmt":"2025-05-17T21:05:39","slug":"luna-127-etoile-s","status":"publish","type":"product","link":"https:\/\/multi.snelprint.be\/fr\/product\/luna-127-etoile-s\/","title":{"rendered":"LUNA 127 star S"},"content":{"rendered":"<p>Interrupteur cr\u00e9pusculaire avec capteur de lumi\u00e8re int\u00e9gr\u00e9 &#8211; LUNA 127 star S &#8211; Theben<\/p>\n","protected":false},"excerpt":{"rendered":"<p>Interrupteur cr\u00e9pusculaire avec minuterie hebdomadaire int\u00e9gr\u00e9e -LUNA 127 star S &#8211; Theben<\/p>\n<ul>\n<li>Interrupteur cr\u00e9pusculaire avec capteur de lumi\u00e8re int\u00e9gr\u00e9<\/li>\n<li>Fonction de test<\/li>\n<li>Fonction d&rsquo;enseignement<\/li>\n<li>Fonction minuterie (1 heure)<\/li>\n<li>Plage de luminosit\u00e9 commutable : 2-100\/ 100-2000 lux<\/li>\n<li>Entr\u00e9e de c\u00e2ble possible par l&rsquo;arri\u00e8re et par le bas<\/li>\n<li>Couvercle avec fonction d&rsquo;encliquetage \u00e0 l&rsquo;ouverture pour faciliter l&rsquo;installation de l&rsquo;appareil<\/li>\n<li>Vis desserr\u00e9es<\/li>\n<li>Grand espace terminal<\/li>\n<li>La luminosit\u00e9 peut \u00eatre r\u00e9gl\u00e9e sans avoir \u00e0 ouvrir l&rsquo;appareil de l&rsquo;ext\u00e9rieur<\/li>\n<\/ul>\n<p><a href=\"https:\/\/www.theben-nederland.nl\/ocsmedia\/optimized\/full\/o35162v78%20LUNA%20127%20star%20S%20-%20Infosheet%20.pdf\">Informations techniques LUNA 127 star S<\/a><\/p>\n","protected":false},"featured_media":353,"comment_status":"closed","ping_status":"closed","template":"","meta":[],"product_brand":[115],"product_cat":[15,145],"product_tag":[62,61],"class_list":{"0":"post-360","1":"product","2":"type-product","3":"status-publish","4":"has-post-thumbnail","6":"product_brand-theben","7":"product_cat-geen-categorie","8":"product_cat-interrupteurs_crepusculaires","9":"product_tag-interrupteur-crepusculaire","10":"product_tag-theben-fr","12":"first","13":"instock","14":"taxable","15":"shipping-taxable","16":"purchasable","17":"product-type-simple"},"_links":{"self":[{"href":"https:\/\/multi.snelprint.be\/fr\/wp-json\/wp\/v2\/product\/360","targetHints":{"allow":["GET"]}}],"collection":[{"href":"https:\/\/multi.snelprint.be\/fr\/wp-json\/wp\/v2\/product"}],"about":[{"href":"https:\/\/multi.snelprint.be\/fr\/wp-json\/wp\/v2\/types\/product"}],"replies":[{"embeddable":true,"href":"https:\/\/multi.snelprint.be\/fr\/wp-json\/wp\/v2\/comments?post=360"}],"wp:featuredmedia":[{"embeddable":true,"href":"https:\/\/multi.snelprint.be\/fr\/wp-json\/wp\/v2\/media\/353"}],"wp:attachment":[{"href":"https:\/\/multi.snelprint.be\/fr\/wp-json\/wp\/v2\/media?parent=360"}],"wp:term":[{"taxonomy":"product_brand","embeddable":true,"href":"https:\/\/multi.snelprint.be\/fr\/wp-json\/wp\/v2\/product_brand?post=360"},{"taxonomy":"product_cat","embeddable":true,"href":"https:\/\/multi.snelprint.be\/fr\/wp-json\/wp\/v2\/product_cat?post=360"},{"taxonomy":"product_tag","embeddable":true,"href":"https:\/\/multi.snelprint.be\/fr\/wp-json\/wp\/v2\/product_tag?post=360"}],"curies":[{"name":"wp","href":"https:\/\/api.w.org\/{rel}","templated":true}]}}