{"id":358,"date":"2024-11-22T21:29:34","date_gmt":"2024-11-22T21:29:34","guid":{"rendered":"https:\/\/multi.snelprint.be\/product\/obelisk-top3-bluetooth\/"},"modified":"2024-12-23T20:20:42","modified_gmt":"2024-12-23T20:20:42","slug":"obelisk-top3-bluetooth","status":"publish","type":"product","link":"https:\/\/multi.snelprint.be\/fr\/product\/obelisk-top3-bluetooth\/","title":{"rendered":"OBELISK top3 Bluetooth"},"content":{"rendered":"<p>Bluetooth OBELISK top3 &#8211; Theben<\/p>\n<ul>\n<li>Cl\u00e9 Bluetooth \u00e0 faible consommation d&rsquo;\u00e9nergie pour transf\u00e9rer les programmes de commutation et les commandes directes de l&rsquo;application \u00e0 l&rsquo;horloge<\/li>\n<li>Protection maximale contre les manipulations, les programmes de changement d&rsquo;heure ne peuvent \u00eatre transf\u00e9r\u00e9s de l&rsquo;application \u00e0 l&rsquo;horloge que lorsque l&rsquo;OBELISK top3 Bluetooth est branch\u00e9 sur l&rsquo;horloge.<\/li>\n<li>Consommation en veille r\u00e9duite par rapport aux composants Bluetooth fixes int\u00e9gr\u00e9s<\/li>\n<\/ul>\n<p><a href=\"https:\/\/www.theben-nederland.nl\/ocsmedia\/optimized\/full\/o19338v78%20Bluetooth%20OBELISK%20top3%20-%20Infosheet%20.pdf\">Informations techniques Obelisk Top3<\/a><\/p>\n<div id=\"ConnectiveDocSignExtentionInstalled\" data-extension-version=\"1.0.4\"><\/div>\n","protected":false},"excerpt":{"rendered":"<p>Bluetooth OBELISK top3 &#8211; Theben<\/p>\n<div id=\"ConnectiveDocSignExtentionInstalled\" data-extension-version=\"1.0.4\"><\/div>\n","protected":false},"featured_media":354,"comment_status":"closed","ping_status":"closed","template":"","meta":[],"product_brand":[],"product_cat":[59],"product_tag":[61],"class_list":{"0":"post-358","1":"product","2":"type-product","3":"status-publish","4":"has-post-thumbnail","6":"product_cat-divers","7":"product_tag-theben-fr","9":"first","10":"instock","11":"taxable","12":"shipping-taxable","13":"purchasable","14":"product-type-simple"},"_links":{"self":[{"href":"https:\/\/multi.snelprint.be\/fr\/wp-json\/wp\/v2\/product\/358","targetHints":{"allow":["GET"]}}],"collection":[{"href":"https:\/\/multi.snelprint.be\/fr\/wp-json\/wp\/v2\/product"}],"about":[{"href":"https:\/\/multi.snelprint.be\/fr\/wp-json\/wp\/v2\/types\/product"}],"replies":[{"embeddable":true,"href":"https:\/\/multi.snelprint.be\/fr\/wp-json\/wp\/v2\/comments?post=358"}],"wp:featuredmedia":[{"embeddable":true,"href":"https:\/\/multi.snelprint.be\/fr\/wp-json\/wp\/v2\/media\/354"}],"wp:attachment":[{"href":"https:\/\/multi.snelprint.be\/fr\/wp-json\/wp\/v2\/media?parent=358"}],"wp:term":[{"taxonomy":"product_brand","embeddable":true,"href":"https:\/\/multi.snelprint.be\/fr\/wp-json\/wp\/v2\/product_brand?post=358"},{"taxonomy":"product_cat","embeddable":true,"href":"https:\/\/multi.snelprint.be\/fr\/wp-json\/wp\/v2\/product_cat?post=358"},{"taxonomy":"product_tag","embeddable":true,"href":"https:\/\/multi.snelprint.be\/fr\/wp-json\/wp\/v2\/product_tag?post=358"}],"curies":[{"name":"wp","href":"https:\/\/api.w.org\/{rel}","templated":true}]}}