{"id":2491,"date":"2025-05-26T19:29:34","date_gmt":"2025-05-26T19:29:34","guid":{"rendered":"https:\/\/multi.snelprint.be\/?post_type=product&#038;p=2491"},"modified":"2025-05-30T17:26:57","modified_gmt":"2025-05-30T17:26:57","slug":"sul-180-a-kopie","status":"publish","type":"product","link":"https:\/\/multi.snelprint.be\/fr\/product\/sul-180-a-kopie\/","title":{"rendered":"EUD12NPN-BT\/300W-230V (Bluetooth)"},"content":{"rendered":"<p>Variateur universel avec minuterie int\u00e9gr\u00e9e, Bluetooth et application ELTAKO Connect. MOSFET de puissance jusqu&rsquo;\u00e0 300W. Reconnaissance automatique des feux. Perte en veille de seulement 0,3 Watt. Intensit\u00e9 lumineuse minimale et maximale, vitesse de variation, contr\u00f4le de la cr\u00e8che, contr\u00f4le de la r\u00e9p\u00e9tition, d\u00e9tecteur de mouvement, marche, arr\u00eat, TI, ER, ESV, TLZ, MIN, MMX, programme avec fonction horaire ou astro, solstice d\u00e9cal\u00e9, date et heure, localisation et Bluetooth peuvent \u00eatre r\u00e9gl\u00e9s via l&rsquo;appli, conform\u00e9ment au manuel.<\/p>\n<p>La fiche technique est disponible <a href=\"https:\/\/www.eltako.com\/fileadmin\/downloads\/vl\/Technische_fiches\/Technische_fiche_EUD12NPN-BT_300W-230V_vl.pdf\" target=\"_blank\" rel=\"noopener\">ici<\/a><\/p>\n","protected":false},"excerpt":{"rendered":"<p>Variateur universel avec minuterie int\u00e9gr\u00e9e, Bluetooth et application ELTAKO Connect. MOSFET de puissance jusqu&rsquo;\u00e0 300W. Reconnaissance automatique des feux.<\/p>\n","protected":false},"featured_media":2493,"comment_status":"closed","ping_status":"closed","template":"","meta":[],"product_brand":[116],"product_cat":[77],"product_tag":[64],"class_list":{"0":"post-2491","1":"product","2":"type-product","3":"status-publish","4":"has-post-thumbnail","6":"product_brand-eltako","7":"product_cat-variateurs","8":"product_tag-eltako-fr","10":"first","11":"instock","12":"taxable","13":"shipping-taxable","14":"purchasable","15":"product-type-simple"},"_links":{"self":[{"href":"https:\/\/multi.snelprint.be\/fr\/wp-json\/wp\/v2\/product\/2491","targetHints":{"allow":["GET"]}}],"collection":[{"href":"https:\/\/multi.snelprint.be\/fr\/wp-json\/wp\/v2\/product"}],"about":[{"href":"https:\/\/multi.snelprint.be\/fr\/wp-json\/wp\/v2\/types\/product"}],"replies":[{"embeddable":true,"href":"https:\/\/multi.snelprint.be\/fr\/wp-json\/wp\/v2\/comments?post=2491"}],"wp:featuredmedia":[{"embeddable":true,"href":"https:\/\/multi.snelprint.be\/fr\/wp-json\/wp\/v2\/media\/2493"}],"wp:attachment":[{"href":"https:\/\/multi.snelprint.be\/fr\/wp-json\/wp\/v2\/media?parent=2491"}],"wp:term":[{"taxonomy":"product_brand","embeddable":true,"href":"https:\/\/multi.snelprint.be\/fr\/wp-json\/wp\/v2\/product_brand?post=2491"},{"taxonomy":"product_cat","embeddable":true,"href":"https:\/\/multi.snelprint.be\/fr\/wp-json\/wp\/v2\/product_cat?post=2491"},{"taxonomy":"product_tag","embeddable":true,"href":"https:\/\/multi.snelprint.be\/fr\/wp-json\/wp\/v2\/product_tag?post=2491"}],"curies":[{"name":"wp","href":"https:\/\/api.w.org\/{rel}","templated":true}]}}