{"id":2445,"date":"2025-05-10T13:58:23","date_gmt":"2025-05-10T13:58:23","guid":{"rendered":"https:\/\/multi.snelprint.be\/?post_type=product&#038;p=2445"},"modified":"2025-05-10T21:12:47","modified_gmt":"2025-05-10T21:12:47","slug":"sul-180-a","status":"publish","type":"product","link":"https:\/\/multi.snelprint.be\/fr\/product\/sul-180-a\/","title":{"rendered":"SUL 180 a"},"content":{"rendered":"<h2 class=\"heading heading--3 heading--blue\">Description de l&#8217;emploi<\/h2>\n<ul class=\"list list--pointer\">\n<li>Horloge analogique<\/li>\n<li>1 canal<\/li>\n<li>Programme de la journ\u00e9e<\/li>\n<li>Avec r\u00e9serve de marche<\/li>\n<li>96 segments de liaison<\/li>\n<li>Contr\u00f4l\u00e9 par quartz<\/li>\n<li>Temps de commutation le plus court : 15 minutes<\/li>\n<li>Bornes \u00e0 vis<\/li>\n<li>Interrupteur manuel \u00e0 3 positions : Continuellement ON\/AUTO\/Continuellement OFF<\/li>\n<\/ul>\n<h2 class=\"heading heading--3 heading--blue\">Sp\u00e9cifications techniques<\/h2>\n<table class=\"dtable dtable--nosort\">\n<thead><\/thead>\n<tbody>\n<tr>\n<td>Tension de fonctionnement<\/td>\n<td>230 &#8211; 240 V AC<\/td>\n<\/tr>\n<tr>\n<td>Fr\u00e9quence<\/td>\n<td>50 &#8211; 60 Hz<\/td>\n<\/tr>\n<tr>\n<td>Nombre de canaux<\/td>\n<td>1<\/td>\n<\/tr>\n<tr>\n<td>Largeur<\/td>\n<td>1 TE<\/td>\n<\/tr>\n<tr>\n<td>Type de montage<\/td>\n<td>Rail DIN<\/td>\n<\/tr>\n<tr>\n<td>Type de connexion<\/td>\n<td>Bornes \u00e0 vis<\/td>\n<\/tr>\n<tr>\n<td>Entra\u00eenement<\/td>\n<td>Moteur pas \u00e0 pas contr\u00f4l\u00e9 par Quart<\/td>\n<\/tr>\n<tr>\n<td>Programme de la journ\u00e9e<\/td>\n<td>Programme de la journ\u00e9e<\/td>\n<\/tr>\n<tr>\n<td>R\u00e9serve de marche<\/td>\n<td>3 jours<\/td>\n<\/tr>\n<tr>\n<td>Pouvoir de coupure \u00e0 250 V AC, cos \u03c6 = 1<\/td>\n<td>16 A<\/td>\n<\/tr>\n<tr>\n<td>Pouvoir de coupure \u00e0 250 V AC, cos \u03c6 = 0,6<\/td>\n<td>4 A<\/td>\n<\/tr>\n<tr>\n<td>Charge de la lampe incandescente\/halog\u00e8ne<\/td>\n<td>1000 W<\/td>\n<\/tr>\n<tr>\n<td>Ampoules \u00e0 \u00e9conomie d&rsquo;\u00e9nergie<\/td>\n<td>150 W<\/td>\n<\/tr>\n<tr>\n<td>LED &lt; 2 W<\/td>\n<td>30 W<\/td>\n<\/tr>\n<tr>\n<td>LED 2-8 W<\/td>\n<td>300 W<\/td>\n<\/tr>\n<tr>\n<td>LED &gt; 8 W<\/td>\n<td>300 W<\/td>\n<\/tr>\n<tr>\n<td>Temps de commutation le plus court<\/td>\n<td>15 minutes<\/td>\n<\/tr>\n<tr>\n<td>Programmable toutes les<\/td>\n<td>15 min<\/td>\n<\/tr>\n<tr>\n<td>Pr\u00e9cision du d\u00e9bit \u00e0 25 \u00b0C<\/td>\n<td>\u2264 \u00b1 1 s\/jour (Quarts)<\/td>\n<\/tr>\n<tr>\n<td>Type de contact<\/td>\n<td>\u00c9tablir le contact<\/td>\n<\/tr>\n<tr>\n<td>Sortie de commutation<\/td>\n<td>Sans potentiel<\/td>\n<\/tr>\n<tr>\n<td>Nombre de segments de liaison<\/td>\n<td>96<\/td>\n<\/tr>\n<tr>\n<td>Consommation en veille<\/td>\n<td>~0,5 W<\/td>\n<\/tr>\n<tr>\n<td>Perte de puissance max.<\/td>\n<td>0,7 W<\/td>\n<\/tr>\n<tr>\n<td>Label de qualit\u00e9<\/td>\n<td>VDE<\/td>\n<\/tr>\n<tr>\n<td>Mat\u00e9riau du bo\u00eetier et de l&rsquo;isolation<\/td>\n<td>Thermoplastiques autoextinguibles et r\u00e9sistants aux hautes temp\u00e9ratures<\/td>\n<\/tr>\n<tr>\n<td>Degr\u00e9 de protection<\/td>\n<td>IP 20<\/td>\n<\/tr>\n<tr>\n<td>Classe de protection<\/td>\n<td>II selon EN 60 730-1<\/td>\n<\/tr>\n<tr>\n<td>Temp\u00e9rature ambiante<\/td>\n<td>-10\u00b0C &#8230; 50\u00b0C<\/td>\n<\/tr>\n<\/tbody>\n<\/table>\n","protected":false},"excerpt":{"rendered":"<h2 class=\"heading heading--3 heading--blue\">Description de l&#8217;emploi<\/h2>\n<ul class=\"list list--pointer\">\n<li>Horloge analogique<\/li>\n<li>1 canal<\/li>\n<li>Programme de la journ\u00e9e<\/li>\n<li>Avec r\u00e9serve de marche<\/li>\n<li>96 segments de liaison<\/li>\n<li>Contr\u00f4l\u00e9 par quartz<\/li>\n<li>Temps de commutation le plus court : 15 minutes<\/li>\n<li>Bornes \u00e0 vis<\/li>\n<li>Interrupteur manuel \u00e0 3 positions : Continuellement ON\/AUTO\/Continuellement OFF<\/li>\n<\/ul>\n<h2 class=\"heading heading--3 heading--blue\">Sp\u00e9cifications techniques<\/h2>\n<table class=\"dtable dtable--nosort\">\n<thead><\/thead>\n<tbody>\n<tr>\n<td>Tension de fonctionnement<\/td>\n<td>230 &#8211; 240 V AC<\/td>\n<\/tr>\n<tr>\n<td>Fr\u00e9quence<\/td>\n<td>50 &#8211; 60 Hz<\/td>\n<\/tr>\n<tr>\n<td>Nombre de canaux<\/td>\n<td>1<\/td>\n<\/tr>\n<tr>\n<td>Largeur<\/td>\n<td>1 TE<\/td>\n<\/tr>\n<tr>\n<td>Type de montage<\/td>\n<td>Rail DIN<\/td>\n<\/tr>\n<tr>\n<td>Type de connexion<\/td>\n<td>Bornes \u00e0 vis<\/td>\n<\/tr>\n<tr>\n<td>Entra\u00eenement<\/td>\n<td>Moteur pas \u00e0 pas contr\u00f4l\u00e9 par Quart<\/td>\n<\/tr>\n<tr>\n<td>Programme de la journ\u00e9e<\/td>\n<td>Programme de la journ\u00e9e<\/td>\n<\/tr>\n<tr>\n<td>R\u00e9serve de marche<\/td>\n<td>3 jours<\/td>\n<\/tr>\n<tr>\n<td>Pouvoir de coupure \u00e0 250 V AC, cos \u03c6 = 1<\/td>\n<td>16 A<\/td>\n<\/tr>\n<tr>\n<td>Pouvoir de coupure \u00e0 250 V AC, cos \u03c6 = 0,6<\/td>\n<td>4 A<\/td>\n<\/tr>\n<tr>\n<td>Charge de la lampe incandescente\/halog\u00e8ne<\/td>\n<td>1000 W<\/td>\n<\/tr>\n<tr>\n<td>Lampes \u00e0 \u00e9conomie d&rsquo;\u00e9nergie<\/td>\n<td>150 W<\/td>\n<\/tr>\n<tr>\n<td>LED &lt; 2 W<\/td>\n<td>30 W<\/td>\n<\/tr>\n<tr>\n<td>LED 2-8 W<\/td>\n<td>300 W<\/td>\n<\/tr>\n<tr>\n<td>LED &gt; 8 W<\/td>\n<td>300 W<\/td>\n<\/tr>\n<tr>\n<td>Temps de commutation le plus court<\/td>\n<td>15 minutes<\/td>\n<\/tr>\n<tr>\n<td>Programmable toutes les<\/td>\n<td>15 min<\/td>\n<\/tr>\n<tr>\n<td>Pr\u00e9cision du d\u00e9bit \u00e0 25 \u00b0C<\/td>\n<td>\u2264 \u00b1 1 s\/jour (Quarts)<\/td>\n<\/tr>\n<tr>\n<td>Type de contact<\/td>\n<td>\u00c9tablir le contact<\/td>\n<\/tr>\n<tr>\n<td>Sortie de commutation<\/td>\n<td>Sans potentiel<\/td>\n<\/tr>\n<tr>\n<td>Nombre de segments de liaison<\/td>\n<td>96<\/td>\n<\/tr>\n<tr>\n<td>Consommation en veille<\/td>\n<td>~0,5 W<\/td>\n<\/tr>\n<tr>\n<td>Perte de puissance max.<\/td>\n<td>0,7 W<\/td>\n<\/tr>\n<tr>\n<td>Label de qualit\u00e9<\/td>\n<td>VDE<\/td>\n<\/tr>\n<tr>\n<td>Mat\u00e9riau du bo\u00eetier et de l&rsquo;isolation<\/td>\n<td>Thermoplastiques autoextinguibles et r\u00e9sistants aux hautes temp\u00e9ratures<\/td>\n<\/tr>\n<tr>\n<td>Degr\u00e9 de protection<\/td>\n<td>IP 20<\/td>\n<\/tr>\n<tr>\n<td>Classe de protection<\/td>\n<td>II selon EN 60 730-1<\/td>\n<\/tr>\n<tr>\n<td>Temp\u00e9rature ambiante<\/td>\n<td>-10\u00b0C &#8230; 50\u00b0C<\/td>\n<\/tr>\n<\/tbody>\n<\/table>\n","protected":false},"featured_media":2398,"comment_status":"closed","ping_status":"closed","template":"","meta":[],"product_brand":[115],"product_cat":[128],"product_tag":[61],"class_list":{"0":"post-2445","1":"product","2":"type-product","3":"status-publish","4":"has-post-thumbnail","6":"product_brand-theben","7":"product_cat-interrupteur_horaire","8":"product_tag-theben-fr","10":"first","11":"instock","12":"taxable","13":"shipping-taxable","14":"purchasable","15":"product-type-simple"},"_links":{"self":[{"href":"https:\/\/multi.snelprint.be\/fr\/wp-json\/wp\/v2\/product\/2445","targetHints":{"allow":["GET"]}}],"collection":[{"href":"https:\/\/multi.snelprint.be\/fr\/wp-json\/wp\/v2\/product"}],"about":[{"href":"https:\/\/multi.snelprint.be\/fr\/wp-json\/wp\/v2\/types\/product"}],"replies":[{"embeddable":true,"href":"https:\/\/multi.snelprint.be\/fr\/wp-json\/wp\/v2\/comments?post=2445"}],"wp:featuredmedia":[{"embeddable":true,"href":"https:\/\/multi.snelprint.be\/fr\/wp-json\/wp\/v2\/media\/2398"}],"wp:attachment":[{"href":"https:\/\/multi.snelprint.be\/fr\/wp-json\/wp\/v2\/media?parent=2445"}],"wp:term":[{"taxonomy":"product_brand","embeddable":true,"href":"https:\/\/multi.snelprint.be\/fr\/wp-json\/wp\/v2\/product_brand?post=2445"},{"taxonomy":"product_cat","embeddable":true,"href":"https:\/\/multi.snelprint.be\/fr\/wp-json\/wp\/v2\/product_cat?post=2445"},{"taxonomy":"product_tag","embeddable":true,"href":"https:\/\/multi.snelprint.be\/fr\/wp-json\/wp\/v2\/product_tag?post=2445"}],"curies":[{"name":"wp","href":"https:\/\/api.w.org\/{rel}","templated":true}]}}