{"id":2444,"date":"2025-05-05T15:00:07","date_gmt":"2025-05-05T15:00:07","guid":{"rendered":"https:\/\/multi.snelprint.be\/?post_type=product&#038;p=2444"},"modified":"2025-05-10T21:12:47","modified_gmt":"2025-05-10T21:12:47","slug":"ramses-811-top-3","status":"publish","type":"product","link":"https:\/\/multi.snelprint.be\/fr\/product\/ramses-811-top-3\/","title":{"rendered":"RAMSES 811 top 3"},"content":{"rendered":"<h2 class=\"heading heading--3 heading--blue\">Description de l&#8217;emploi<\/h2>\n<ul class=\"list list--pointer\">\n<li>Thermostat \u00e0 horloge num\u00e9rique pour la surveillance et le contr\u00f4le de la temp\u00e9rature ambiante en fonction du temps<\/li>\n<li>Fonctionnement sur l&rsquo;appareil ou via l&rsquo;application<\/li>\n<li>Version \u00e0 batterie (\u00e9galement possible pour l&rsquo;\u00e9quipement ult\u00e9rieur avec une connexion \u00e0 2 fils)<\/li>\n<li>Installation sur bo\u00eete d&rsquo;encastrement<\/li>\n<li>Connexion directe Bluetooth-Low-Energy (BLE) entre l&rsquo;application et RAMSES-BLE, pas de communication via l&rsquo;internet<\/li>\n<li>R\u00e9glages simples via l&rsquo;application avec contr\u00f4le intuitif \u00e0 partir d&rsquo;un smartphone ou d&rsquo;une tablette<\/li>\n<li>Confort d&rsquo;utilisation accru<\/li>\n<li>3 programmes hebdomadaires programmables individuellement, ainsi que les fonctions confort, \u00e9co et retour en arri\u00e8re<\/li>\n<li>Convient \u00e0 la r\u00e9gulation de la temp\u00e9rature ambiante pour \u00e9conomiser l&rsquo;\u00e9nergie dans les maisons individuelles, les appartements, etc.<\/li>\n<li>Affichage \u00e9clair\u00e9 lorsque l&rsquo;on appuie sur les touches<\/li>\n<\/ul>\n<div id=\"button-show-more\" class=\"\">\n<ul class=\"list list--pointer\">\n<li>Entr\u00e9e externe pour le raccordement flexible d&rsquo;un capteur de temp\u00e9rature ext\u00e9rieure, d&rsquo;un capteur de sol, d&rsquo;un d\u00e9tecteur de mouvement ou d&rsquo;un contact t\u00e9l\u00e9phonique, au choix.<\/li>\n<li>Algorithme de contr\u00f4le intelligent (dur\u00e9e d&rsquo;impulsion du contr\u00f4leur, contr\u00f4leur d&rsquo;hyst\u00e9r\u00e9sis)<\/li>\n<li>Convient, par exemple, au chauffage marche\/arr\u00eat, \u00e0 la commande de zones ou de pi\u00e8ces individuelles, aux radiateurs \u00e9lectriques.<\/li>\n<\/ul>\n<h2><\/h2>\n<h2 class=\"heading heading--3 heading--blue\">Sp\u00e9cifications techniques<\/h2>\n<table class=\"dtable dtable--nosort\">\n<thead><\/thead>\n<tbody>\n<tr>\n<td>Tension de fonctionnement<\/td>\n<td>2 piles mignon AA<\/td>\n<\/tr>\n<tr>\n<td>Type de contact<\/td>\n<td>\u00c9tablir le contact<\/td>\n<\/tr>\n<tr>\n<td>Pouvoir de coupure<\/td>\n<td>10 A \u00e0 250 V AC, cos \u03c6 = 1, \u00e0 250 V AC, cos \u03c6 = 0,6<\/td>\n<\/tr>\n<tr>\n<td>Puissance de commutation min.<\/td>\n<td>1 mA<\/td>\n<\/tr>\n<tr>\n<td>Plage de r\u00e9glage de la temp\u00e9rature<\/td>\n<td>2\u00b0C &#8230; 30\u00b0C<\/td>\n<\/tr>\n<tr>\n<td>Plage de r\u00e9glage de la protection contre le gel<\/td>\n<td>2\u00b0C &#8230; 10\u00b0C<\/td>\n<\/tr>\n<tr>\n<td>Base de temps<\/td>\n<td>Quarts<\/td>\n<\/tr>\n<tr>\n<td>Programme<\/td>\n<td>Programme hebdomadaire, programme journalier, programme de vacances, 3 programmes de base<\/td>\n<\/tr>\n<tr>\n<td>Nombre d&#8217;emplacements de m\u00e9moire<\/td>\n<td>42<\/td>\n<\/tr>\n<tr>\n<td>Entr\u00e9es externes<\/td>\n<td>1<\/td>\n<\/tr>\n<tr>\n<td>M\u00e9thodes de contr\u00f4le<\/td>\n<td>Modulation de largeur d&rsquo;impulsion, contr\u00f4leur \u00e0 hyst\u00e9r\u00e9sis<\/td>\n<\/tr>\n<tr>\n<td>P\u00e9riode de contr\u00f4le<\/td>\n<td>5 &#8211; 30 min<\/td>\n<\/tr>\n<tr>\n<td>Plage de contr\u00f4le<\/td>\n<td>\u00b10,2 &#8211; \u00b15 K<\/td>\n<\/tr>\n<tr>\n<td>Pr\u00e9cision du contr\u00f4le<\/td>\n<td>\u2264 \u00b1 0.2 K<\/td>\n<\/tr>\n<tr>\n<td>Fonctionnement<\/td>\n<td>Type 1 B selon EN 60730-1<\/td>\n<\/tr>\n<tr>\n<td>M\u00e9thodes de contr\u00f4le<\/td>\n<td>2 points<\/td>\n<\/tr>\n<tr>\n<td>Sortie de commutation<\/td>\n<td>Sans potentiel, ne convient pas pour SELV<\/td>\n<\/tr>\n<tr>\n<td>Compatible SELV<\/td>\n<td>Oui<\/td>\n<\/tr>\n<tr>\n<td>Hyst\u00e9r\u00e9sis de commutation<\/td>\n<td>\u00b10,2 &#8211; \u00b11 K<\/td>\n<\/tr>\n<tr>\n<td>Pr\u00e9cision du d\u00e9bit \u00e0 25 \u00b0C<\/td>\n<td>\u2264 \u00b1 1 s\/jour (Quarts)<\/td>\n<\/tr>\n<tr>\n<td>R\u00e9serve de marche<\/td>\n<td>Maximum 10 min sans perte de temps<\/td>\n<\/tr>\n<tr>\n<td>Dur\u00e9e de vie de la batterie<\/td>\n<td>environ 1 an, en fonction de la fr\u00e9quence de commutation<\/td>\n<\/tr>\n<tr>\n<td>Type de montage<\/td>\n<td>Fixation murale<\/td>\n<\/tr>\n<tr>\n<td>Degr\u00e9 de protection<\/td>\n<td>IP 40<\/td>\n<\/tr>\n<tr>\n<td>Classe de protection<\/td>\n<td>II selon EN 60 730-1<\/td>\n<\/tr>\n<\/tbody>\n<\/table>\n<\/div>\n","protected":false},"excerpt":{"rendered":"<h2 class=\"heading heading--3 heading--blue\">Description de l&#8217;emploi<\/h2>\n<ul class=\"list list--pointer\">\n<li>Thermostat \u00e0 horloge num\u00e9rique pour la surveillance et le contr\u00f4le de la temp\u00e9rature ambiante en fonction du temps<\/li>\n<li>Fonctionnement sur l&rsquo;appareil ou via l&rsquo;application<\/li>\n<li>Version \u00e0 batterie (\u00e9galement possible pour l&rsquo;\u00e9quipement ult\u00e9rieur avec une connexion \u00e0 2 fils)<\/li>\n<li>Installation sur bo\u00eete d&rsquo;encastrement<\/li>\n<li>Connexion directe Bluetooth-Low-Energy (BLE) entre l&rsquo;application et RAMSES-BLE, pas de communication via l&rsquo;internet<\/li>\n<li>R\u00e9glages simples via l&rsquo;application avec contr\u00f4le intuitif \u00e0 partir d&rsquo;un smartphone ou d&rsquo;une tablette<\/li>\n<li>Confort d&rsquo;utilisation accru<\/li>\n<li>3 programmes hebdomadaires programmables individuellement, ainsi que les fonctions confort, \u00e9co et retour en arri\u00e8re<\/li>\n<li>Convient \u00e0 la r\u00e9gulation de la temp\u00e9rature ambiante pour \u00e9conomiser l&rsquo;\u00e9nergie dans les maisons individuelles, les appartements, etc.<\/li>\n<li>Affichage \u00e9clair\u00e9 lorsque l&rsquo;on appuie sur les touches<\/li>\n<\/ul>\n<div id=\"button-show-more\" class=\"\">\n<ul class=\"list list--pointer\">\n<li>Entr\u00e9e externe pour le raccordement flexible d&rsquo;un capteur de temp\u00e9rature ext\u00e9rieure, d&rsquo;un capteur de sol, d&rsquo;un d\u00e9tecteur de mouvement ou d&rsquo;un contact t\u00e9l\u00e9phonique, au choix.<\/li>\n<li>Algorithme de contr\u00f4le intelligent (dur\u00e9e d&rsquo;impulsion du contr\u00f4leur, contr\u00f4leur d&rsquo;hyst\u00e9r\u00e9sis)<\/li>\n<li>Convient, par exemple, au chauffage marche\/arr\u00eat, \u00e0 la commande de zones ou de pi\u00e8ces individuelles, aux radiateurs \u00e9lectriques.<\/li>\n<\/ul>\n<h2><\/h2>\n<h2 class=\"heading heading--3 heading--blue\">Sp\u00e9cifications techniques<\/h2>\n<table class=\"dtable dtable--nosort\">\n<thead><\/thead>\n<tbody>\n<tr>\n<td>Tension de fonctionnement<\/td>\n<td>2 piles mignon AA<\/td>\n<\/tr>\n<tr>\n<td>Type de contact<\/td>\n<td>\u00c9tablir le contact<\/td>\n<\/tr>\n<tr>\n<td>Pouvoir de coupure<\/td>\n<td>10 A \u00e0 250 V AC, cos \u03c6 = 1, \u00e0 250 V AC, cos \u03c6 = 0,6<\/td>\n<\/tr>\n<tr>\n<td>Puissance de commutation min.<\/td>\n<td>1 mA<\/td>\n<\/tr>\n<tr>\n<td>Plage de r\u00e9glage de la temp\u00e9rature<\/td>\n<td>2\u00b0C &#8230; 30\u00b0C<\/td>\n<\/tr>\n<tr>\n<td>Plage de r\u00e9glage de la protection contre le gel<\/td>\n<td>2\u00b0C &#8230; 10\u00b0C<\/td>\n<\/tr>\n<tr>\n<td>Base de temps<\/td>\n<td>Quarts<\/td>\n<\/tr>\n<tr>\n<td>Programme<\/td>\n<td>Programme hebdomadaire, programme journalier, programme de vacances, 3 programmes de base<\/td>\n<\/tr>\n<tr>\n<td>Nombre d&#8217;emplacements de m\u00e9moire<\/td>\n<td>42<\/td>\n<\/tr>\n<tr>\n<td>Entr\u00e9es externes<\/td>\n<td>1<\/td>\n<\/tr>\n<tr>\n<td>M\u00e9thodes de contr\u00f4le<\/td>\n<td>Modulation de largeur d&rsquo;impulsion, contr\u00f4leur \u00e0 hyst\u00e9r\u00e9sis<\/td>\n<\/tr>\n<tr>\n<td>P\u00e9riode de contr\u00f4le<\/td>\n<td>5 &#8211; 30 min<\/td>\n<\/tr>\n<tr>\n<td>Plage de contr\u00f4le<\/td>\n<td>\u00b10,2 &#8211; \u00b15 K<\/td>\n<\/tr>\n<tr>\n<td>Pr\u00e9cision du contr\u00f4le<\/td>\n<td>\u2264 \u00b1 0.2 K<\/td>\n<\/tr>\n<tr>\n<td>Fonctionnement<\/td>\n<td>Type 1 B selon EN 60730-1<\/td>\n<\/tr>\n<tr>\n<td>M\u00e9thodes de contr\u00f4le<\/td>\n<td>2 points<\/td>\n<\/tr>\n<tr>\n<td>Sortie de commutation<\/td>\n<td>Sans potentiel, ne convient pas pour SELV<\/td>\n<\/tr>\n<tr>\n<td>Compatible SELV<\/td>\n<td>Oui<\/td>\n<\/tr>\n<tr>\n<td>Hyst\u00e9r\u00e9sis de commutation<\/td>\n<td>\u00b10,2 &#8211; \u00b11 K<\/td>\n<\/tr>\n<tr>\n<td>Pr\u00e9cision du d\u00e9bit \u00e0 25 \u00b0C<\/td>\n<td>\u2264 \u00b1 1 s\/jour (Quarts)<\/td>\n<\/tr>\n<tr>\n<td>R\u00e9serve de marche<\/td>\n<td>Maximum 10 min sans perte de temps<\/td>\n<\/tr>\n<tr>\n<td>Dur\u00e9e de vie de la batterie<\/td>\n<td>environ 1 an, en fonction de la fr\u00e9quence de commutation<\/td>\n<\/tr>\n<tr>\n<td>Type de montage<\/td>\n<td>Fixation murale<\/td>\n<\/tr>\n<tr>\n<td>Degr\u00e9 de protection<\/td>\n<td>IP 40<\/td>\n<\/tr>\n<tr>\n<td>Classe de protection<\/td>\n<td>II selon EN 60 730-1<\/td>\n<\/tr>\n<\/tbody>\n<\/table>\n<\/div>\n","protected":false},"featured_media":2401,"comment_status":"closed","ping_status":"closed","template":"","meta":[],"product_brand":[115],"product_cat":[125],"product_tag":[61],"class_list":{"0":"post-2444","1":"product","2":"type-product","3":"status-publish","4":"has-post-thumbnail","6":"product_brand-theben","7":"product_cat-thermostat","8":"product_tag-theben-fr","10":"first","11":"instock","12":"taxable","13":"shipping-taxable","14":"purchasable","15":"product-type-simple"},"_links":{"self":[{"href":"https:\/\/multi.snelprint.be\/fr\/wp-json\/wp\/v2\/product\/2444","targetHints":{"allow":["GET"]}}],"collection":[{"href":"https:\/\/multi.snelprint.be\/fr\/wp-json\/wp\/v2\/product"}],"about":[{"href":"https:\/\/multi.snelprint.be\/fr\/wp-json\/wp\/v2\/types\/product"}],"replies":[{"embeddable":true,"href":"https:\/\/multi.snelprint.be\/fr\/wp-json\/wp\/v2\/comments?post=2444"}],"wp:featuredmedia":[{"embeddable":true,"href":"https:\/\/multi.snelprint.be\/fr\/wp-json\/wp\/v2\/media\/2401"}],"wp:attachment":[{"href":"https:\/\/multi.snelprint.be\/fr\/wp-json\/wp\/v2\/media?parent=2444"}],"wp:term":[{"taxonomy":"product_brand","embeddable":true,"href":"https:\/\/multi.snelprint.be\/fr\/wp-json\/wp\/v2\/product_brand?post=2444"},{"taxonomy":"product_cat","embeddable":true,"href":"https:\/\/multi.snelprint.be\/fr\/wp-json\/wp\/v2\/product_cat?post=2444"},{"taxonomy":"product_tag","embeddable":true,"href":"https:\/\/multi.snelprint.be\/fr\/wp-json\/wp\/v2\/product_tag?post=2444"}],"curies":[{"name":"wp","href":"https:\/\/api.w.org\/{rel}","templated":true}]}}